{"id":89,"date":"2025-02-26T13:15:25","date_gmt":"2025-02-26T13:15:25","guid":{"rendered":"https:\/\/sanpsy-prod.onlinecreation.pro\/a-propos-de-sanpsy\/"},"modified":"2026-03-05T11:07:59","modified_gmt":"2026-03-05T11:07:59","slug":"a-propos-de-sanpsy","status":"publish","type":"page","link":"https:\/\/sanpsy.u-bordeaux.fr\/fr\/a-propos-de-sanpsy\/","title":{"rendered":"\u00c0 propos de Sanpsy"},"content":{"rendered":"\n<p><br>Cr\u00e9e en 2011, <strong>l\u2019Unit\u00e9 Mixte de Recherche SANPSY (Sommeil, Addiction, Neuropsychiatrie), UMR 6033 CNRS-Universit\u00e9 de Bordeaux<\/strong>, est localis\u00e9e \u00e0 Bordeaux, avec des installations r\u00e9parties sur les sites du Neurocampus, du CHU Pellegrin et du Centre Hospitalier Charles Perrens.<\/p>\n\n\n\n<p>Cette unit\u00e9 de recherche clinique dirig\u00e9e par le Pr. Marc Auriacombe est structur\u00e9e en trois Axes, ayant chacun deux responsables : <strong>l&rsquo;Axe \u00c9veil\/Sommeil <\/strong>(J.A. Micoulaud, J. Taillard), <strong>l&rsquo;Axe Addiction<\/strong> (F. Serre, M. Auriacombe) et <strong>l&rsquo;Axe Num\u00e9rique<\/strong> (F. Pecune, P. Philip).<\/p>\n\n\n\n<p>Nos recherches se concentrent sur le comportement humain, l&rsquo;\u00e9tude des marqueurs biologiques et psychologiques, les m\u00e9canismes physiopathologiques et les facteurs de risque qui en d\u00e9coulent et qui ont un impact sur le fonctionnement quotidien des personnes souffrant de troubles du sommeil, de l&rsquo;attention, d&rsquo;addiction et de troubles neuropsychiatriques.<\/p>\n\n\n\n<p>Parmi ses <strong>Ressources<\/strong>, SANPSY dispose de deux plates-formes, <strong>PRNPP<\/strong> (Plate-forme de Recherche NeuropsychoPharmacologique) et <strong>PARCA<\/strong> (<em>Platform for Addiction Research and Clinical Assessment<\/em>), et du laboratoire commun <strong>MEEGASAFE<\/strong>.<\/p>\n\n\n\n<p>SANPSY a \u00e9galement une activit\u00e9 de <strong>formation<\/strong>, dont vous pourrez retrouver les d\u00e9tails dans la rubrique correspondante de ce site.<\/p>\n\n\n\n<div class=\"wp-block-group is-nowrap is-layout-flex wp-container-core-group-is-layout-1 wp-block-group-is-layout-flex\">\n<figure class=\"wp-block-image size-large\"><img loading=\"lazy\" decoding=\"async\" width=\"1024\" height=\"645\" src=\"https:\/\/sanpsy.u-bordeaux.fr\/wp-content\/uploads\/sites\/28\/2026\/03\/sanpsy-2026-tous-1024x645.jpg\" alt=\"\" class=\"wp-image-1250\" srcset=\"https:\/\/sanpsy.u-bordeaux.fr\/wp-content\/uploads\/sites\/28\/2026\/03\/sanpsy-2026-tous-1024x645.jpg 1024w, https:\/\/sanpsy.u-bordeaux.fr\/wp-content\/uploads\/sites\/28\/2026\/03\/sanpsy-2026-tous-300x189.jpg 300w, https:\/\/sanpsy.u-bordeaux.fr\/wp-content\/uploads\/sites\/28\/2026\/03\/sanpsy-2026-tous-768x483.jpg 768w, https:\/\/sanpsy.u-bordeaux.fr\/wp-content\/uploads\/sites\/28\/2026\/03\/sanpsy-2026-tous-1536x967.jpg 1536w, https:\/\/sanpsy.u-bordeaux.fr\/wp-content\/uploads\/sites\/28\/2026\/03\/sanpsy-2026-tous-2048x1289.jpg 2048w\" sizes=\"auto, (max-width: 1024px) 100vw, 1024px\" \/><\/figure>\n\n\n\n<p>Sanpsy &#8211; mars 2026<\/p>\n<\/div>\n","protected":false},"excerpt":{"rendered":"<p>Cr\u00e9e en 2011, l\u2019Unit\u00e9 Mixte de Recherche SANPSY (Sommeil, Addiction, Neuropsychiatrie), UMR 6033 CNRS-Universit\u00e9 de Bordeaux, est localis\u00e9e \u00e0 Bordeaux, [&hellip;]<\/p>\n","protected":false},"author":1,"featured_media":0,"parent":0,"menu_order":1,"comment_status":"closed","ping_status":"closed","template":"","meta":{"footnotes":""},"class_list":["post-89","page","type-page","status-publish","hentry"],"_links":{"self":[{"href":"https:\/\/sanpsy.u-bordeaux.fr\/fr\/wp-json\/wp\/v2\/pages\/89","targetHints":{"allow":["GET"]}}],"collection":[{"href":"https:\/\/sanpsy.u-bordeaux.fr\/fr\/wp-json\/wp\/v2\/pages"}],"about":[{"href":"https:\/\/sanpsy.u-bordeaux.fr\/fr\/wp-json\/wp\/v2\/types\/page"}],"author":[{"embeddable":true,"href":"https:\/\/sanpsy.u-bordeaux.fr\/fr\/wp-json\/wp\/v2\/users\/1"}],"replies":[{"embeddable":true,"href":"https:\/\/sanpsy.u-bordeaux.fr\/fr\/wp-json\/wp\/v2\/comments?post=89"}],"version-history":[{"count":12,"href":"https:\/\/sanpsy.u-bordeaux.fr\/fr\/wp-json\/wp\/v2\/pages\/89\/revisions"}],"predecessor-version":[{"id":1254,"href":"https:\/\/sanpsy.u-bordeaux.fr\/fr\/wp-json\/wp\/v2\/pages\/89\/revisions\/1254"}],"wp:attachment":[{"href":"https:\/\/sanpsy.u-bordeaux.fr\/fr\/wp-json\/wp\/v2\/media?parent=89"}],"curies":[{"name":"wp","href":"https:\/\/api.w.org\/{rel}","templated":true}]}}