{"id":825,"date":"2025-08-21T16:45:59","date_gmt":"2025-08-21T16:45:59","guid":{"rendered":"https:\/\/sanpsy-prod.onlinecreation.pro\/?page_id=825"},"modified":"2025-10-09T16:13:34","modified_gmt":"2025-10-09T16:13:34","slug":"addictologie-formation-asi-presentiel","status":"publish","type":"page","link":"https:\/\/sanpsy.u-bordeaux.fr\/fr\/formation\/addictologie\/laddiction-severity-index\/addictologie-formation-asi-presentiel\/","title":{"rendered":"Addictologie &#8211; formation ASI pr\u00e9sentiel"},"content":{"rendered":"\n<p><strong>Nous organisons r\u00e9guli\u00e8rement des formations \u00e0 la demande : contactez-nous au 05 56 56 17 38 et\/ou sur jean-marc.alexandre@u-bordeaux.fr pour plus d&rsquo;informations<\/strong><\/p>\n\n\n\n<p>\u21b5 <a href=\"https:\/\/sanpsy.u-bordeaux.fr\/fr\/formation\/addictologie\/laddiction-severity-index\/\" data-type=\"page\" data-id=\"709\">Revenir \u00e0 la page pr\u00e9c\u00e9dente<\/a><\/p>\n\n\n\n<p><\/p>\n","protected":false},"excerpt":{"rendered":"<p>Nous organisons r\u00e9guli\u00e8rement des formations \u00e0 la demande : contactez-nous au 05 56 56 17 38 et\/ou sur jean-marc.alexandre@u-bordeaux.fr pour [&hellip;]<\/p>\n","protected":false},"author":7,"featured_media":0,"parent":709,"menu_order":0,"comment_status":"closed","ping_status":"closed","template":"","meta":{"footnotes":""},"class_list":["post-825","page","type-page","status-publish","hentry"],"_links":{"self":[{"href":"https:\/\/sanpsy.u-bordeaux.fr\/fr\/wp-json\/wp\/v2\/pages\/825","targetHints":{"allow":["GET"]}}],"collection":[{"href":"https:\/\/sanpsy.u-bordeaux.fr\/fr\/wp-json\/wp\/v2\/pages"}],"about":[{"href":"https:\/\/sanpsy.u-bordeaux.fr\/fr\/wp-json\/wp\/v2\/types\/page"}],"author":[{"embeddable":true,"href":"https:\/\/sanpsy.u-bordeaux.fr\/fr\/wp-json\/wp\/v2\/users\/7"}],"replies":[{"embeddable":true,"href":"https:\/\/sanpsy.u-bordeaux.fr\/fr\/wp-json\/wp\/v2\/comments?post=825"}],"version-history":[{"count":5,"href":"https:\/\/sanpsy.u-bordeaux.fr\/fr\/wp-json\/wp\/v2\/pages\/825\/revisions"}],"predecessor-version":[{"id":940,"href":"https:\/\/sanpsy.u-bordeaux.fr\/fr\/wp-json\/wp\/v2\/pages\/825\/revisions\/940"}],"up":[{"embeddable":true,"href":"https:\/\/sanpsy.u-bordeaux.fr\/fr\/wp-json\/wp\/v2\/pages\/709"}],"wp:attachment":[{"href":"https:\/\/sanpsy.u-bordeaux.fr\/fr\/wp-json\/wp\/v2\/media?parent=825"}],"curies":[{"name":"wp","href":"https:\/\/api.w.org\/{rel}","templated":true}]}}