{"id":81,"date":"2025-02-26T13:15:25","date_gmt":"2025-02-26T13:15:25","guid":{"rendered":"https:\/\/sanpsy-prod.onlinecreation.pro\/sitemap\/"},"modified":"2025-06-23T13:12:18","modified_gmt":"2025-06-23T13:12:18","slug":"sitemap","status":"publish","type":"page","link":"https:\/\/sanpsy.u-bordeaux.fr\/fr\/sitemap\/","title":{"rendered":"Sitemap"},"content":{"rendered":"<ul class=\"wp-block-page-list\"><li class=\"wp-block-pages-list__item menu-item-home\"><a class=\"wp-block-pages-list__item__link\" href=\"https:\/\/sanpsy.u-bordeaux.fr\/fr\/\">Accueil<\/a><\/li><li class=\"wp-block-pages-list__item\"><a class=\"wp-block-pages-list__item__link\" href=\"https:\/\/sanpsy.u-bordeaux.fr\/fr\/addictaqui\/\">ADDICTAQUI<\/a><\/li><li class=\"wp-block-pages-list__item\"><a class=\"wp-block-pages-list__item__link\" href=\"https:\/\/sanpsy.u-bordeaux.fr\/fr\/recrutement\/\">Recrutement<\/a><\/li><li class=\"wp-block-pages-list__item\"><a class=\"wp-block-pages-list__item__link\" href=\"https:\/\/sanpsy.u-bordeaux.fr\/fr\/sommeil\/\">Sommeil<\/a><\/li><li class=\"wp-block-pages-list__item has-child\"><a class=\"wp-block-pages-list__item__link\" href=\"https:\/\/sanpsy.u-bordeaux.fr\/fr\/a-propos-de-sanpsy\/\">\u00c0 propos de Sanpsy<\/a><ul class=\"wp-block-navigation__submenu-container\"><li class=\"wp-block-pages-list__item has-child \"><a class=\"wp-block-pages-list__item__link\" href=\"https:\/\/sanpsy.u-bordeaux.fr\/fr\/a-propos-de-sanpsy\/participez-a-une-etude\/\">Participez \u00e0 une \u00e9tude<\/a><ul class=\"wp-block-navigation__submenu-container\"><li class=\"wp-block-pages-list__item \"><a class=\"wp-block-pages-list__item__link\" href=\"https:\/\/sanpsy.u-bordeaux.fr\/fr\/a-propos-de-sanpsy\/participez-a-une-etude\/etude-sur-le-sommeil\/\">Etude sur le sommeil<\/a><\/li><li class=\"wp-block-pages-list__item \"><a class=\"wp-block-pages-list__item__link\" href=\"https:\/\/sanpsy.u-bordeaux.fr\/fr\/a-propos-de-sanpsy\/participez-a-une-etude\/etudes-ema-criba-bioema-protect\/\">Etudes sur l&rsquo;addiction : \u00e9tudes EMA (CRIBA \/ BIOEMA \/ PROTECT)<\/a><\/li><\/ul><\/li><\/ul><\/li><li class=\"wp-block-pages-list__item has-child\"><a class=\"wp-block-pages-list__item__link\" href=\"https:\/\/sanpsy.u-bordeaux.fr\/fr\/equipe\/\">\u00c9quipe<\/a><ul class=\"wp-block-navigation__submenu-container\"><li class=\"wp-block-pages-list__item \"><a class=\"wp-block-pages-list__item__link\" href=\"https:\/\/sanpsy.u-bordeaux.fr\/fr\/equipe\/axe-addiction\/\">Axe Addiction<\/a><\/li><li class=\"wp-block-pages-list__item \"><a class=\"wp-block-pages-list__item__link\" href=\"https:\/\/sanpsy.u-bordeaux.fr\/fr\/equipe\/axe-sommeil\/\">Axe \u00c9veil\/Sommeil<\/a><\/li><li class=\"wp-block-pages-list__item \"><a class=\"wp-block-pages-list__item__link\" href=\"https:\/\/sanpsy.u-bordeaux.fr\/fr\/equipe\/axe-numerique\/\">Axe Num\u00e9rique<\/a><\/li><\/ul><\/li><li class=\"wp-block-pages-list__item has-child\"><a class=\"wp-block-pages-list__item__link\" href=\"https:\/\/sanpsy.u-bordeaux.fr\/fr\/projets\/\">Projets<\/a><ul class=\"wp-block-navigation__submenu-container\"><li class=\"wp-block-pages-list__item has-child \"><a class=\"wp-block-pages-list__item__link\" href=\"https:\/\/sanpsy.u-bordeaux.fr\/fr\/projets\/criba\/\">CRIBA<\/a><ul class=\"wp-block-navigation__submenu-container\"><li class=\"wp-block-pages-list__item \"><a class=\"wp-block-pages-list__item__link\" href=\"https:\/\/sanpsy.u-bordeaux.fr\/fr\/projets\/criba\/portail-dinformation-de-letude-criba\/\">Portail d&rsquo;information de l&rsquo;\u00e9tude CRIBA<\/a><\/li><\/ul><\/li><\/ul><\/li><li class=\"wp-block-pages-list__item\"><a class=\"wp-block-pages-list__item__link\" href=\"https:\/\/sanpsy.u-bordeaux.fr\/fr\/actualites\/\">Actualit\u00e9s<\/a><\/li><li class=\"wp-block-pages-list__item has-child\"><a class=\"wp-block-pages-list__item__link\" href=\"https:\/\/sanpsy.u-bordeaux.fr\/fr\/ressources\/\">Plateformes<\/a><ul class=\"wp-block-navigation__submenu-container\"><li class=\"wp-block-pages-list__item \"><a class=\"wp-block-pages-list__item__link\" href=\"https:\/\/sanpsy.u-bordeaux.fr\/fr\/ressources\/kanopee\/\">Kanop\u00e9e<\/a><\/li><li class=\"wp-block-pages-list__item \"><a class=\"wp-block-pages-list__item__link\" href=\"https:\/\/sanpsy.u-bordeaux.fr\/fr\/ressources\/meegasafe\/\">MEEGASAFE<\/a><\/li><li class=\"wp-block-pages-list__item \"><a class=\"wp-block-pages-list__item__link\" href=\"https:\/\/sanpsy.u-bordeaux.fr\/fr\/ressources\/parca\/\">PARCA<\/a><\/li><li class=\"wp-block-pages-list__item \"><a class=\"wp-block-pages-list__item__link\" href=\"https:\/\/sanpsy.u-bordeaux.fr\/fr\/ressources\/prnpp\/\">PRNPP<\/a><\/li><\/ul><\/li><li class=\"wp-block-pages-list__item has-child\"><a class=\"wp-block-pages-list__item__link\" href=\"https:\/\/sanpsy.u-bordeaux.fr\/fr\/formation\/\">Formation<\/a><ul class=\"wp-block-navigation__submenu-container\"><li class=\"wp-block-pages-list__item has-child \"><a class=\"wp-block-pages-list__item__link\" href=\"https:\/\/sanpsy.u-bordeaux.fr\/fr\/formation\/addictologie\/\">Addictologie<\/a><ul class=\"wp-block-navigation__submenu-container\"><li class=\"wp-block-pages-list__item \"><a class=\"wp-block-pages-list__item__link\" href=\"https:\/\/sanpsy.u-bordeaux.fr\/fr\/formation\/addictologie\/cest-quoi-une-addiction\/\">C&rsquo;est quoi une addiction ?<\/a><\/li><li class=\"wp-block-pages-list__item \"><a class=\"wp-block-pages-list__item__link\" href=\"https:\/\/sanpsy.u-bordeaux.fr\/fr\/formation\/addictologie\/colloques-atnoa\/\">Colloques ATNoA<\/a><\/li><li class=\"wp-block-pages-list__item has-child \"><a class=\"wp-block-pages-list__item__link\" href=\"https:\/\/sanpsy.u-bordeaux.fr\/fr\/formation\/addictologie\/enseignements-et-formations-informations\/\">Enseignements et formations: informations<\/a><ul class=\"wp-block-navigation__submenu-container\"><li class=\"wp-block-pages-list__item has-child \"><a class=\"wp-block-pages-list__item__link\" href=\"https:\/\/sanpsy.u-bordeaux.fr\/fr\/formation\/addictologie\/enseignements-et-formations-informations\/approfondir-vos-connaissances-en-addictologie\/\">Approfondir vos connaissances en addictologie<\/a><ul class=\"wp-block-navigation__submenu-container\"><li class=\"wp-block-pages-list__item \"><a class=\"wp-block-pages-list__item__link\" href=\"https:\/\/sanpsy.u-bordeaux.fr\/fr\/formation\/addictologie\/enseignements-et-formations-informations\/approfondir-vos-connaissances-en-addictologie\/atelier-craving\/\">Atelier craving<\/a><\/li><\/ul><\/li><li class=\"wp-block-pages-list__item \"><a class=\"wp-block-pages-list__item__link\" href=\"https:\/\/sanpsy.u-bordeaux.fr\/fr\/formation\/addictologie\/enseignements-et-formations-informations\/capacite-daddictologie-clinique\/\">Capacit\u00e9 d&rsquo;addictologie clinique<\/a><\/li><li class=\"wp-block-pages-list__item \"><a class=\"wp-block-pages-list__item__link\" href=\"https:\/\/sanpsy.u-bordeaux.fr\/fr\/formation\/addictologie\/enseignements-et-formations-informations\/diplome-duniversite-du-daddictologie-avec-et-sans-substance\/\">Dipl\u00f4me d\u2019Universit\u00e9 (DU) d\u2019Addictologie avec et sans substance<\/a><\/li><li class=\"wp-block-pages-list__item \"><a class=\"wp-block-pages-list__item__link\" href=\"https:\/\/sanpsy.u-bordeaux.fr\/fr\/formation\/addictologie\/enseignements-et-formations-informations\/enseignement-libre\/\">Enseignement libre<\/a><\/li><li class=\"wp-block-pages-list__item has-child \"><a class=\"wp-block-pages-list__item__link\" href=\"https:\/\/sanpsy.u-bordeaux.fr\/fr\/formation\/addictologie\/enseignements-et-formations-informations\/formation-specialisee-transversale-fst-daddictologie\/\">Formation Sp\u00e9cialis\u00e9e Transversale (FST) d&rsquo;Addictologie<\/a><ul class=\"wp-block-navigation__submenu-container\"><li class=\"wp-block-pages-list__item \"><a class=\"wp-block-pages-list__item__link\" href=\"https:\/\/sanpsy.u-bordeaux.fr\/fr\/formation\/addictologie\/enseignements-et-formations-informations\/formation-specialisee-transversale-fst-daddictologie\/programme-fst-daddictologie\/\">Programme FST d&rsquo;Addictologie<\/a><\/li><\/ul><\/li><\/ul><\/li><li class=\"wp-block-pages-list__item \"><a class=\"wp-block-pages-list__item__link\" href=\"https:\/\/sanpsy.u-bordeaux.fr\/fr\/formation\/addictologie\/information-cest-quoi-une-addiction\/\">Information : c&rsquo;est quoi une addiction ?<\/a><\/li><li class=\"wp-block-pages-list__item has-child \"><a class=\"wp-block-pages-list__item__link\" href=\"https:\/\/sanpsy.u-bordeaux.fr\/fr\/formation\/addictologie\/laddiction-severity-index\/\">L&rsquo;Addiction Severity Index<\/a><ul class=\"wp-block-navigation__submenu-container\"><li class=\"wp-block-pages-list__item \"><a class=\"wp-block-pages-list__item__link\" href=\"https:\/\/sanpsy.u-bordeaux.fr\/fr\/formation\/addictologie\/laddiction-severity-index\/addictologie-formation-asi-presentiel\/\">Addictologie &#8211; formation ASI pr\u00e9sentiel<\/a><\/li><li class=\"wp-block-pages-list__item \"><a class=\"wp-block-pages-list__item__link\" href=\"https:\/\/sanpsy.u-bordeaux.fr\/fr\/formation\/addictologie\/laddiction-severity-index\/sauto-former-a-laddiction-severity-index\/\">S&rsquo;auto-former \u00e0 l&rsquo;Addiction Severity Index<\/a><\/li><\/ul><\/li><li class=\"wp-block-pages-list__item has-child \"><a class=\"wp-block-pages-list__item__link\" href=\"https:\/\/sanpsy.u-bordeaux.fr\/fr\/formation\/addictologie\/rcp-douleur-addiction-aquitaine\/\">RCP Douleur Addiction Aquitaine<\/a><ul class=\"wp-block-navigation__submenu-container\"><li class=\"wp-block-pages-list__item \"><a class=\"wp-block-pages-list__item__link\" href=\"https:\/\/sanpsy.u-bordeaux.fr\/fr\/formation\/addictologie\/rcp-douleur-addiction-aquitaine\/rcp-douleur-addiction-aquitaine-page-privee\/\">RCP Douleur Addiction Aquitaine (page priv\u00e9e)<\/a><\/li><\/ul><\/li><li class=\"wp-block-pages-list__item has-child \"><a class=\"wp-block-pages-list__item__link\" href=\"https:\/\/sanpsy.u-bordeaux.fr\/fr\/formation\/addictologie\/rida\/\">RIDA<\/a><ul class=\"wp-block-navigation__submenu-container\"><li class=\"wp-block-pages-list__item \"><a class=\"wp-block-pages-list__item__link\" href=\"https:\/\/sanpsy.u-bordeaux.fr\/fr\/formation\/addictologie\/rida\/rida-programme-2021\/\">RIDA &#8211; Programme 2021<\/a><\/li><li class=\"wp-block-pages-list__item \"><a class=\"wp-block-pages-list__item__link\" href=\"https:\/\/sanpsy.u-bordeaux.fr\/fr\/formation\/addictologie\/rida\/rida-programme-2022-2023\/\">RIDA &#8211; Programme 2022-2023<\/a><\/li><li class=\"wp-block-pages-list__item \"><a class=\"wp-block-pages-list__item__link\" href=\"https:\/\/sanpsy.u-bordeaux.fr\/fr\/formation\/addictologie\/rida\/rida-programme-2023-2024\/\">RIDA &#8211; Programme 2023-2024<\/a><\/li><li class=\"wp-block-pages-list__item \"><a class=\"wp-block-pages-list__item__link\" href=\"https:\/\/sanpsy.u-bordeaux.fr\/fr\/formation\/addictologie\/rida\/rida-programme-2024-2025\/\">RIDA &#8211; Programme 2024-2025<\/a><\/li><li class=\"wp-block-pages-list__item \"><a class=\"wp-block-pages-list__item__link\" href=\"https:\/\/sanpsy.u-bordeaux.fr\/fr\/formation\/addictologie\/rida\/rida-programme-2026\/\">RIDA \u2013 Programme 2026<\/a><\/li><\/ul><\/li><li class=\"wp-block-pages-list__item \"><a class=\"wp-block-pages-list__item__link\" href=\"https:\/\/sanpsy.u-bordeaux.fr\/fr\/formation\/addictologie\/stages-en-addictologie\/\">Stages en Addictologie<\/a><\/li><\/ul><\/li><li class=\"wp-block-pages-list__item has-child \"><a class=\"wp-block-pages-list__item__link\" href=\"https:\/\/sanpsy.u-bordeaux.fr\/fr\/formation\/psychiatrie-enseignements-et-formations\/\">Psychiatrie : Enseignements et formations<\/a><ul class=\"wp-block-navigation__submenu-container\"><li class=\"wp-block-pages-list__item \"><a class=\"wp-block-pages-list__item__link\" href=\"https:\/\/sanpsy.u-bordeaux.fr\/fr\/formation\/psychiatrie-enseignements-et-formations\/diplome-duniversite-de-psychiatrie-diagnostics-et-soins-de-premiere-intention\/\">Dipl\u00f4me d&rsquo;Universit\u00e9 de Psychiatrie : diagnostics et soins de premi\u00e8re intention<\/a><\/li><li class=\"wp-block-pages-list__item \"><a class=\"wp-block-pages-list__item__link\" href=\"https:\/\/sanpsy.u-bordeaux.fr\/fr\/formation\/psychiatrie-enseignements-et-formations\/diu-philosophie-et-epistemologie-de-la-psychiatrie\/\">DIU Philosophie et Epistemologie de la psychiatrie<\/a><\/li><li class=\"wp-block-pages-list__item \"><a class=\"wp-block-pages-list__item__link\" href=\"https:\/\/sanpsy.u-bordeaux.fr\/fr\/formation\/psychiatrie-enseignements-et-formations\/diu-pratique-et-theorie-de-lelectroconvulsivotherapie-et-de-la-stimulation-magnetique-transcranienne\/\">DIU pratique et th\u00e9orie de l&rsquo;\u00e9lectroconvulsivoth\u00e9rapie et de la stimulation magn\u00e9tique transcr\u00e2nienne<\/a><\/li><\/ul><\/li><\/ul><\/li><li class=\"wp-block-pages-list__item\"><a class=\"wp-block-pages-list__item__link\" href=\"https:\/\/sanpsy.u-bordeaux.fr\/fr\/contactez-nous\/\">Contactez-nous<\/a><\/li><li class=\"wp-block-pages-list__item\"><a class=\"wp-block-pages-list__item__link\" href=\"https:\/\/sanpsy.u-bordeaux.fr\/fr\/mentions-legales\/\">Mentions l\u00e9gales<\/a><\/li><li class=\"wp-block-pages-list__item\"><a class=\"wp-block-pages-list__item__link\" href=\"https:\/\/sanpsy.u-bordeaux.fr\/fr\/sitemap\/\">Sitemap<\/a><\/li><li class=\"wp-block-pages-list__item\"><a class=\"wp-block-pages-list__item__link\" href=\"https:\/\/sanpsy.u-bordeaux.fr\/fr\/politique-de-confidentialite\/\">Politique de confidentialit\u00e9<\/a><\/li><li class=\"wp-block-pages-list__item\"><a class=\"wp-block-pages-list__item__link\" href=\"https:\/\/sanpsy.u-bordeaux.fr\/fr\/intranet\/\">Intranet<\/a><\/li><li class=\"wp-block-pages-list__item\"><a class=\"wp-block-pages-list__item__link\" href=\"https:\/\/sanpsy.u-bordeaux.fr\/fr\/signaler-une-anomalie\/\">Signaler une anomalie<\/a><\/li><\/ul>\n<ul class=\"wp-block-list\">\n<li><a href=\"https:\/\/sanpsy.u-bordeaux.fr\/fr\/events\/\">Ev\u00e9nements<\/a><\/li>\n\n\n\n<li><a href=\"https:\/\/sanpsy.u-bordeaux.fr\/fr\/directory\/\">Annuaire<\/a><\/li>\n\n\n\n<li><a href=\"https:\/\/sanpsy.u-bordeaux.fr\/fr\/teams\/\">\u00c9quipes<\/a><\/li>\n\n\n\n<li><a href=\"https:\/\/sanpsy.u-bordeaux.fr\/fr\/articles\/\">Publications<\/a><\/li>\n<\/ul>\n","protected":false},"excerpt":{"rendered":"","protected":false},"author":1,"featured_media":0,"parent":0,"menu_order":13,"comment_status":"closed","ping_status":"closed","template":"","meta":{"footnotes":""},"class_list":["post-81","page","type-page","status-publish","hentry"],"_links":{"self":[{"href":"https:\/\/sanpsy.u-bordeaux.fr\/fr\/wp-json\/wp\/v2\/pages\/81","targetHints":{"allow":["GET"]}}],"collection":[{"href":"https:\/\/sanpsy.u-bordeaux.fr\/fr\/wp-json\/wp\/v2\/pages"}],"about":[{"href":"https:\/\/sanpsy.u-bordeaux.fr\/fr\/wp-json\/wp\/v2\/types\/page"}],"author":[{"embeddable":true,"href":"https:\/\/sanpsy.u-bordeaux.fr\/fr\/wp-json\/wp\/v2\/users\/1"}],"replies":[{"embeddable":true,"href":"https:\/\/sanpsy.u-bordeaux.fr\/fr\/wp-json\/wp\/v2\/comments?post=81"}],"version-history":[{"count":2,"href":"https:\/\/sanpsy.u-bordeaux.fr\/fr\/wp-json\/wp\/v2\/pages\/81\/revisions"}],"predecessor-version":[{"id":94,"href":"https:\/\/sanpsy.u-bordeaux.fr\/fr\/wp-json\/wp\/v2\/pages\/81\/revisions\/94"}],"wp:attachment":[{"href":"https:\/\/sanpsy.u-bordeaux.fr\/fr\/wp-json\/wp\/v2\/media?parent=81"}],"curies":[{"name":"wp","href":"https:\/\/api.w.org\/{rel}","templated":true}]}}