{"id":77,"date":"2025-02-26T13:15:24","date_gmt":"2025-02-26T13:15:24","guid":{"rendered":"https:\/\/sanpsy-prod.onlinecreation.pro\/accueil\/"},"modified":"2025-08-29T14:06:07","modified_gmt":"2025-08-29T14:06:07","slug":"accueil","status":"publish","type":"page","link":"https:\/\/sanpsy.u-bordeaux.fr\/fr\/","title":{"rendered":"Accueil"},"content":{"rendered":"<div class=\"n2_clear\"><ss3-force-full-width data-overflow-x=\"body\" data-horizontal-selector=\"body\"><div class=\"n2-section-smartslider fitvidsignore  n2_clear\" data-ssid=\"2\" tabindex=\"0\" role=\"region\" aria-label=\"Slider\"><div id=\"n2-ss-2-align\" class=\"n2-ss-align\"><div class=\"n2-padding\"><div id=\"n2-ss-2\" data-creator=\"Smart Slider 3\" data-responsive=\"fullwidth\" class=\"n2-ss-slider n2-ow n2-has-hover n2notransition  \"><div class=\"n2-ss-slider-wrapper-inside\">\n        <div class=\"n2-ss-slider-1 n2_ss__touch_element n2-ow\">\n            <div class=\"n2-ss-slider-2 n2-ow\">\n                                                <div class=\"n2-ss-slider-3 n2-ow\">\n\n                    <div class=\"n2-ss-slide-backgrounds n2-ow-all\"><div class=\"n2-ss-slide-background\" data-public-id=\"1\" data-mode=\"fill\"><div class=\"n2-ss-slide-background-image\" data-blur=\"0\" data-opacity=\"100\" data-x=\"50\" data-y=\"50\" data-alt=\"\" data-title=\"\"><picture class=\"skip-lazy\" data-skip-lazy=\"1\"><img decoding=\"async\" src=\"https:\/\/cdn-buni.onlc.eu\/wp-content\/uploads\/sites\/28\/2026\/01\/kanopee-bandeau2.jpg\" alt=\"\" title=\"\" loading=\"lazy\" class=\"skip-lazy\" data-skip-lazy=\"1\"><\/picture><\/div><div data-color=\"RGBA(255,255,255,0)\" style=\"background-color: RGBA(255,255,255,0);\" class=\"n2-ss-slide-background-color\"><\/div><\/div><div class=\"n2-ss-slide-background\" data-public-id=\"2\" data-mode=\"fill\" aria-hidden=\"true\"><div class=\"n2-ss-slide-background-image\" data-blur=\"0\" data-opacity=\"100\" data-x=\"50\" data-y=\"50\" data-alt=\"\" data-title=\"\"><picture class=\"skip-lazy\" data-skip-lazy=\"1\"><img decoding=\"async\" src=\"\/\/sanpsy.u-bordeaux.fr\/wp-content\/uploads\/sites\/28\/2025\/07\/bandeau-sanpsy-etude.jpg\" alt=\"\" title=\"\" loading=\"lazy\" class=\"skip-lazy\" data-skip-lazy=\"1\"><\/picture><\/div><div data-color=\"RGBA(255,255,255,0)\" style=\"background-color: RGBA(255,255,255,0);\" class=\"n2-ss-slide-background-color\"><\/div><\/div><\/div>                    <div class=\"n2-ss-slider-4 n2-ow\">\n                        <svg xmlns=\"http:\/\/www.w3.org\/2000\/svg\" viewBox=\"0 0 1920 480\" data-related-device=\"desktopPortrait\" class=\"n2-ow n2-ss-preserve-size n2-ss-preserve-size--slider n2-ss-slide-limiter\"><\/svg><div data-first=\"1\" data-slide-duration=\"0\" data-id=\"5\" data-slide-public-id=\"1\" data-title=\"sanpsy-bandeau-kanopee\" data-haslink=\"1\" data-href=\"..\/fr\/ressources\/kanopee\/\" tabindex=\"0\" role=\"button\" data-n2click=\"url\" data-force-pointer=\"\" class=\"n2-ss-slide n2-ow  n2-ss-slide-5\"><div role=\"note\" class=\"n2-ss-slide--focus\">sanpsy-bandeau-kanopee<\/div><div class=\"n2-ss-layers-container n2-ss-slide-limiter n2-ow\"><div class=\"n2-ss-layer n2-ow n-uc-ubzLR5QhAeT1\" data-sstype=\"slide\" data-pm=\"default\"><\/div><\/div><\/div><div data-slide-duration=\"0\" data-id=\"6\" data-slide-public-id=\"2\" aria-hidden=\"true\" data-title=\"bandeau-sanpsy-etude\" data-haslink=\"1\" data-href=\"https:\/\/sanpsy-prod.onlinecreation.pro\/fr\/a-propos-de-sanpsy\/participez-a-une-etude\/\" tabindex=\"0\" role=\"button\" data-n2click=\"url\" data-force-pointer=\"\" class=\"n2-ss-slide n2-ow  n2-ss-slide-6\"><div role=\"note\" class=\"n2-ss-slide--focus\">bandeau-sanpsy-etude<\/div><div class=\"n2-ss-layers-container n2-ss-slide-limiter n2-ow\"><div class=\"n2-ss-layer n2-ow n-uc-ZrMgxdNiQuxb\" data-sstype=\"slide\" data-pm=\"default\"><\/div><\/div><\/div>                    <\/div>\n\n                                    <\/div>\n            <\/div>\n        <\/div>\n        <div class=\"n2-ss-slider-controls n2-ss-slider-controls-absolute-left-center\"><div style=\"--widget-offset:15px;\" class=\"n2-ss-widget nextend-arrow n2-ow-all nextend-arrow-previous  nextend-arrow-animated-fade\" data-hide-mobileportrait=\"1\" id=\"n2-ss-2-arrow-previous\" role=\"button\" aria-label=\"previous arrow\" tabindex=\"0\"><img loading=\"lazy\" decoding=\"async\" width=\"32\" height=\"32\" class=\"skip-lazy\" data-skip-lazy=\"1\" src=\"data:image\/svg+xml;base64,PHN2ZyB3aWR0aD0iMzIiIGhlaWdodD0iMzIiIHZpZXdCb3g9IjAgMCAzMiAzMiIgeG1sbnM9Imh0dHA6Ly93d3cudzMub3JnLzIwMDAvc3ZnIj4KICAgIDxwYXRoIGQ9Ik0xMS40MzMgMTUuOTkyTDIyLjY5IDUuNzEyYy4zOTMtLjM5LjM5My0xLjAzIDAtMS40Mi0uMzkzLS4zOS0xLjAzLS4zOS0xLjQyMyAwbC0xMS45OCAxMC45NGMtLjIxLjIxLS4zLjQ5LS4yODUuNzYtLjAxNS4yOC4wNzUuNTYuMjg0Ljc3bDExLjk4IDEwLjk0Yy4zOTMuMzkgMS4wMy4zOSAxLjQyNCAwIC4zOTMtLjQuMzkzLTEuMDMgMC0xLjQybC0xMS4yNTctMTAuMjkiCiAgICAgICAgICBmaWxsPSIjZmZmZmZmIiBvcGFjaXR5PSIwLjgiIGZpbGwtcnVsZT0iZXZlbm9kZCIvPgo8L3N2Zz4=\" alt=\"previous arrow\"><\/div><\/div><div class=\"n2-ss-slider-controls n2-ss-slider-controls-absolute-right-center\"><div style=\"--widget-offset:15px;\" class=\"n2-ss-widget nextend-arrow n2-ow-all nextend-arrow-next  nextend-arrow-animated-fade\" data-hide-mobileportrait=\"1\" id=\"n2-ss-2-arrow-next\" role=\"button\" aria-label=\"next arrow\" tabindex=\"0\"><img loading=\"lazy\" decoding=\"async\" width=\"32\" height=\"32\" class=\"skip-lazy\" data-skip-lazy=\"1\" src=\"data:image\/svg+xml;base64,PHN2ZyB3aWR0aD0iMzIiIGhlaWdodD0iMzIiIHZpZXdCb3g9IjAgMCAzMiAzMiIgeG1sbnM9Imh0dHA6Ly93d3cudzMub3JnLzIwMDAvc3ZnIj4KICAgIDxwYXRoIGQ9Ik0xMC43MjIgNC4yOTNjLS4zOTQtLjM5LTEuMDMyLS4zOS0xLjQyNyAwLS4zOTMuMzktLjM5MyAxLjAzIDAgMS40MmwxMS4yODMgMTAuMjgtMTEuMjgzIDEwLjI5Yy0uMzkzLjM5LS4zOTMgMS4wMiAwIDEuNDIuMzk1LjM5IDEuMDMzLjM5IDEuNDI3IDBsMTIuMDA3LTEwLjk0Yy4yMS0uMjEuMy0uNDkuMjg0LS43Ny4wMTQtLjI3LS4wNzYtLjU1LS4yODYtLjc2TDEwLjcyIDQuMjkzeiIKICAgICAgICAgIGZpbGw9IiNmZmZmZmYiIG9wYWNpdHk9IjAuOCIgZmlsbC1ydWxlPSJldmVub2RkIi8+Cjwvc3ZnPg==\" alt=\"next arrow\"><\/div><\/div><\/div><\/div><ss3-loader><\/ss3-loader><\/div><\/div><div class=\"n2_clear\"><\/div><\/div><\/ss3-force-full-width><\/div>\n\n\n<div style=\"height:60px\" aria-hidden=\"true\" class=\"wp-block-spacer\"><\/div>\n\n\n\n<div class=\"wp-block-group soft-separator\"><div class=\"wp-block-group__inner-container is-layout-constrained wp-block-group-is-layout-constrained\">\n<div class=\"wp-block-group container-xxl\"><div class=\"wp-block-group__inner-container is-layout-constrained wp-block-group-is-layout-constrained\">\n<div class=\"wp-block-columns is-layout-flex wp-container-core-columns-is-layout-1 wp-block-columns-is-layout-flex\">\n<div class=\"wp-block-column px-3 is-layout-flow wp-block-column-is-layout-flow\" style=\"flex-basis:100%\">\n<h3 class=\"wp-block-heading text-primary\">En quelques mots<\/h3>\n\n\n\n<p class=\"has-text-align-left\">Cr\u00e9e en 2011, l&rsquo;Unit\u00e9 Mixte de Recherche SANPSY (Sommeil, Addiction, Neuropsychiatrie), UMR 6033 CNRS-Universit\u00e9 de Bordeaux, est dirig\u00e9e par le Pr. Marc Auriacombe. Cette unit\u00e9 de recherche clinique s&rsquo;int\u00e9resse principalement au sommeil, \u00e0 l&rsquo;addiction et aux maladies neuropsychiatriques. SANPSY dispose d&rsquo;installations \u00e0 Bordeaux, r\u00e9parties sur les sites du Neurocampus, du CHU Pellegrin et du Centre Hospitalier Charles Perrens.<\/p>\n\n\n\n<p><\/p>\n<\/div>\n\n\n\n<div class=\"wp-block-column px-3 is-layout-flow wp-block-column-is-layout-flow\" style=\"flex-basis:100%\">\n<h3 class=\"wp-block-heading text-primary\">Derni\u00e8res publications <\/h3>\n\n\n<p data-date=\"01775001600\"><p>\n                <a class=\"text-body\" href=\"https:\/\/doi.org\/10.1016\/j.gerinurse.2026.103855\" title=\"Transcultural adaptation of a French version the quality of life in late-stage dementia (QUALID) scale for older adults with severe cognitive impairment: A preliminary study and research perspectives.\" target=\"_blank\">\n                    <strong><em>Transcultural adaptation of a French version the quality of life in late-stage dementia (QUALID) scale for older adults with severe cognitive impairment: A preliminary study and research perspectives.<\/em><\/strong><br\/>\n                    <span class=\"infosPub\">\n                        <strong class=\"author-sanpsy\">Alex Chanteclair<\/strong>, Claire Corbineau, Chlo\u00e9 Etchegoyen, Romain Fossaert, <strong class=\"author-sanpsy\">Julien Coelho<\/strong>, Claire Roubaud-Baudron, Sophie Lloyd<br\/>\n                        <em>Geriatric Nursing<\/em>. \n                        2026-04-01\n                    <\/span>\n                    <br\/>10.1016\/j.gerinurse.2026.103855\n                <\/a>\n            <\/p><\/p><p data-date=\"01775001600\"><p>\n                <a class=\"text-body\" href=\"https:\/\/doi.org\/10.1016\/j.amp.2026.03.015\" title=\"CARES&nbsp;: un programme d&rsquo;entra&icirc;nement aux habilet&eacute;s &agrave; la relation amoureuse et d&rsquo;&eacute;ducation en sant&eacute; sexuelle int&eacute;gr&eacute; aux soins de r&eacute;habilitation psychosociale\" target=\"_blank\">\n                    <strong><em>CARES\u00a0: un programme d\u2019entra\u00eenement aux habilet\u00e9s \u00e0 la relation amoureuse et d\u2019\u00e9ducation en sant\u00e9 sexuelle int\u00e9gr\u00e9 aux soins de r\u00e9habilitation psychosociale<\/em><\/strong><br\/>\n                    <span class=\"infosPub\">\n                        Aude Sibert, Pauline Le Neir, Jean Maxime Cobac, C\u00e9cile Faverolle, <strong class=\"imn-author\">Cl\u00e9lia Quiles<\/strong><br\/>\n                        <em>Annales M\u00e9dico-psychologiques, revue psychiatrique<\/em>. \n                        2026-04-01\n                    <\/span>\n                    <br\/>10.1016\/j.amp.2026.03.015\n                <\/a>\n            <\/p><\/p><p data-date=\"01773360000\"><p>\n                <a class=\"text-body\" href=\"https:\/\/doi.org\/10.1111\/jsr.70327\" title=\"Investigation of the &ldquo;Not Better Explained&rdquo; Diagnosis Criteria in Sleep Disorder Classifications: A Systematic Content Analysis and Critical Review\" target=\"_blank\">\n                    <strong><em>Investigation of the \u201cNot Better Explained\u201d Diagnosis Criteria in Sleep Disorder Classifications: A Systematic Content Analysis and Critical Review<\/em><\/strong><br\/>\n                    <span class=\"infosPub\">\n                        <strong class=\"author-sanpsy\">Jean\u2010Arthur Micoulaud\u2010Franchi<\/strong>, Vincent P. Martin, Julien Coelho, R\u00e9gis Lopez, Pierre\u2010Alexis Geoffroy, Laure Peter\u2010Derex, Isabelle Lambert, Charles M. Morin, <strong class=\"author-sanpsy\">Cl\u00e9lia Quiles<\/strong>, <strong class=\"author-sanpsy\">Christophe Gauld<\/strong><br\/>\n                        <em>Journal of Sleep Research<\/em>. \n                        2026-03-13\n                    <\/span>\n                    <br\/>10.1111\/jsr.70327\n                <\/a>\n            <\/p><\/p>\n\n\n<div class=\"wp-block-buttons is-layout-flex wp-block-buttons-is-layout-flex\">\n<div class=\"wp-block-button\"><a class=\"wp-block-button__link wp-element-button\" href=\"\/fr\/articles\/\">Tous les publications<\/a><\/div>\n<\/div>\n<\/div>\n\n\n\n<div class=\"wp-block-column px-3 is-layout-flow wp-block-column-is-layout-flow\" style=\"flex-basis:100%\">\n<h3 class=\"wp-block-heading text-primary\">Actualit\u00e9s<\/h3>\n\n\n<div class=\"buni-news\"><div class=\"row mb-3\"><div class=\"col-12 pe-0\"><a href=\"https:\/\/sanpsy.u-bordeaux.fr\/fr\/2026\/04\/17\/mt180s-2026-paul-galvez-prix-du-public-de-la-finale-de-luniversite-de-bordeaux\/\"><div class=\"ratio ratio-3x2 news-img\"><img decoding=\"async\" src=\"https:\/\/sanpsy.u-bordeaux.fr\/wp-content\/plugins\/buni-news\/empty.svg\" class=\"img-fluid\" alt=\"\"><\/div><a href=\"https:\/\/sanpsy.u-bordeaux.fr\/fr\/category\/quoi-de-neuf\/\" class=\"text-primary\">Quoi de neuf ?<\/a><br><a href=\"https:\/\/sanpsy.u-bordeaux.fr\/fr\/2026\/04\/17\/mt180s-2026-paul-galvez-prix-du-public-de-la-finale-de-luniversite-de-bordeaux\/\" class=\"text-body\"><strong>MT180s 2026 : Paul Galvez, prix du public de la finale de luniversit\u00e9 de Bordeaux<\/strong><br>\nPaul Galvez a pass\u00e9 sa th\u00e8se de m\u00e9decine sous la direction d\u2019Emmanuel D&rsquo;Incau au Service Universitaire de M\u00e9decine du Sommeildu CHU de Bordeaux.\n\n\n\nActuellement il est en th\u00e8se de science et il a particip\u00e9 au concours ma th\u00e8se en 180\u2026<\/a><\/div><\/div><div class=\"row mb-3\"><div class=\"col-12 pe-0\"><a href=\"https:\/\/sanpsy.u-bordeaux.fr\/fr\/2026\/04\/16\/offres-demploi\/\"><div class=\"ratio ratio-3x2 news-img\"><img decoding=\"async\" src=\"https:\/\/sanpsy.u-bordeaux.fr\/wp-content\/plugins\/buni-news\/empty.svg\" class=\"img-fluid\" alt=\"\"><\/div><a href=\"https:\/\/sanpsy.u-bordeaux.fr\/fr\/category\/quoi-de-neuf\/\" class=\"text-primary\">Quoi de neuf ?<\/a><br><a href=\"https:\/\/sanpsy.u-bordeaux.fr\/fr\/2026\/04\/16\/offres-demploi\/\" class=\"text-body\"><strong>Offres d&#8217;emploi<\/strong><br>\nDes offres d&#8217;emploi sont en cours dans notre laboratoire, retrouvez les d\u00e9tails via l&rsquo;onglet \u00ab\u00a0Recrutement\u00a0\u00bb, ou les liens ci-dessous :\n\n\n\n\nIng\u00e9nieur de recherche en analyse de donn\u00e9es F\/H\n\n\n\nAssistant ing\u00e9nieur de recherche clinique F\/H (2\u2026<\/a><\/div><\/div><div class=\"row mb-3\"><div class=\"col-12 pe-0\"><a href=\"https:\/\/sanpsy.u-bordeaux.fr\/fr\/2026\/03\/02\/seminaire-dhiver-de-sanpsy\/\"><div class=\"ratio ratio-3x2 news-img\"><img decoding=\"async\" src=\"https:\/\/sanpsy.u-bordeaux.fr\/wp-content\/plugins\/buni-news\/empty.svg\" class=\"img-fluid\" alt=\"\"><\/div><a href=\"https:\/\/sanpsy.u-bordeaux.fr\/fr\/category\/quoi-de-neuf\/\" class=\"text-primary\">Quoi de neuf ?<\/a><br><a href=\"https:\/\/sanpsy.u-bordeaux.fr\/fr\/2026\/03\/02\/seminaire-dhiver-de-sanpsy\/\" class=\"text-body\"><strong>S\u00e9minaire d&rsquo;hiver de SANPSY<\/strong><br>\nLe s\u00e9minaire d&rsquo;hiver de SANPSY aura lieu ce mercredi 4 mars dans amphith\u00e9\u00e2tre du centre broca, \u00e0 partir de 9h30 (accueil des participants d\u00e8s 9h00). Nous avons le plaisir de partager le programme de cette journ\u00e9e qui s&rsquo;annonce riche en\u2026<\/a><\/div><\/div><\/div>\n\n\n<div class=\"wp-block-buttons is-content-justification-right is-layout-flex wp-container-core-buttons-is-layout-2 wp-block-buttons-is-layout-flex\">\n<div class=\"wp-block-button\"><a class=\"wp-block-button__link has-text-align-right wp-element-button\" href=\"https:\/\/sanpsy.u-bordeaux.fr\/en\/news\/\">Toutes nos actualit\u00e9s<\/a><\/div>\n<\/div>\n\n\n\n<h3 class=\"wp-block-heading text-primary\">Ev\u00e9nements<\/h3>\n\n\n<div class=\"buni-news\"><div class=\"row mb-3\"><div class=\"col-12\"><a href=\"https:\/\/sanpsy.u-bordeaux.fr\/fr\/events\/friday-seminar-francesca-conte\/\" class=\"text-body\"><div class=\"ratio ratio-3x2 event-svg\">\n            <svg xmlns=\"http:\/\/www.w3.org\/2000\/svg\" version=\"1.1\" viewBox=\"0 0 720 480\">\n                <rect x=\"0\" y=\"0\" width=\"720\" height=\"480\" style=\"fill:#f5f5f5;\"><\/rect>\n                <text x=\"360\" y=\"100\" style=\"text-anchor: middle; font-family: 'Titillium Web', Lato, sans-serif; font-size: 80px; fill: #7A7A7A; font-weight: 300;\">Vendredi<\/text>\n                <text x=\"360\" y=\"269\" style=\"text-anchor: middle; font-family: 'Titillium Web', Lato, sans-serif; font-size: 95px; fill: #a66517; font-weight: 700;\">29 mai<\/text>\n                <text x=\"360\" y=\"436\" style=\"text-anchor: middle; font-family: 'Titillium Web', Lato, sans-serif; font-size: 95px; fill: #a66517; font-weight: 300;\">11:30<\/text>\n            <\/svg>\n            <\/div><strong>Friday seminar &#8211; Francesca Conte<\/strong><br>Relationships between sleep and daytime activities: cognition, napping and videogames \/\/ Venue: Centre Broca<\/a><\/div><\/div><\/div>\n\n\n<div class=\"wp-block-buttons is-content-justification-right is-layout-flex wp-container-core-buttons-is-layout-3 wp-block-buttons-is-layout-flex\">\n<div class=\"wp-block-button\"><a class=\"wp-block-button__link wp-element-button\" href=\"\/fr\/events\/\">Tous nos \u00e9v\u00e9nements<\/a><\/div>\n<\/div>\n\n\n\n<p><\/p>\n<\/div>\n<\/div>\n<\/div><\/div>\n<\/div><\/div>\n\n\n\n<div class=\"wp-block-group container-xxl\"><div class=\"wp-block-group__inner-container is-layout-constrained wp-block-group-is-layout-constrained\">\n<div style=\"height:60px\" aria-hidden=\"true\" class=\"wp-block-spacer\"><\/div>\n\n\n\n<div class=\"wp-block-columns are-vertically-aligned-center is-layout-flex wp-container-core-columns-is-layout-3 wp-block-columns-is-layout-flex\">\n<div class=\"wp-block-column is-vertically-aligned-center px-3 is-layout-flow wp-block-column-is-layout-flow\">\n<h3 class=\"wp-block-heading text-primary\">Acc\u00e8s directs<\/h3>\n\n\n\n<div class=\"wp-block-columns row-tablet is-layout-flex wp-container-core-columns-is-layout-2 wp-block-columns-is-layout-flex\">\n<div class=\"wp-block-column is-layout-flow wp-block-column-is-layout-flow\">\n<p class=\"has-text-align-center\"><a class=\"go-further-button\" href=\"https:\/\/sanpsy.u-bordeaux.fr\/en\/what-is-it\/\"><i class=\"fat fa-file fa-3x py-xl-3\"><\/i><strong>\u00c0 propos<br>de Sanpsy<\/strong><\/a><\/p>\n<\/div>\n\n\n\n<div class=\"wp-block-column is-layout-flow wp-block-column-is-layout-flow\">\n<p class=\"has-text-align-center\"><a class=\"go-further-button\" href=\"https:\/\/ubcloud.u-bordeaux.fr\/\" target=\"_blank\" rel=\"nofollow noopener\"><i class=\"fat fa-cloud fa-3x py-xl-3\"><\/i><strong>Intranet<\/strong><\/a><\/p>\n<\/div>\n\n\n\n<div class=\"wp-block-column is-layout-flow wp-block-column-is-layout-flow\">\n<p class=\"has-text-align-center\"><a class=\"go-further-button\" href=\"https:\/\/sanpsy.u-bordeaux.fr\/fr\/contactez-nous\/\"><i class=\"fat fa-envelope fa-3x py-xl-3\"><\/i><strong>Contactez-<br>nous<\/strong><\/a><\/p>\n<\/div>\n\n\n\n<div class=\"wp-block-column is-layout-flow wp-block-column-is-layout-flow\">\n<p class=\"has-text-align-center\"><a class=\"go-further-button\" href=\"https:\/\/www.bordeaux-neurocampus.fr\"><i class=\"fat fa-brain fa-3x py-xl-3\"><\/i><strong>Bordeaux Neurocampus<\/strong><\/a><\/p>\n<\/div>\n\n\n\n<div class=\"wp-block-column is-layout-flow wp-block-column-is-layout-flow\">\n<p class=\"has-text-align-center\"><a class=\"go-further-button\" href=\"https:\/\/webmel.u-bordeaux.fr\" target=\"_blank\" rel=\"noopener\"><i class=\"fat fa-mailbox-flag-up fa-3x py-xl-3\"><\/i><strong>Webmel <br>UB<\/strong><\/a><\/p>\n<\/div>\n\n\n\n<div class=\"wp-block-column is-layout-flow wp-block-column-is-layout-flow\">\n<p class=\"has-text-align-center\"><a class=\"go-further-button\" href=\"https:\/\/sanpsy.u-bordeaux.fr\/en\/troubleshooting\/\"><i class=\"fat fa-bug fa-3x py-xl-3\"><\/i><strong>Signaler une<br>anomalie<\/strong><\/a><\/p>\n<\/div>\n<\/div>\n<\/div>\n<\/div>\n<\/div><\/div>\n\n\n\n<div style=\"height:60px\" aria-hidden=\"true\" class=\"wp-block-spacer\"><\/div>\n\n\n\n<p><\/p>\n","protected":false},"excerpt":{"rendered":"<p>En quelques mots Cr\u00e9e en 2011, l&rsquo;Unit\u00e9 Mixte de Recherche SANPSY (Sommeil, Addiction, Neuropsychiatrie), UMR 6033 CNRS-Universit\u00e9 de Bordeaux, est [&hellip;]<\/p>\n","protected":false},"author":1,"featured_media":0,"parent":0,"menu_order":0,"comment_status":"closed","ping_status":"closed","template":"template-fullwidth.php","meta":{"footnotes":""},"class_list":["post-77","page","type-page","status-publish","hentry"],"_links":{"self":[{"href":"https:\/\/sanpsy.u-bordeaux.fr\/fr\/wp-json\/wp\/v2\/pages\/77","targetHints":{"allow":["GET"]}}],"collection":[{"href":"https:\/\/sanpsy.u-bordeaux.fr\/fr\/wp-json\/wp\/v2\/pages"}],"about":[{"href":"https:\/\/sanpsy.u-bordeaux.fr\/fr\/wp-json\/wp\/v2\/types\/page"}],"author":[{"embeddable":true,"href":"https:\/\/sanpsy.u-bordeaux.fr\/fr\/wp-json\/wp\/v2\/users\/1"}],"replies":[{"embeddable":true,"href":"https:\/\/sanpsy.u-bordeaux.fr\/fr\/wp-json\/wp\/v2\/comments?post=77"}],"version-history":[{"count":20,"href":"https:\/\/sanpsy.u-bordeaux.fr\/fr\/wp-json\/wp\/v2\/pages\/77\/revisions"}],"predecessor-version":[{"id":853,"href":"https:\/\/sanpsy.u-bordeaux.fr\/fr\/wp-json\/wp\/v2\/pages\/77\/revisions\/853"}],"wp:attachment":[{"href":"https:\/\/sanpsy.u-bordeaux.fr\/fr\/wp-json\/wp\/v2\/media?parent=77"}],"curies":[{"name":"wp","href":"https:\/\/api.w.org\/{rel}","templated":true}]}}