{"id":75,"date":"2025-02-26T13:15:25","date_gmt":"2025-02-26T13:15:25","guid":{"rendered":"https:\/\/sanpsy-prod.onlinecreation.pro\/contactez-nous\/"},"modified":"2025-07-03T11:53:24","modified_gmt":"2025-07-03T11:53:24","slug":"contactez-nous","status":"publish","type":"page","link":"https:\/\/sanpsy.u-bordeaux.fr\/fr\/contactez-nous\/","title":{"rendered":"Contactez-nous"},"content":{"rendered":"\n<div class=\"wp-block-contact-form-7-contact-form-selector\">\n<div class=\"wpcf7 no-js\" id=\"wpcf7-f95-o1\" lang=\"fr-FR\" dir=\"ltr\" data-wpcf7-id=\"95\">\n<div class=\"screen-reader-response\"><p role=\"status\" aria-live=\"polite\" aria-atomic=\"true\"><\/p> <ul><\/ul><\/div>\n<form action=\"\/fr\/wp-json\/wp\/v2\/pages\/75#wpcf7-f95-o1\" method=\"post\" class=\"wpcf7-form init\" aria-label=\"Formulaire de contact\" novalidate=\"novalidate\" data-status=\"init\">\n<fieldset class=\"hidden-fields-container\"><input type=\"hidden\" name=\"_wpcf7\" value=\"95\" \/><input type=\"hidden\" name=\"_wpcf7_version\" value=\"6.1.4\" \/><input type=\"hidden\" name=\"_wpcf7_locale\" value=\"fr_FR\" \/><input type=\"hidden\" name=\"_wpcf7_unit_tag\" value=\"wpcf7-f95-o1\" \/><input type=\"hidden\" name=\"_wpcf7_container_post\" value=\"0\" \/><input type=\"hidden\" name=\"_wpcf7_posted_data_hash\" value=\"\" \/>\n<\/fieldset>\n<div class=\"mb-3\">\n\t<p><label for=\"your-name\" class=\"form-label\">Votre nom<\/label><br \/>\n<span class=\"wpcf7-form-control-wrap\" data-name=\"your-name\"><input size=\"40\" maxlength=\"400\" class=\"wpcf7-form-control wpcf7-text wpcf7-validates-as-required form-control\" id=\"your-name\" autocomplete=\"name\" aria-required=\"true\" aria-invalid=\"false\" value=\"\" type=\"text\" name=\"your-name\" \/><\/span>\n\t<\/p>\n<\/div>\n<div class=\"mb-3\">\n\t<p><label for=\"your-email\" class=\"form-label\">E-mail<\/label><br \/>\n<span class=\"wpcf7-form-control-wrap\" data-name=\"your-email\"><input size=\"40\" maxlength=\"400\" class=\"wpcf7-form-control wpcf7-email wpcf7-validates-as-required wpcf7-text wpcf7-validates-as-email form-control\" id=\"your-email\" autocomplete=\"email\" aria-required=\"true\" aria-invalid=\"false\" value=\"\" type=\"email\" name=\"your-email\" \/><\/span>\n\t<\/p>\n<\/div>\n<div class=\"mb-3\">\n\t<p><label for=\"your-subject\" class=\"form-label\">Sujet<\/label><br \/>\n<span class=\"wpcf7-form-control-wrap\" data-name=\"your-subject\"><input size=\"40\" maxlength=\"400\" class=\"wpcf7-form-control wpcf7-text wpcf7-validates-as-required form-control\" id=\"your-subject\" aria-required=\"true\" aria-invalid=\"false\" value=\"\" type=\"text\" name=\"your-subject\" \/><\/span>\n\t<\/p>\n<\/div>\n<div class=\"mb-3\">\n\t<p><label for=\"your-message\" class=\"form-label\">Message<\/label><br \/>\n<span class=\"wpcf7-form-control-wrap\" data-name=\"your-message\"><textarea cols=\"40\" rows=\"10\" maxlength=\"2000\" class=\"wpcf7-form-control wpcf7-textarea form-control\" id=\"your-message\" aria-invalid=\"false\" name=\"your-message\"><\/textarea><\/span>\n\t<\/p>\n<\/div>\n<p><span id=\"wpcf7-69e514fc11b2e-wrapper\" class=\"wpcf7-form-control-wrap email-769-wrap\" style=\"display:none !important; visibility:hidden !important;\"><label for=\"wpcf7-69e514fc11b2e-field\" class=\"hp-message\">Veuillez laisser ce champ vide.<\/label><input id=\"wpcf7-69e514fc11b2e-field\"  class=\"wpcf7-form-control wpcf7-text\" type=\"text\" name=\"email-769\" value=\"\" size=\"40\" tabindex=\"-1\" autocomplete=\"new-password\" \/><\/span>\n<\/p>\n<div class=\"text-right\">\n\t<p><input class=\"wpcf7-form-control wpcf7-submit has-spinner btn btn-primary\" type=\"submit\" value=\"Envoyer\" \/>\n\t<\/p>\n<\/div><div class=\"wpcf7-response-output\" aria-hidden=\"true\"><\/div>\n<\/form>\n<\/div>\n<\/div>\n\n\n\n<div class=\"card mt-4\">\n    <div class=\"card-header\">\n Localisation\n    <\/div>\n    <div class=\"card-body\">\n        <div id=\"mapid_1736545856\" style=\"height: 400px;z-index: 0;\"><\/div>\n    <\/div>\n<\/div>\n<script>\n    document.addEventListener('DOMContentLoaded', function() {\n        var mapid_1736545856 = L.map('mapid_1736545856').setView([44.826,  -0.605], 15);\n        L.tileLayer('https:\/\/{s}.tile.openstreetmap.org\/{z}\/{x}\/{y}.png', {\n            maxZoom: 19,\n        }).addTo(mapid_1736545856);\n        L.marker([44.828072,-0.60386]).bindPopup('<strong>Axe sommeil<br>CHU Pellegrin, Tripode, 13\u00e8me \u00e9tage, aile 3<br>Place Am\u00e9lie-Raba-L\u00e9on<br>33076 Bordeaux Cedex').addTo(mapid_1736545856);\n        L.marker([44.823334,-0.604402]).bindPopup('<strong>Axe addiction<br>D\u00e9partement d\u2018addictologie, CH Charles Perrens<br>146bis, rue L\u00e9o Saignat<br>33076 Bordeaux Cedex').addTo(mapid_1736545856);\n        L.marker([44.82473914579311, -0.6073045574758122]).bindPopup('<strong>Equipe Ing\u00e9nierie Num\u00e9rique<br>Universit\u00e9 Bordeaux, Centre Broca Nouvelle-Aquitaine<br>146 rue Leo Saignat<br>33076 Bordeaux Cedex').addTo(mapid_1736545856);\n    });\n<\/script>\n<script type=\"text\/javascript\" src=\"https:\/\/unpkg.com\/leaflet\/dist\/leaflet.js\" id=\"leaflet-js-js\"><\/script>\n<link rel=\"stylesheet\" id=\"leaflet-css-css\" href=\"https:\/\/unpkg.com\/leaflet\/dist\/leaflet.css?ver=6.7.2\" type=\"text\/css\" media=\"all\"\/>\n\n\n\n<p><\/p>\n","protected":false},"excerpt":{"rendered":"<p>Localisation<\/p>\n","protected":false},"author":1,"featured_media":0,"parent":0,"menu_order":10,"comment_status":"closed","ping_status":"closed","template":"","meta":{"footnotes":""},"class_list":["post-75","page","type-page","status-publish","hentry"],"_links":{"self":[{"href":"https:\/\/sanpsy.u-bordeaux.fr\/fr\/wp-json\/wp\/v2\/pages\/75","targetHints":{"allow":["GET"]}}],"collection":[{"href":"https:\/\/sanpsy.u-bordeaux.fr\/fr\/wp-json\/wp\/v2\/pages"}],"about":[{"href":"https:\/\/sanpsy.u-bordeaux.fr\/fr\/wp-json\/wp\/v2\/types\/page"}],"author":[{"embeddable":true,"href":"https:\/\/sanpsy.u-bordeaux.fr\/fr\/wp-json\/wp\/v2\/users\/1"}],"replies":[{"embeddable":true,"href":"https:\/\/sanpsy.u-bordeaux.fr\/fr\/wp-json\/wp\/v2\/comments?post=75"}],"version-history":[{"count":3,"href":"https:\/\/sanpsy.u-bordeaux.fr\/fr\/wp-json\/wp\/v2\/pages\/75\/revisions"}],"predecessor-version":[{"id":293,"href":"https:\/\/sanpsy.u-bordeaux.fr\/fr\/wp-json\/wp\/v2\/pages\/75\/revisions\/293"}],"wp:attachment":[{"href":"https:\/\/sanpsy.u-bordeaux.fr\/fr\/wp-json\/wp\/v2\/media?parent=75"}],"curies":[{"name":"wp","href":"https:\/\/api.w.org\/{rel}","templated":true}]}}