{"id":709,"date":"2025-08-21T12:33:09","date_gmt":"2025-08-21T12:33:09","guid":{"rendered":"https:\/\/sanpsy-prod.onlinecreation.pro\/?page_id=709"},"modified":"2025-10-15T14:52:02","modified_gmt":"2025-10-15T14:52:02","slug":"laddiction-severity-index","status":"publish","type":"page","link":"https:\/\/sanpsy.u-bordeaux.fr\/fr\/formation\/addictologie\/laddiction-severity-index\/","title":{"rendered":"L&rsquo;Addiction Severity Index"},"content":{"rendered":"\n<p><strong>L&rsquo;Addiction Severity Index (ASI)<\/strong> est un instrument destin\u00e9 \u00e0 l&rsquo;\u00e9valuation multifactorielle des comportements addictifs avec et sans substances, y compris les jeux d&rsquo;argent, Internet, les troubles du comportement alimentaire etc. Il s&rsquo;agit d&rsquo;un entretien d&rsquo;environ 45 minutes, semi-structur\u00e9 et qui peut se r\u00e9p\u00e9ter, con\u00e7u pour recueillir de nombreuses informations sur les aspects de la vie du patient qui fait usage de substances ou qui pr\u00e9sente une addiction comportementale. C&rsquo;est le premier pas dans la cr\u00e9ation d&rsquo;un profil du patient utile pour l&rsquo;\u00e9quipe clinique dans l&rsquo;\u00e9laboration d&rsquo;un projet th\u00e9rapeutique individualis\u00e9 dans le cadre d&rsquo;un CSAPA (Centre de Soin, d&rsquo;Accompagnement et de Pr\u00e9vention en Addictologie) ou d&rsquo;un service d&rsquo;addictologie. L&rsquo;ASI est aussi utile dans une perspective de recherche et d&rsquo;\u00e9valuation.<\/p>\n\n\n\n<p>L&rsquo;ASI a \u00e9t\u00e9 con\u00e7u en 1980 par A. T. McLellan et C. P. O&rsquo;Brien de l&rsquo;Universit\u00e9 de Pennsylvanie \u00e0 Philadelphie, USA. L&rsquo;\u00e9quipe du Pr. J. Tignol (Dr. M. Auriacombe et Dr. J-P. Daulou\u00e8de) \u00e0 l&rsquo;Universit\u00e9 de Bordeaux (en lien avec le CHCP) l&rsquo;a adapt\u00e9 au contexte francophone europ\u00e9en et le propose en France depuis 1990. Depuis sa version initiale, l&rsquo;ASI est r\u00e9guli\u00e8rement am\u00e9lior\u00e9.<\/p>\n\n\n\n<p>Vous trouverez sur ce site des <strong>ressources mises \u00e0 votre disposition pour vous familiariser avec l&rsquo;ASI dans sa version actuelle<\/strong>. Ces documents sont r\u00e9guli\u00e8rement mis \u00e0 jour, pensez \u00e0 venir r\u00e9guli\u00e8rement.<\/p>\n\n\n\n<p><span class=\"wp-rich-text-font-awesome-icon wp-font-awesome-icon\"><svg aria-hidden=\"true\" focusable=\"false\" data-prefix=\"fas\" data-icon=\"download\" class=\"svg-inline--fa fa-download \" role=\"img\" xmlns=\"http:\/\/www.w3.org\/2000\/svg\" viewBox=\"0 0 512 512\"><path fill=\"currentColor\" d=\"M288 32c0-17.7-14.3-32-32-32s-32 14.3-32 32l0 242.7-73.4-73.4c-12.5-12.5-32.8-12.5-45.3 0s-12.5 32.8 0 45.3l128 128c12.5 12.5 32.8 12.5 45.3 0l128-128c12.5-12.5 12.5-32.8 0-45.3s-32.8-12.5-45.3 0L288 274.7 288 32zM64 352c-35.3 0-64 28.7-64 64l0 32c0 35.3 28.7 64 64 64l384 0c35.3 0 64-28.7 64-64l0-32c0-35.3-28.7-64-64-64l-101.5 0-45.3 45.3c-25 25-65.5 25-90.5 0L165.5 352 64 352zm368 56a24 24 0 1 1 0 48 24 24 0 1 1 0-48z\"><\/path><\/svg><\/span> <strong><em><mark style=\"background-color:rgba(0, 0, 0, 0)\" class=\"has-inline-color has-pale-pink-color\"><a href=\"https:\/\/cdn-buni.onlc.eu\/wp-content\/uploads\/sites\/28\/2025\/10\/presentation_ASI_diffusion2021.pdf\">Pr\u00e9sentation de la version fran\u00e7aise de l&rsquo;ASI modifi\u00e9<\/a><\/mark><\/em><\/strong> &#8211; document PDF<\/p>\n\n\n\n<p><span class=\"wp-rich-text-font-awesome-icon wp-font-awesome-icon\"><svg aria-hidden=\"true\" focusable=\"false\" data-prefix=\"fas\" data-icon=\"download\" class=\"svg-inline--fa fa-download \" role=\"img\" xmlns=\"http:\/\/www.w3.org\/2000\/svg\" viewBox=\"0 0 512 512\"><path fill=\"currentColor\" d=\"M288 32c0-17.7-14.3-32-32-32s-32 14.3-32 32l0 242.7-73.4-73.4c-12.5-12.5-32.8-12.5-45.3 0s-12.5 32.8 0 45.3l128 128c12.5 12.5 32.8 12.5 45.3 0l128-128c12.5-12.5 12.5-32.8 0-45.3s-32.8-12.5-45.3 0L288 274.7 288 32zM64 352c-35.3 0-64 28.7-64 64l0 32c0 35.3 28.7 64 64 64l384 0c35.3 0 64-28.7 64-64l0-32c0-35.3-28.7-64-64-64l-101.5 0-45.3 45.3c-25 25-65.5 25-90.5 0L165.5 352 64 352zm368 56a24 24 0 1 1 0 48 24 24 0 1 1 0-48z\"><\/path><\/svg><\/span> <em><strong><a href=\"https:\/\/cdn-buni.onlc.eu\/wp-content\/uploads\/sites\/28\/2025\/10\/article-Alexandre-Moriceau-et-al-2025.pdf\" data-type=\"link\" data-id=\"https:\/\/cdn-buni.onlc.eu\/wp-content\/uploads\/sites\/28\/2025\/10\/article-Alexandre-Moriceau-et-al-2025.pdf\">Article Addiction severity index\u00a0: un outil de coh\u00e9rence d&rsquo;\u00e9quipe et de partenariat avec les personnes concern\u00e9es<\/a><\/strong>\u00a0<\/em>(<em>Alexandre\u00a0et al. 2025<\/em>\u00a0&#8211; Le Courrier des Addictions)<\/p>\n\n\n\n<p><span class=\"wp-rich-text-font-awesome-icon wp-font-awesome-icon\"><svg aria-hidden=\"true\" focusable=\"false\" data-prefix=\"fas\" data-icon=\"download\" class=\"svg-inline--fa fa-download \" role=\"img\" xmlns=\"http:\/\/www.w3.org\/2000\/svg\" viewBox=\"0 0 512 512\"><path fill=\"currentColor\" d=\"M288 32c0-17.7-14.3-32-32-32s-32 14.3-32 32l0 242.7-73.4-73.4c-12.5-12.5-32.8-12.5-45.3 0s-12.5 32.8 0 45.3l128 128c12.5 12.5 32.8 12.5 45.3 0l128-128c12.5-12.5 12.5-32.8 0-45.3s-32.8-12.5-45.3 0L288 274.7 288 32zM64 352c-35.3 0-64 28.7-64 64l0 32c0 35.3 28.7 64 64 64l384 0c35.3 0 64-28.7 64-64l0-32c0-35.3-28.7-64-64-64l-101.5 0-45.3 45.3c-25 25-65.5 25-90.5 0L165.5 352 64 352zm368 56a24 24 0 1 1 0 48 24 24 0 1 1 0-48z\"><\/path><\/svg><\/span> <strong><em><mark style=\"background-color:rgba(0, 0, 0, 0)\" class=\"has-inline-color has-black-color\"><a href=\"https:\/\/cdn-buni.onlc.eu\/wp-content\/uploads\/sites\/28\/2025\/10\/article-denis-fatseas-beltran-et-al-2016.pdf\">Article de pr\u00e9sentation de l&rsquo;ASI modifi\u00e9<\/a><\/mark><\/em><\/strong> (<em>Denis et al. 2016<\/em> &#8211; anglais)<\/p>\n\n\n\n<p><strong><u>Avertissement<\/u><\/strong> : l&rsquo;utilisation ad\u00e9quate de l&rsquo;ASI n\u00e9cessite d&rsquo;en bien conna\u00eetre le mode d&#8217;emploi d\u00e9crit dans le manuel de formation, que nous mettons \u00e0 votre disposition ci-dessous. Cependant, il est recommand\u00e9 de suivre une formation avec un \u00e9valuateur exp\u00e9riment\u00e9. Pour cela, nous organisons r\u00e9guli\u00e8rement des formations \u00e0 la demande.<\/p>\n\n\n\n<h2 class=\"wp-block-heading\"><strong>Se former \u00e0 l\u2019ASI : deux possibilit\u00e9s<\/strong><\/h2>\n\n\n\n<p><span class=\"wp-rich-text-font-awesome-icon wp-font-awesome-icon\"><svg aria-hidden=\"true\" focusable=\"false\" data-prefix=\"fas\" data-icon=\"plus\" class=\"svg-inline--fa fa-plus \" role=\"img\" xmlns=\"http:\/\/www.w3.org\/2000\/svg\" viewBox=\"0 0 448 512\"><path fill=\"currentColor\" d=\"M256 80c0-17.7-14.3-32-32-32s-32 14.3-32 32l0 144L48 224c-17.7 0-32 14.3-32 32s14.3 32 32 32l144 0 0 144c0 17.7 14.3 32 32 32s32-14.3 32-32l0-144 144 0c17.7 0 32-14.3 32-32s-14.3-32-32-32l-144 0 0-144z\"><\/path><\/svg><\/span> <strong><a href=\"https:\/\/sanpsy.u-bordeaux.fr\/fr\/formation\/addictologie\/laddiction-severity-index\/addictologie-formation-asi-presentiel\/\" data-type=\"page\" data-id=\"825\">Formation en pr\u00e9sentiel <\/a><\/strong>(2 jours)<\/p>\n\n\n\n<p><span class=\"wp-rich-text-font-awesome-icon wp-font-awesome-icon\"><svg aria-hidden=\"true\" focusable=\"false\" data-prefix=\"fas\" data-icon=\"plus\" class=\"svg-inline--fa fa-plus \" role=\"img\" xmlns=\"http:\/\/www.w3.org\/2000\/svg\" viewBox=\"0 0 448 512\"><path fill=\"currentColor\" d=\"M256 80c0-17.7-14.3-32-32-32s-32 14.3-32 32l0 144L48 224c-17.7 0-32 14.3-32 32s14.3 32 32 32l144 0 0 144c0 17.7 14.3 32 32 32s32-14.3 32-32l0-144 144 0c17.7 0 32-14.3 32-32s-14.3-32-32-32l-144 0 0-144z\"><\/path><\/svg><\/span> <strong><a href=\"https:\/\/sanpsy.u-bordeaux.fr\/fr\/formation\/addictologie\/laddiction-severity-index\/sauto-former-a-laddiction-severity-index\/\" data-type=\"link\" data-id=\"https:\/\/sanpsy-prod.onlinecreation.pro\/fr\/sauto-former-a-laddiction-severity-index\/\">Autoformation<\/a><\/strong><\/p>\n\n\n\n<p><\/p>\n\n\n\n<p><\/p>\n\n\n\n<p><\/p>\n","protected":false},"excerpt":{"rendered":"<p>L&rsquo;Addiction Severity Index (ASI) est un instrument destin\u00e9 \u00e0 l&rsquo;\u00e9valuation multifactorielle des comportements addictifs avec et sans substances, y compris [&hellip;]<\/p>\n","protected":false},"author":7,"featured_media":0,"parent":241,"menu_order":0,"comment_status":"closed","ping_status":"closed","template":"","meta":{"footnotes":""},"class_list":["post-709","page","type-page","status-publish","hentry"],"_links":{"self":[{"href":"https:\/\/sanpsy.u-bordeaux.fr\/fr\/wp-json\/wp\/v2\/pages\/709","targetHints":{"allow":["GET"]}}],"collection":[{"href":"https:\/\/sanpsy.u-bordeaux.fr\/fr\/wp-json\/wp\/v2\/pages"}],"about":[{"href":"https:\/\/sanpsy.u-bordeaux.fr\/fr\/wp-json\/wp\/v2\/types\/page"}],"author":[{"embeddable":true,"href":"https:\/\/sanpsy.u-bordeaux.fr\/fr\/wp-json\/wp\/v2\/users\/7"}],"replies":[{"embeddable":true,"href":"https:\/\/sanpsy.u-bordeaux.fr\/fr\/wp-json\/wp\/v2\/comments?post=709"}],"version-history":[{"count":28,"href":"https:\/\/sanpsy.u-bordeaux.fr\/fr\/wp-json\/wp\/v2\/pages\/709\/revisions"}],"predecessor-version":[{"id":1040,"href":"https:\/\/sanpsy.u-bordeaux.fr\/fr\/wp-json\/wp\/v2\/pages\/709\/revisions\/1040"}],"up":[{"embeddable":true,"href":"https:\/\/sanpsy.u-bordeaux.fr\/fr\/wp-json\/wp\/v2\/pages\/241"}],"wp:attachment":[{"href":"https:\/\/sanpsy.u-bordeaux.fr\/fr\/wp-json\/wp\/v2\/media?parent=709"}],"curies":[{"name":"wp","href":"https:\/\/api.w.org\/{rel}","templated":true}]}}