{"id":528,"date":"2025-08-13T07:57:46","date_gmt":"2025-08-13T07:57:46","guid":{"rendered":"https:\/\/sanpsy-prod.onlinecreation.pro\/?page_id=528"},"modified":"2025-08-13T08:03:20","modified_gmt":"2025-08-13T08:03:20","slug":"rida-programme-2021","status":"publish","type":"page","link":"https:\/\/sanpsy.u-bordeaux.fr\/fr\/formation\/addictologie\/rida\/rida-programme-2021\/","title":{"rendered":"RIDA &#8211; Programme 2021"},"content":{"rendered":"\n<p><strong>Jeudi 28 janvier 2021<br>Stigmatisation des personnes avec addiction par les professionnels de sant\u00e9 : qu\u2019en est-il aujourd\u2019hui et que faire ?<\/strong><br>Intervenant : Dr Anthony Cazalis<br><em>P\u00f4le inter\u00e9tablissement d\u2019addictologie Bordeaux (CH Ch Perrens, CHU Bx) et Sanpsy USR CNRS (UB)<\/em><\/p>\n\n\n\n<p><strong><strong><em><a href=\"https:\/\/consent.youtube.com\/m?continue=https:\/\/www.youtube.com\/watch%3Fv%3D0GsvhYLSxbg%26feature%3Dyoutu.be%26cbrd%3D1&amp;gl=FR&amp;m=0&amp;pc=yt&amp;cm=2&amp;hl=fr&amp;src=1\" data-type=\"link\" data-id=\"https:\/\/consent.youtube.com\/m?continue=https:\/\/www.youtube.com\/watch%3Fv%3D0GsvhYLSxbg%26feature%3Dyoutu.be%26cbrd%3D1&amp;gl=FR&amp;m=0&amp;pc=yt&amp;cm=2&amp;hl=fr&amp;src=1\">VOIR LE REPLAY<\/a><\/em><\/strong><\/strong><\/p>\n\n\n\n<p><strong>Mardi 23 F\u00e9vrier 2021<br>Stress post-traumatique et addiction : qu\u2019en est-il ?<\/strong><br>Intervenant : Dr Fabien Renaud<br><em>P\u00f4le inter\u00e9tablissement d\u2019addictologie Bordeaux (CH Ch Perrens, CHU Bx)<\/em><\/p>\n\n\n\n<p><strong><strong><a href=\"https:\/\/www.youtube.com\/watch?v=fKU8HendJ7o\"><em>VOIR LE REPLAY<\/em><\/a><\/strong><\/strong><\/p>\n\n\n\n<p><strong>Mardi 9 mars 2021<br>\u00ab\u00a0L\u2019addictovigilance\u00a0\u00bb? Mais\u2026 c\u2019est quoi ?<\/strong><br>Intervenants : Alexandre Peyr\u00e9 \/ Dr Am\u00e9lie Daveluy<br><em>Centre r\u00e9gional d\u2019addictovigilance, CHU Bx<\/em><\/p>\n\n\n\n<p><strong><strong><em><a href=\"https:\/\/www.youtube.com\/watch?v=Hnf4Xo2iXDo\">VOIR LE REPLAY<\/a><\/em><\/strong><\/strong><\/p>\n\n\n\n<p><strong>Jeudi 18 mars 2021<br>Existe-t-il un trouble de l\u2019usage de l\u2019alimentation ? Et alors que deviennent les TCA ?<\/strong><br>Intervenants : Sophie Athena Chapron \/ Lucie Fournet \/ Charlotte Kervran \/ Julie Collombat<br><em>Sanpsy USR CNRS (UB) et P\u00f4le inter\u00e9tablissement d\u2019addictologie Bordeaux (CH Ch Perrens, CHU Bx)<\/em><\/p>\n\n\n\n<p><strong><strong><em><a href=\"https:\/\/www.youtube.com\/watch?v=0t8DTBri-I0\">VOIR LE REPLAY<\/a><\/em><\/strong><\/strong><\/p>\n\n\n\n<p><strong>Jeudi 29 avril 2021<br>Et les \u00e9crans ? C\u2019est s\u00e9rieux ? Enqu\u00eate \u00abusages des \u00e9crans\u00bb \u00e0 Martignas (33).<\/strong><br>Intervenants : Dr Mathieu Boudard \/ JM Alexandre<br><em>Sanpsy USR CNRS (UB) et P\u00f4le inter\u00e9tablissement d\u2019addictologie Bordeaux (CH Ch Perrens, CHU Bx)<\/em><\/p>\n\n\n\n<p><strong><em><a href=\"https:\/\/www.youtube.com\/watch?v=xdP7dhGwyGU\">VOIR LE REPLAY<\/a><\/em><\/strong><\/p>\n\n\n\n<p><strong>Mardi 11 mai 2021<br>Permanence des soins et contraintes territoriales. Exemple d\u2019actions en Dordogne. Un mod\u00e8le pour toute l\u2019Aquitaine ?<\/strong><br>Intervenant : Dr Anivel Ramos<br><em>P\u00f4le interd\u00e9partemental d\u2019addictologie P\u00e9rigueux (CH P\u00e9rigueux et Vauclaire)<\/em><\/p>\n\n\n\n<p><strong><em><a href=\"https:\/\/www.youtube.com\/watch?v=abjY3Q9tl1Y\" data-type=\"link\" data-id=\"https:\/\/consent.youtube.com\/m?continue=https:\/\/www.youtube.com\/watch%3Fv%3D0GsvhYLSxbg%26feature%3Dyoutu.be%26cbrd%3D1&amp;gl=FR&amp;m=0&amp;pc=yt&amp;cm=2&amp;hl=fr&amp;src=1\">VOIR LE REPLAY<\/a><\/em><\/strong><\/p>\n\n\n\n<p><strong>Jeudi 20 mai 2021<br>Alcool &amp; Sant\u00e9 Publique \u00e0 La R\u00e9union<\/strong><br>Intervenant : Dr David M\u00e9t\u00e9<br><em>CHU R\u00e9union F\u00e9lix Guyon SAINT-DENIS<\/em><\/p>\n\n\n\n<p><strong><em><a href=\"https:\/\/www.youtube.com\/watch?v=COtEG9CRUlI\">VOIR LE REPLAY<\/a><\/em><\/strong><\/p>\n\n\n\n<p><strong>Mardi 15 juin 2021<br>Est-il vrai que le craving est un crit\u00e8re diagnostic sp\u00e9cial ?<\/strong><br>Intervevnante : Dr (PhD) Charlotte Kervran<br><em>Sanpsy USR CNRS (UB)<\/em><\/p>\n\n\n\n<p><strong><em><a href=\"https:\/\/www.youtube.com\/watch?v=av8wD28hPkc\">VOIR LE REPLAY<\/a><\/em><\/strong><\/p>\n\n\n\n<p><strong>Mardi 14 septembre 2021<br>La vape : un outil de r\u00e9duction des risques au CEID<\/strong><br>Intervenant : Jean-Laurent Prono<br><em>CEID<\/em><\/p>\n\n\n\n<p><strong><em><a href=\"https:\/\/www.youtube.com\/watch?v=uyM88_LsMcQ&amp;list=PLZCQjXUutu-2tzccInVw4avMITH8sXfQz&amp;index=8\">VOIR LE REPLAY<\/a><\/em><\/strong><\/p>\n\n\n\n<p><strong>Mardi 28 septembre 2021<br>Projet de t\u00e9l\u00e9consultation pour l&rsquo;acc\u00e8s aux soins en zone rurale aux personnes ayant un trouble de l&rsquo;usage des opiac\u00e9s<\/strong><br>Intervenante : Dr Catherine Ballay<br><em>Centre hospitalier du Pays d&rsquo;Eygurande (19)<\/em><\/p>\n\n\n\n<p><strong><em><a href=\"https:\/\/www.youtube.com\/watch?v=HgQZCCEMMqw&amp;list=PLZCQjXUutu-2tzccInVw4avMITH8sXfQz&amp;index=9\">VOIR LE REPLAY<\/a><\/em><\/strong><\/p>\n\n\n\n<p><strong>Jeudi 14 octobre 2021<br>Douleur et addiction, quels lien ?<\/strong><br>Intervenante : Dr B\u00e9rang\u00e8re Gelot<br><em>P\u00f4le inter\u00e9tablissement d\u2019addictologie Bordeaux (CH Ch Perrens, CHU Bx)<\/em><\/p>\n\n\n\n<p><strong>Que nous apprend la RCP ?<\/strong><br>Intervenant : Dr Laurent Labreze<br><em>Centre r\u00e9gional de lutte contre le cancer Bergoni\u00e9 &#8211; Bordeaux<\/em><\/p>\n\n\n\n<p><strong><em><a href=\"https:\/\/www.youtube.com\/watch?v=6w11FY2ZAtc\">VOIR LE REPLAY<\/a><\/em><\/strong><\/p>\n\n\n\n<p><strong>Mardi 23 novembre 2021<br>Quand l&rsquo;addicto est derri\u00e8re les barreaux\u2026<br>CSAPA r\u00e9f\u00e9rent et Structure d&rsquo;Accompagnement vers la Sortie (SAS) au Centre P\u00e9nitenciaire de Gradignan (33)<\/strong><br>PIEA = Mathilde Courthiau (<em>ES<\/em>), Nathalie Coursan (<em>ES<\/em>), Dr Laurent Guez (<em>Psychiatre Addictologue<\/em>), Marie Michel (<em>ASE<\/em>),<br>SMPR = Dr Jean Cano (<em>Psychiatre<\/em>)<\/p>\n\n\n\n<p><strong><em><a href=\"https:\/\/www.youtube.com\/watch?v=zdygcY80sHw\">VOIR LE REPLAY<\/a><\/em><\/strong><\/p>\n\n\n\n<p><strong><a href=\"https:\/\/sanpsy.u-bordeaux.fr\/fr\/formation\/addictologie\/rida\/\" data-type=\"page\" data-id=\"511\">\u21b5 Revenir \u00e0 la page pr\u00e9c\u00e9dente<\/a><\/strong><\/p>\n","protected":false},"excerpt":{"rendered":"<p>Jeudi 28 janvier 2021Stigmatisation des personnes avec addiction par les professionnels de sant\u00e9 : qu\u2019en est-il aujourd\u2019hui et que faire [&hellip;]<\/p>\n","protected":false},"author":14,"featured_media":0,"parent":511,"menu_order":0,"comment_status":"closed","ping_status":"closed","template":"","meta":{"footnotes":""},"class_list":["post-528","page","type-page","status-publish","hentry"],"_links":{"self":[{"href":"https:\/\/sanpsy.u-bordeaux.fr\/fr\/wp-json\/wp\/v2\/pages\/528","targetHints":{"allow":["GET"]}}],"collection":[{"href":"https:\/\/sanpsy.u-bordeaux.fr\/fr\/wp-json\/wp\/v2\/pages"}],"about":[{"href":"https:\/\/sanpsy.u-bordeaux.fr\/fr\/wp-json\/wp\/v2\/types\/page"}],"author":[{"embeddable":true,"href":"https:\/\/sanpsy.u-bordeaux.fr\/fr\/wp-json\/wp\/v2\/users\/14"}],"replies":[{"embeddable":true,"href":"https:\/\/sanpsy.u-bordeaux.fr\/fr\/wp-json\/wp\/v2\/comments?post=528"}],"version-history":[{"count":2,"href":"https:\/\/sanpsy.u-bordeaux.fr\/fr\/wp-json\/wp\/v2\/pages\/528\/revisions"}],"predecessor-version":[{"id":540,"href":"https:\/\/sanpsy.u-bordeaux.fr\/fr\/wp-json\/wp\/v2\/pages\/528\/revisions\/540"}],"up":[{"embeddable":true,"href":"https:\/\/sanpsy.u-bordeaux.fr\/fr\/wp-json\/wp\/v2\/pages\/511"}],"wp:attachment":[{"href":"https:\/\/sanpsy.u-bordeaux.fr\/fr\/wp-json\/wp\/v2\/media?parent=528"}],"curies":[{"name":"wp","href":"https:\/\/api.w.org\/{rel}","templated":true}]}}