{"id":527,"date":"2025-08-13T07:25:29","date_gmt":"2025-08-13T07:25:29","guid":{"rendered":"https:\/\/sanpsy-prod.onlinecreation.pro\/?page_id=527"},"modified":"2025-08-21T15:08:17","modified_gmt":"2025-08-21T15:08:17","slug":"rida-programme-2023-2024","status":"publish","type":"page","link":"https:\/\/sanpsy.u-bordeaux.fr\/fr\/formation\/addictologie\/rida\/rida-programme-2023-2024\/","title":{"rendered":"RIDA &#8211; Programme 2023-2024"},"content":{"rendered":"\n<p><strong>Jeudi 19 octobre 2023<\/strong><br><strong>L&rsquo;Observatoire R\u00e9gional de Sant\u00e9 Nouvelle-Aquitaine : apports potentiels dans le domaine de l&rsquo;addictologie<\/strong><br>Intervenant : Julien Giraud<br><em>Directeur de l&rsquo;ORS Nouvelle-Aquitaine<\/em> <a href=\"https:\/\/www.ors-na.org\/\" target=\"_blank\" rel=\"noreferrer noopener\">https:\/\/www.ors-na.org\/<\/a><br><span class=\"wp-rich-text-font-awesome-icon wp-font-awesome-icon\"><svg aria-hidden=\"true\" focusable=\"false\" data-prefix=\"fas\" data-icon=\"video\" class=\"svg-inline--fa fa-video \" role=\"img\" xmlns=\"http:\/\/www.w3.org\/2000\/svg\" viewBox=\"0 0 576 512\"><path fill=\"currentColor\" d=\"M0 128C0 92.7 28.7 64 64 64l256 0c35.3 0 64 28.7 64 64l0 256c0 35.3-28.7 64-64 64L64 448c-35.3 0-64-28.7-64-64L0 128zM559.1 99.8c10.4 5.6 16.9 16.4 16.9 28.2l0 256c0 11.8-6.5 22.6-16.9 28.2s-23 5-32.9-1.6l-96-64L416 337.1l0-17.1 0-128 0-17.1 14.2-9.5 96-64c9.8-6.5 22.4-7.2 32.9-1.6z\"><\/path><\/svg><\/span> <strong><em><a href=\"https:\/\/www.youtube.com\/watch?v=wBfvcQZ5xVM&amp;list=PLZCQjXUutu-2tzccInVw4avMITH8sXfQz&amp;index=15\">VOIR LE REPLAY<\/a><\/em><\/strong><\/p>\n\n\n\n<p><strong>Mardi 13 f\u00e9vrier 2024<\/strong><br><strong>Int\u00e9r\u00eat de la pratique de clown et d&rsquo;expression corporelle dans un service d&rsquo;addictologie<\/strong><br>Par les professionel.s du PIEA et les intervenantes Val\u00e9rie Cadet (artiste clown), Jessica Conti (danseuse chor\u00e9graphe)<br><span class=\"wp-rich-text-font-awesome-icon wp-font-awesome-icon\"><svg aria-hidden=\"true\" focusable=\"false\" data-prefix=\"fas\" data-icon=\"video\" class=\"svg-inline--fa fa-video \" role=\"img\" xmlns=\"http:\/\/www.w3.org\/2000\/svg\" viewBox=\"0 0 576 512\"><path fill=\"currentColor\" d=\"M0 128C0 92.7 28.7 64 64 64l256 0c35.3 0 64 28.7 64 64l0 256c0 35.3-28.7 64-64 64L64 448c-35.3 0-64-28.7-64-64L0 128zM559.1 99.8c10.4 5.6 16.9 16.4 16.9 28.2l0 256c0 11.8-6.5 22.6-16.9 28.2s-23 5-32.9-1.6l-96-64L416 337.1l0-17.1 0-128 0-17.1 14.2-9.5 96-64c9.8-6.5 22.4-7.2 32.9-1.6z\"><\/path><\/svg><\/span> <a href=\"https:\/\/www.youtube.com\/watch?v=wuY2OVjtm_w\" target=\"_blank\" rel=\"noreferrer noopener\"><strong><em>VOIR LE REPLAY<\/em><\/strong><\/a><\/p>\n\n\n\n<p><strong>Jeudi 28 mars 2024<\/strong><br><strong>Les biomarqueurs du craving: mythe ou r\u00e9alit\u00e9 ?<\/strong><br>Intervenante : Emmanuelle Baillet-Gaborieau, Ph.D.<br>Laboratoire SANPSY, UMR 6033 CNRS &#8211; Universit\u00e9 de Bordeaux<br><span class=\"wp-rich-text-font-awesome-icon wp-font-awesome-icon\"><svg aria-hidden=\"true\" focusable=\"false\" data-prefix=\"fas\" data-icon=\"video\" class=\"svg-inline--fa fa-video \" role=\"img\" xmlns=\"http:\/\/www.w3.org\/2000\/svg\" viewBox=\"0 0 576 512\"><path fill=\"currentColor\" d=\"M0 128C0 92.7 28.7 64 64 64l256 0c35.3 0 64 28.7 64 64l0 256c0 35.3-28.7 64-64 64L64 448c-35.3 0-64-28.7-64-64L0 128zM559.1 99.8c10.4 5.6 16.9 16.4 16.9 28.2l0 256c0 11.8-6.5 22.6-16.9 28.2s-23 5-32.9-1.6l-96-64L416 337.1l0-17.1 0-128 0-17.1 14.2-9.5 96-64c9.8-6.5 22.4-7.2 32.9-1.6z\"><\/path><\/svg><\/span> <a href=\"https:\/\/www.youtube.com\/watch?v=pCIfIuBl8hU\" target=\"_blank\" rel=\"noreferrer noopener\"><strong><em>VOIR LE REPLAY<\/em><\/strong><\/a><\/p>\n\n\n\n<p><strong>Mardi 30 avril 2024<\/strong><br><strong>Projet \u00e9cran : Parlons de notre exposition aux \u00e9crans du quotidien<\/strong><br>Intervenant : Dr Pierre-Emmanuel ROZIER <em>praticien hospitalier du CH des Pyr\u00e9n\u00e9es, Pau<\/em><br><span class=\"wp-rich-text-font-awesome-icon wp-font-awesome-icon\"><svg aria-hidden=\"true\" focusable=\"false\" data-prefix=\"fas\" data-icon=\"video\" class=\"svg-inline--fa fa-video \" role=\"img\" xmlns=\"http:\/\/www.w3.org\/2000\/svg\" viewBox=\"0 0 576 512\"><path fill=\"currentColor\" d=\"M0 128C0 92.7 28.7 64 64 64l256 0c35.3 0 64 28.7 64 64l0 256c0 35.3-28.7 64-64 64L64 448c-35.3 0-64-28.7-64-64L0 128zM559.1 99.8c10.4 5.6 16.9 16.4 16.9 28.2l0 256c0 11.8-6.5 22.6-16.9 28.2s-23 5-32.9-1.6l-96-64L416 337.1l0-17.1 0-128 0-17.1 14.2-9.5 96-64c9.8-6.5 22.4-7.2 32.9-1.6z\"><\/path><\/svg><\/span> <a href=\"https:\/\/www.youtube.com\/watch?v=3FiZfkYHdd4\" target=\"_blank\" rel=\"noreferrer noopener\"><strong><em>VOIR LE REPLAY<\/em><\/strong><\/a><\/p>\n\n\n\n<p><strong><a href=\"https:\/\/sanpsy.u-bordeaux.fr\/fr\/formation\/addictologie\/rida\/\" data-type=\"page\" data-id=\"511\">\u21b5 Revenir \u00e0 la page pr\u00e9c\u00e9dente<\/a><\/strong><\/p>\n\n\n\n<p><\/p>\n","protected":false},"excerpt":{"rendered":"<p>Jeudi 19 octobre 2023L&rsquo;Observatoire R\u00e9gional de Sant\u00e9 Nouvelle-Aquitaine : apports potentiels dans le domaine de l&rsquo;addictologieIntervenant : Julien GiraudDirecteur de [&hellip;]<\/p>\n","protected":false},"author":14,"featured_media":0,"parent":511,"menu_order":0,"comment_status":"closed","ping_status":"closed","template":"","meta":{"footnotes":""},"class_list":["post-527","page","type-page","status-publish","hentry"],"_links":{"self":[{"href":"https:\/\/sanpsy.u-bordeaux.fr\/fr\/wp-json\/wp\/v2\/pages\/527","targetHints":{"allow":["GET"]}}],"collection":[{"href":"https:\/\/sanpsy.u-bordeaux.fr\/fr\/wp-json\/wp\/v2\/pages"}],"about":[{"href":"https:\/\/sanpsy.u-bordeaux.fr\/fr\/wp-json\/wp\/v2\/types\/page"}],"author":[{"embeddable":true,"href":"https:\/\/sanpsy.u-bordeaux.fr\/fr\/wp-json\/wp\/v2\/users\/14"}],"replies":[{"embeddable":true,"href":"https:\/\/sanpsy.u-bordeaux.fr\/fr\/wp-json\/wp\/v2\/comments?post=527"}],"version-history":[{"count":5,"href":"https:\/\/sanpsy.u-bordeaux.fr\/fr\/wp-json\/wp\/v2\/pages\/527\/revisions"}],"predecessor-version":[{"id":765,"href":"https:\/\/sanpsy.u-bordeaux.fr\/fr\/wp-json\/wp\/v2\/pages\/527\/revisions\/765"}],"up":[{"embeddable":true,"href":"https:\/\/sanpsy.u-bordeaux.fr\/fr\/wp-json\/wp\/v2\/pages\/511"}],"wp:attachment":[{"href":"https:\/\/sanpsy.u-bordeaux.fr\/fr\/wp-json\/wp\/v2\/media?parent=527"}],"curies":[{"name":"wp","href":"https:\/\/api.w.org\/{rel}","templated":true}]}}