{"id":526,"date":"2025-08-13T07:23:18","date_gmt":"2025-08-13T07:23:18","guid":{"rendered":"https:\/\/sanpsy-prod.onlinecreation.pro\/?page_id=526"},"modified":"2026-01-29T14:38:27","modified_gmt":"2026-01-29T14:38:27","slug":"rida-programme-2024-2025","status":"publish","type":"page","link":"https:\/\/sanpsy.u-bordeaux.fr\/fr\/formation\/addictologie\/rida\/rida-programme-2024-2025\/","title":{"rendered":"RIDA &#8211; Programme 2024-2025"},"content":{"rendered":"\n<p><strong><em>Ce programme est susceptible d&rsquo;\u00eatre mis \u00e0 jour, consultez-le r\u00e9guli\u00e8rement svp<\/em><\/strong><\/p>\n\n\n\n<p><strong>Mardi<\/strong><strong> 29 octobre 2024<\/strong><br><strong>Les conduites auto-agressives \u00e0 r\u00e9p\u00e9tition sont-elles une addiction ?<\/strong><br>Intervenant : C\u00e9dric Ah-Tchine<br><em>P\u00f4le InterEtablissement d&rsquo;Addictologie, Bordeaux<\/em><br>&nbsp;<\/p>\n\n\n\n<p><strong>Mardi 10 d\u00e9cembre 2024<\/strong><br><strong>La d\u00e9ficience de la vitamine D comme pr\u00e9dicteur de l&rsquo;intensit\u00e9 du craving et de la reconsommation<\/strong><br>Intervenant : Luca Pavirani<br><em>P\u00f4le InterEtablissement d&rsquo;Addictologie, Bordeaux<\/em><br><span class=\"wp-rich-text-font-awesome-icon wp-font-awesome-icon\"><svg aria-hidden=\"true\" focusable=\"false\" data-prefix=\"fas\" data-icon=\"video\" class=\"svg-inline--fa fa-video \" role=\"img\" xmlns=\"http:\/\/www.w3.org\/2000\/svg\" viewBox=\"0 0 576 512\"><path fill=\"currentColor\" d=\"M0 128C0 92.7 28.7 64 64 64l256 0c35.3 0 64 28.7 64 64l0 256c0 35.3-28.7 64-64 64L64 448c-35.3 0-64-28.7-64-64L0 128zM559.1 99.8c10.4 5.6 16.9 16.4 16.9 28.2l0 256c0 11.8-6.5 22.6-16.9 28.2s-23 5-32.9-1.6l-96-64L416 337.1l0-17.1 0-128 0-17.1 14.2-9.5 96-64c9.8-6.5 22.4-7.2 32.9-1.6z\"><\/path><\/svg><\/span> <a href=\"https:\/\/youtu.be\/OQu4UQsB03k\" target=\"_blank\" rel=\"noreferrer noopener\"><strong><em>VOIR LE REPLAY<\/em><\/strong><\/a><\/p>\n\n\n\n<p><strong>Mardi 11 f\u00e9vrier 2025<\/strong><br><strong>Int\u00e9r\u00eat de l&rsquo;activit\u00e9 physique adapt\u00e9e dans la prise en charge en addictologie<\/strong><br>Intervenants : Julie Collombat, di\u00e9t\u00e9ticienne addictologue, et le Service Activit\u00e9s Physiques Adapt\u00e9es et Sportives du CH Charles Perrens<br><span class=\"wp-rich-text-font-awesome-icon wp-font-awesome-icon\"><svg aria-hidden=\"true\" focusable=\"false\" data-prefix=\"fas\" data-icon=\"video\" class=\"svg-inline--fa fa-video \" role=\"img\" xmlns=\"http:\/\/www.w3.org\/2000\/svg\" viewBox=\"0 0 576 512\"><path fill=\"currentColor\" d=\"M0 128C0 92.7 28.7 64 64 64l256 0c35.3 0 64 28.7 64 64l0 256c0 35.3-28.7 64-64 64L64 448c-35.3 0-64-28.7-64-64L0 128zM559.1 99.8c10.4 5.6 16.9 16.4 16.9 28.2l0 256c0 11.8-6.5 22.6-16.9 28.2s-23 5-32.9-1.6l-96-64L416 337.1l0-17.1 0-128 0-17.1 14.2-9.5 96-64c9.8-6.5 22.4-7.2 32.9-1.6z\"><\/path><\/svg><\/span> <a href=\"https:\/\/youtu.be\/7BLsrZY_W64\" target=\"_blank\" rel=\"noreferrer noopener\"><strong><em>VOIR LE REPLAY<\/em><\/strong><\/a><\/p>\n\n\n\n<p><strong>Jeudi 15 mai 2025<\/strong><br><strong>Les psych\u00e9d\u00e9liques dans le traitement des addictions : mod\u00e9lisation multidimensionnelle de l&rsquo;exp\u00e9rience subjective, corr\u00e9lats neurobiologiques et r\u00f4le de la flexibilit\u00e9 psychologique<\/strong><br>Intervenant : Dr Ewen Kervadec, psychiatre, actuellement en ann\u00e9e de recherche ARS IDF Master 2 Biostatistiques au sein du laboratoire SANPSY &#8211; Le RIDA portera sur ses travaux sur les psych\u00e9d\u00e9liques au sein de l&rsquo;\u00e9quipe PSYCOMADD du CHU Paul Brousse AP-HP (Pr. Amine Benyamina, Dr. Bruno Rom\u00e9o)<br><span class=\"wp-rich-text-font-awesome-icon wp-font-awesome-icon\"><svg aria-hidden=\"true\" focusable=\"false\" data-prefix=\"fas\" data-icon=\"video\" class=\"svg-inline--fa fa-video \" role=\"img\" xmlns=\"http:\/\/www.w3.org\/2000\/svg\" viewBox=\"0 0 576 512\"><path fill=\"currentColor\" d=\"M0 128C0 92.7 28.7 64 64 64l256 0c35.3 0 64 28.7 64 64l0 256c0 35.3-28.7 64-64 64L64 448c-35.3 0-64-28.7-64-64L0 128zM559.1 99.8c10.4 5.6 16.9 16.4 16.9 28.2l0 256c0 11.8-6.5 22.6-16.9 28.2s-23 5-32.9-1.6l-96-64L416 337.1l0-17.1 0-128 0-17.1 14.2-9.5 96-64c9.8-6.5 22.4-7.2 32.9-1.6z\"><\/path><\/svg><\/span> <a href=\"https:\/\/www.youtube.com\/watch?v=J3VvCIGfpWU\" target=\"_blank\" rel=\"noreferrer noopener\"><strong><em>VOIR LE REPLAY<\/em><\/strong><\/a><\/p>\n\n\n\n<p><strong>Mardi 16 d\u00e9cembre 2025<\/strong><br><strong><strong>Pr\u00e9sentation\u00a0de la fili\u00e8re r\u00e9duction des risques au sein du CSAPA de la Croix Rousse<\/strong><\/strong><br>Intervenant : Fr\u00e9d\u00e9rique Buathier (infirmier) et Matthieu Chappuy (pharmacien), H\u00f4pital de la Croix Rousse<br><span class=\"wp-rich-text-font-awesome-icon wp-font-awesome-icon\"><svg aria-hidden=\"true\" focusable=\"false\" data-prefix=\"fas\" data-icon=\"video\" class=\"svg-inline--fa fa-video \" role=\"img\" xmlns=\"http:\/\/www.w3.org\/2000\/svg\" viewBox=\"0 0 576 512\"><path fill=\"currentColor\" d=\"M0 128C0 92.7 28.7 64 64 64l256 0c35.3 0 64 28.7 64 64l0 256c0 35.3-28.7 64-64 64L64 448c-35.3 0-64-28.7-64-64L0 128zM559.1 99.8c10.4 5.6 16.9 16.4 16.9 28.2l0 256c0 11.8-6.5 22.6-16.9 28.2s-23 5-32.9-1.6l-96-64L416 337.1l0-17.1 0-128 0-17.1 14.2-9.5 96-64c9.8-6.5 22.4-7.2 32.9-1.6z\"><\/path><\/svg><\/span> <strong><em><a href=\"https:\/\/www.youtube.com\/watch?v=x1WPkEAqVe4&amp;feature=youtu.be\">VOIR LE REPLAY<\/a><\/em><\/strong><\/p>\n\n\n\n<p><strong>Report\u00e9<\/strong><br><strong>Pr\u00e9sentation du dispositif \u00ab\u00a0Bordeaux M\u00e9tropole sans h\u00e9patite virale\u00a0\u00bb, pr\u00e9sentation des h\u00e9patites virales<\/strong><br>Intervenante : Mme Anne-Laure De Araujo, coordonatrice de projet Bordeaux M\u00e9tropole sans h\u00e9patite virale<br>Centre expert h\u00e9patites virales Aquitaine, CHU de Bordeaux &#8211; H\u00f4pital Haut L\u00e9v\u00eaque<\/p>\n\n\n\n<p><a href=\"https:\/\/sanpsy.u-bordeaux.fr\/fr\/static85\/rida\"><strong>\u21b5 <\/strong><\/a><strong><a href=\"https:\/\/sanpsy.u-bordeaux.fr\/fr\/formation\/addictologie\/rida\/\" data-type=\"page\" data-id=\"511\">Revenir \u00e0 la page pr\u00e9c\u00e9dente<\/a><\/strong><\/p>\n","protected":false},"excerpt":{"rendered":"<p>Ce programme est susceptible d&rsquo;\u00eatre mis \u00e0 jour, consultez-le r\u00e9guli\u00e8rement svp Mardi 29 octobre 2024Les conduites auto-agressives \u00e0 r\u00e9p\u00e9tition sont-elles [&hellip;]<\/p>\n","protected":false},"author":14,"featured_media":0,"parent":511,"menu_order":0,"comment_status":"closed","ping_status":"closed","template":"","meta":{"footnotes":""},"class_list":["post-526","page","type-page","status-publish","hentry"],"_links":{"self":[{"href":"https:\/\/sanpsy.u-bordeaux.fr\/fr\/wp-json\/wp\/v2\/pages\/526","targetHints":{"allow":["GET"]}}],"collection":[{"href":"https:\/\/sanpsy.u-bordeaux.fr\/fr\/wp-json\/wp\/v2\/pages"}],"about":[{"href":"https:\/\/sanpsy.u-bordeaux.fr\/fr\/wp-json\/wp\/v2\/types\/page"}],"author":[{"embeddable":true,"href":"https:\/\/sanpsy.u-bordeaux.fr\/fr\/wp-json\/wp\/v2\/users\/14"}],"replies":[{"embeddable":true,"href":"https:\/\/sanpsy.u-bordeaux.fr\/fr\/wp-json\/wp\/v2\/comments?post=526"}],"version-history":[{"count":6,"href":"https:\/\/sanpsy.u-bordeaux.fr\/fr\/wp-json\/wp\/v2\/pages\/526\/revisions"}],"predecessor-version":[{"id":1182,"href":"https:\/\/sanpsy.u-bordeaux.fr\/fr\/wp-json\/wp\/v2\/pages\/526\/revisions\/1182"}],"up":[{"embeddable":true,"href":"https:\/\/sanpsy.u-bordeaux.fr\/fr\/wp-json\/wp\/v2\/pages\/511"}],"wp:attachment":[{"href":"https:\/\/sanpsy.u-bordeaux.fr\/fr\/wp-json\/wp\/v2\/media?parent=526"}],"curies":[{"name":"wp","href":"https:\/\/api.w.org\/{rel}","templated":true}]}}