{"id":525,"date":"2025-08-13T07:28:44","date_gmt":"2025-08-13T07:28:44","guid":{"rendered":"https:\/\/sanpsy-prod.onlinecreation.pro\/?page_id=525"},"modified":"2025-08-21T15:24:30","modified_gmt":"2025-08-21T15:24:30","slug":"rida-programme-2022-2023","status":"publish","type":"page","link":"https:\/\/sanpsy.u-bordeaux.fr\/fr\/formation\/addictologie\/rida\/rida-programme-2022-2023\/","title":{"rendered":"RIDA &#8211; Programme 2022-2023"},"content":{"rendered":"\n<p><strong>Mardi 27 septembre 2022<\/strong><br><strong>Stigma associ\u00e9 au tabagisme durant la grossesse et sur ses \u00e9ventuelles cons\u00e9quences\u00a0: Cr\u00e9ation d\u2019une vid\u00e9o<\/strong><br>Intervenante : D\u00e9borah Loyal<br><em>Docteure en Psychologie &#8211; Maitresse de Conf\u00e9rence Universitaire, Universit\u00e9 Paris Cit\u00e9, CRPMS, F-75013, Paris, France<\/em><\/p>\n\n\n\n<p><strong><a href=\"https:\/\/youtu.be\/Qbk_nyCg0eM\"><\/a><\/strong><span class=\"wp-rich-text-font-awesome-icon wp-font-awesome-icon\"><svg aria-hidden=\"true\" focusable=\"false\" data-prefix=\"fas\" data-icon=\"video\" class=\"svg-inline--fa fa-video \" role=\"img\" xmlns=\"http:\/\/www.w3.org\/2000\/svg\" viewBox=\"0 0 576 512\"><path fill=\"currentColor\" d=\"M0 128C0 92.7 28.7 64 64 64l256 0c35.3 0 64 28.7 64 64l0 256c0 35.3-28.7 64-64 64L64 448c-35.3 0-64-28.7-64-64L0 128zM559.1 99.8c10.4 5.6 16.9 16.4 16.9 28.2l0 256c0 11.8-6.5 22.6-16.9 28.2s-23 5-32.9-1.6l-96-64L416 337.1l0-17.1 0-128 0-17.1 14.2-9.5 96-64c9.8-6.5 22.4-7.2 32.9-1.6z\"><\/path><\/svg><\/span> <strong><a href=\"https:\/\/youtu.be\/Qbk_nyCg0eM\"><em>VOIR<code> LE REPLAY<\/code><\/em><\/a><\/strong><\/p>\n\n\n\n<p><strong>Jeudi 6 octobre 2022<\/strong><br><strong>Diagnostic de territoire \u00ab constats, pratiques et besoins autour des consommations et conduites addictives aupr\u00e8s des CHRS et MR de Bordeaux M\u00e9tropole \u00bb<\/strong><br>Intervenante : Audrey Penot<br><em>\u00c9ducatrice Sp\u00e9cialis\u00e9e \u2013 CSAPA PIEA CHCP-CHU<\/em><br><span class=\"wp-rich-text-font-awesome-icon wp-font-awesome-icon\"><svg aria-hidden=\"true\" focusable=\"false\" data-prefix=\"fas\" data-icon=\"video\" class=\"svg-inline--fa fa-video \" role=\"img\" xmlns=\"http:\/\/www.w3.org\/2000\/svg\" viewBox=\"0 0 576 512\"><path fill=\"currentColor\" d=\"M0 128C0 92.7 28.7 64 64 64l256 0c35.3 0 64 28.7 64 64l0 256c0 35.3-28.7 64-64 64L64 448c-35.3 0-64-28.7-64-64L0 128zM559.1 99.8c10.4 5.6 16.9 16.4 16.9 28.2l0 256c0 11.8-6.5 22.6-16.9 28.2s-23 5-32.9-1.6l-96-64L416 337.1l0-17.1 0-128 0-17.1 14.2-9.5 96-64c9.8-6.5 22.4-7.2 32.9-1.6z\"><\/path><\/svg><\/span> <strong><a href=\"https:\/\/www.youtube.com\/watch?v=wIQGNcAZ41A&amp;t=777s\"><em><strong><a href=\"https:\/\/www.youtube.com\/watch?v=wIQGNcAZ41A&amp;t=777s\"><em>VOIR LE REPLAY<\/em><\/a><\/strong><\/em><\/a><\/strong><\/p>\n\n\n\n<p><strong>Mardi<\/strong><strong> 29 novembre 2022<\/strong><br><strong>D\u00e9terminants psychologiques et comportementaux de la qualit\u00e9 de vie et de l\u2019usage probl\u00e9matique des jeux vid\u00e9o. Profil motivationnel chez des joueurs ayant une pratique intensive<\/strong><br>Intervenant : Maxime Larrieu<br><em>Issu de sa th\u00e8se de doctorat soutenue sous la direction du Dr Greg Decamps, Labpsy EA 4139 Univ. Bx<\/em><\/p>\n\n\n\n<p><span class=\"wp-rich-text-font-awesome-icon wp-font-awesome-icon\"><svg aria-hidden=\"true\" focusable=\"false\" data-prefix=\"fas\" data-icon=\"file-invoice\" class=\"svg-inline--fa fa-file-invoice \" role=\"img\" xmlns=\"http:\/\/www.w3.org\/2000\/svg\" viewBox=\"0 0 384 512\"><path fill=\"currentColor\" d=\"M64 0C28.7 0 0 28.7 0 64L0 448c0 35.3 28.7 64 64 64l256 0c35.3 0 64-28.7 64-64l0-288-128 0c-17.7 0-32-14.3-32-32L224 0 64 0zM256 0l0 128 128 0L256 0zM80 64l64 0c8.8 0 16 7.2 16 16s-7.2 16-16 16L80 96c-8.8 0-16-7.2-16-16s7.2-16 16-16zm0 64l64 0c8.8 0 16 7.2 16 16s-7.2 16-16 16l-64 0c-8.8 0-16-7.2-16-16s7.2-16 16-16zm16 96l192 0c17.7 0 32 14.3 32 32l0 64c0 17.7-14.3 32-32 32L96 352c-17.7 0-32-14.3-32-32l0-64c0-17.7 14.3-32 32-32zm0 32l0 64 192 0 0-64L96 256zM240 416l64 0c8.8 0 16 7.2 16 16s-7.2 16-16 16l-64 0c-8.8 0-16-7.2-16-16s7.2-16 16-16z\"><\/path><\/svg><\/span> <a href=\"https:\/\/www.sciencedirect.com\/science\/article\/pii\/S0306460322001290?via%3Dihub\"><strong><em>LIEN VERS LA PUBLICATION (Larrieu et al. 2022, Addictive Behaviors)<\/em><\/strong><\/a><\/p>\n\n\n\n<p><strong>Mardi<\/strong><strong> 20 d\u00e9cembre 2022<\/strong><br><strong>Chemsex : proposition de prise en charge, compl\u00e9mentarit\u00e9 et approche communautaire<\/strong><br>Intervenantes : Aur\u00e9lie Lazes-Charmettant <em>(CEID-Addictions)<\/em><br>et Mathilde Carreau <em>(AIDES)<\/em><\/p>\n\n\n\n<p><span class=\"wp-rich-text-font-awesome-icon wp-font-awesome-icon\"><svg aria-hidden=\"true\" focusable=\"false\" data-prefix=\"fas\" data-icon=\"video\" class=\"svg-inline--fa fa-video \" role=\"img\" xmlns=\"http:\/\/www.w3.org\/2000\/svg\" viewBox=\"0 0 576 512\"><path fill=\"currentColor\" d=\"M0 128C0 92.7 28.7 64 64 64l256 0c35.3 0 64 28.7 64 64l0 256c0 35.3-28.7 64-64 64L64 448c-35.3 0-64-28.7-64-64L0 128zM559.1 99.8c10.4 5.6 16.9 16.4 16.9 28.2l0 256c0 11.8-6.5 22.6-16.9 28.2s-23 5-32.9-1.6l-96-64L416 337.1l0-17.1 0-128 0-17.1 14.2-9.5 96-64c9.8-6.5 22.4-7.2 32.9-1.6z\"><\/path><\/svg><\/span> <strong><a href=\"https:\/\/www.youtube.com\/watch?v=DWK8PSI3C48\"><em>VOIR LE REPLAY<\/em><\/a><\/strong><\/p>\n\n\n\n<p><strong>Jeudi<\/strong><strong> 23 f\u00e9vrier 2023<\/strong><br><strong>Hospitalisation \u00e0 domicile pour les sevrages en alcool. Exemple de l&rsquo;Hopital Suburbain du Bouscat (33)<\/strong><br>Intervenantes : Dr Nathalie Lajzerowicz, Dr Ma\u00eft\u00e9 Chipi, Aude Larosa (IDE)<\/p>\n\n\n\n<p><span class=\"wp-rich-text-font-awesome-icon wp-font-awesome-icon\"><svg aria-hidden=\"true\" focusable=\"false\" data-prefix=\"fas\" data-icon=\"video\" class=\"svg-inline--fa fa-video \" role=\"img\" xmlns=\"http:\/\/www.w3.org\/2000\/svg\" viewBox=\"0 0 576 512\"><path fill=\"currentColor\" d=\"M0 128C0 92.7 28.7 64 64 64l256 0c35.3 0 64 28.7 64 64l0 256c0 35.3-28.7 64-64 64L64 448c-35.3 0-64-28.7-64-64L0 128zM559.1 99.8c10.4 5.6 16.9 16.4 16.9 28.2l0 256c0 11.8-6.5 22.6-16.9 28.2s-23 5-32.9-1.6l-96-64L416 337.1l0-17.1 0-128 0-17.1 14.2-9.5 96-64c9.8-6.5 22.4-7.2 32.9-1.6z\"><\/path><\/svg><\/span> <a href=\"https:\/\/www.youtube.com\/watch?v=U1OFwl0Su-U&amp;t=1769s\" target=\"_blank\" rel=\"noreferrer noopener\"><strong><em>VOIR LE REPLAY<\/em><\/strong><\/a><\/p>\n\n\n\n<p><strong>Jeudi<\/strong><strong> 16 mars 2023<\/strong><br><strong>Atelier Les Mots du Corps. Int\u00e9r\u00eat de la pratique de Clown et d&rsquo;Expression corporelle dans un service d&rsquo;addictologie<\/strong><br>Intervenantes : Julie Colombat (di\u00e9t\u00e9ticienne addictologue), Val\u00e9rie Cadet (artiste clown), Jessica Conti (danseuse chor\u00e9graphe)<\/p>\n\n\n\n<p><a href=\"https:\/\/www.youtube.com\/watch?v=ivmfLJqz7W4\" target=\"_blank\" rel=\"noreferrer noopener\"><strong><em>VOIR LE REPLAY<\/em><\/strong><\/a><\/p>\n\n\n\n<p><strong>Mardi 23 mai 2023<\/strong><br><strong>La d\u00e9pendance \u00e0 l&rsquo;exercice physique : un mod\u00e8le d&rsquo;addiction comportementale ?<\/strong><br>Intervenant : Dr Pierre-Emmanuel ROZIER, psychiatre addictologue CH des Pyr\u00e9n\u00e9es, Pau<\/p>\n\n\n\n<p><span class=\"wp-rich-text-font-awesome-icon wp-font-awesome-icon\"><svg aria-hidden=\"true\" focusable=\"false\" data-prefix=\"fas\" data-icon=\"video\" class=\"svg-inline--fa fa-video \" role=\"img\" xmlns=\"http:\/\/www.w3.org\/2000\/svg\" viewBox=\"0 0 576 512\"><path fill=\"currentColor\" d=\"M0 128C0 92.7 28.7 64 64 64l256 0c35.3 0 64 28.7 64 64l0 256c0 35.3-28.7 64-64 64L64 448c-35.3 0-64-28.7-64-64L0 128zM559.1 99.8c10.4 5.6 16.9 16.4 16.9 28.2l0 256c0 11.8-6.5 22.6-16.9 28.2s-23 5-32.9-1.6l-96-64L416 337.1l0-17.1 0-128 0-17.1 14.2-9.5 96-64c9.8-6.5 22.4-7.2 32.9-1.6z\"><\/path><\/svg><\/span> <a href=\"https:\/\/www.youtube.com\/watch?v=Pfg-EPH2mu8\" target=\"_blank\" rel=\"noreferrer noopener\"><strong><em>VOIR LE REPLAY<\/em><\/strong><\/a><\/p>\n\n\n\n<p><span class=\"wp-rich-text-font-awesome-icon wp-font-awesome-icon\"><svg aria-hidden=\"true\" focusable=\"false\" data-prefix=\"fas\" data-icon=\"file-invoice\" class=\"svg-inline--fa fa-file-invoice \" role=\"img\" xmlns=\"http:\/\/www.w3.org\/2000\/svg\" viewBox=\"0 0 384 512\"><path fill=\"currentColor\" d=\"M64 0C28.7 0 0 28.7 0 64L0 448c0 35.3 28.7 64 64 64l256 0c35.3 0 64-28.7 64-64l0-288-128 0c-17.7 0-32-14.3-32-32L224 0 64 0zM256 0l0 128 128 0L256 0zM80 64l64 0c8.8 0 16 7.2 16 16s-7.2 16-16 16L80 96c-8.8 0-16-7.2-16-16s7.2-16 16-16zm0 64l64 0c8.8 0 16 7.2 16 16s-7.2 16-16 16l-64 0c-8.8 0-16-7.2-16-16s7.2-16 16-16zm16 96l192 0c17.7 0 32 14.3 32 32l0 64c0 17.7-14.3 32-32 32L96 352c-17.7 0-32-14.3-32-32l0-64c0-17.7 14.3-32 32-32zm0 32l0 64 192 0 0-64L96 256zM240 416l64 0c8.8 0 16 7.2 16 16s-7.2 16-16 16l-64 0c-8.8 0-16-7.2-16-16s7.2-16 16-16z\"><\/path><\/svg><\/span> <a href=\"https:\/\/dune.univ-angers.fr\/fichiers\/15009158\/2019MDEPS11545\/fichier\/11545F.pdf\"><strong><em>Lien vers la th\u00e8se du Dr Rozier sur ce sujet<\/em><\/strong><\/a><\/p>\n\n\n\n<p><a href=\"https:\/\/sanpsy.u-bordeaux.fr\/fr\/static85\/rida\"><strong>\u21b5 <\/strong><\/a><strong><a href=\"https:\/\/sanpsy.u-bordeaux.fr\/fr\/formation\/addictologie\/rida\/\" data-type=\"page\" data-id=\"511\">Revenir \u00e0 la page pr\u00e9c\u00e9dente<\/a><\/strong><\/p>\n\n\n\n<p><\/p>\n","protected":false},"excerpt":{"rendered":"<p>Mardi 27 septembre 2022Stigma associ\u00e9 au tabagisme durant la grossesse et sur ses \u00e9ventuelles cons\u00e9quences\u00a0: Cr\u00e9ation d\u2019une vid\u00e9oIntervenante : D\u00e9borah [&hellip;]<\/p>\n","protected":false},"author":14,"featured_media":0,"parent":511,"menu_order":0,"comment_status":"closed","ping_status":"closed","template":"","meta":{"footnotes":"[]"},"class_list":["post-525","page","type-page","status-publish","hentry"],"_links":{"self":[{"href":"https:\/\/sanpsy.u-bordeaux.fr\/fr\/wp-json\/wp\/v2\/pages\/525","targetHints":{"allow":["GET"]}}],"collection":[{"href":"https:\/\/sanpsy.u-bordeaux.fr\/fr\/wp-json\/wp\/v2\/pages"}],"about":[{"href":"https:\/\/sanpsy.u-bordeaux.fr\/fr\/wp-json\/wp\/v2\/types\/page"}],"author":[{"embeddable":true,"href":"https:\/\/sanpsy.u-bordeaux.fr\/fr\/wp-json\/wp\/v2\/users\/14"}],"replies":[{"embeddable":true,"href":"https:\/\/sanpsy.u-bordeaux.fr\/fr\/wp-json\/wp\/v2\/comments?post=525"}],"version-history":[{"count":6,"href":"https:\/\/sanpsy.u-bordeaux.fr\/fr\/wp-json\/wp\/v2\/pages\/525\/revisions"}],"predecessor-version":[{"id":773,"href":"https:\/\/sanpsy.u-bordeaux.fr\/fr\/wp-json\/wp\/v2\/pages\/525\/revisions\/773"}],"up":[{"embeddable":true,"href":"https:\/\/sanpsy.u-bordeaux.fr\/fr\/wp-json\/wp\/v2\/pages\/511"}],"wp:attachment":[{"href":"https:\/\/sanpsy.u-bordeaux.fr\/fr\/wp-json\/wp\/v2\/media?parent=525"}],"curies":[{"name":"wp","href":"https:\/\/api.w.org\/{rel}","templated":true}]}}