{"id":513,"date":"2025-08-13T07:10:55","date_gmt":"2025-08-13T07:10:55","guid":{"rendered":"https:\/\/sanpsy-prod.onlinecreation.pro\/?page_id=513"},"modified":"2025-10-09T16:12:25","modified_gmt":"2025-10-09T16:12:25","slug":"sauto-former-a-laddiction-severity-index","status":"publish","type":"page","link":"https:\/\/sanpsy.u-bordeaux.fr\/fr\/formation\/addictologie\/laddiction-severity-index\/sauto-former-a-laddiction-severity-index\/","title":{"rendered":"S&rsquo;auto-former \u00e0 l&rsquo;Addiction Severity Index"},"content":{"rendered":"\n<p>Vous trouverez sur cette page des <strong>ressources mises \u00e0 votre disposition pour vous auto-former \u00e0 l&rsquo;ASI dans sa version actuelle<\/strong>. Ces documents sont r\u00e9guli\u00e8rement mis \u00e0 jour, pensez \u00e0 venir r\u00e9guli\u00e8rement.<\/p>\n\n\n\n<p><span class=\"wp-rich-text-font-awesome-icon wp-font-awesome-icon\"><svg aria-hidden=\"true\" focusable=\"false\" data-prefix=\"fas\" data-icon=\"download\" class=\"svg-inline--fa fa-download \" role=\"img\" xmlns=\"http:\/\/www.w3.org\/2000\/svg\" viewBox=\"0 0 512 512\"><path fill=\"currentColor\" d=\"M288 32c0-17.7-14.3-32-32-32s-32 14.3-32 32l0 242.7-73.4-73.4c-12.5-12.5-32.8-12.5-45.3 0s-12.5 32.8 0 45.3l128 128c12.5 12.5 32.8 12.5 45.3 0l128-128c12.5-12.5 12.5-32.8 0-45.3s-32.8-12.5-45.3 0L288 274.7 288 32zM64 352c-35.3 0-64 28.7-64 64l0 32c0 35.3 28.7 64 64 64l384 0c35.3 0 64-28.7 64-64l0-32c0-35.3-28.7-64-64-64l-101.5 0-45.3 45.3c-25 25-65.5 25-90.5 0L165.5 352 64 352zm368 56a24 24 0 1 1 0 48 24 24 0 1 1 0-48z\"><\/path><\/svg><\/span> <strong><a href=\"https:\/\/cdn-buni.onlc.eu\/wp-content\/uploads\/sites\/28\/2025\/10\/doc-ASI_mai_2024.pdf\">T\u00e9l\u00e9charger l&rsquo;ASI en fran\u00e7ais<\/a><\/strong> &#8211; document PDF<\/p>\n\n\n\n<p><span class=\"wp-rich-text-font-awesome-icon wp-font-awesome-icon\"><svg aria-hidden=\"true\" focusable=\"false\" data-prefix=\"fas\" data-icon=\"download\" class=\"svg-inline--fa fa-download \" role=\"img\" xmlns=\"http:\/\/www.w3.org\/2000\/svg\" viewBox=\"0 0 512 512\"><path fill=\"currentColor\" d=\"M288 32c0-17.7-14.3-32-32-32s-32 14.3-32 32l0 242.7-73.4-73.4c-12.5-12.5-32.8-12.5-45.3 0s-12.5 32.8 0 45.3l128 128c12.5 12.5 32.8 12.5 45.3 0l128-128c12.5-12.5 12.5-32.8 0-45.3s-32.8-12.5-45.3 0L288 274.7 288 32zM64 352c-35.3 0-64 28.7-64 64l0 32c0 35.3 28.7 64 64 64l384 0c35.3 0 64-28.7 64-64l0-32c0-35.3-28.7-64-64-64l-101.5 0-45.3 45.3c-25 25-65.5 25-90.5 0L165.5 352 64 352zm368 56a24 24 0 1 1 0 48 24 24 0 1 1 0-48z\"><\/path><\/svg><\/span> <strong><a href=\"https:\/\/cdn-buni.onlc.eu\/wp-content\/uploads\/sites\/28\/2025\/10\/doc-m_ASI_english.pdf\">T\u00e9l\u00e9charger l&rsquo;ASi en anglais<\/a> <\/strong>&#8211; document PDF<\/p>\n\n\n\n<p><span class=\"wp-rich-text-font-awesome-icon wp-font-awesome-icon\"><svg aria-hidden=\"true\" focusable=\"false\" data-prefix=\"fas\" data-icon=\"download\" class=\"svg-inline--fa fa-download \" role=\"img\" xmlns=\"http:\/\/www.w3.org\/2000\/svg\" viewBox=\"0 0 512 512\"><path fill=\"currentColor\" d=\"M288 32c0-17.7-14.3-32-32-32s-32 14.3-32 32l0 242.7-73.4-73.4c-12.5-12.5-32.8-12.5-45.3 0s-12.5 32.8 0 45.3l128 128c12.5 12.5 32.8 12.5 45.3 0l128-128c12.5-12.5 12.5-32.8 0-45.3s-32.8-12.5-45.3 0L288 274.7 288 32zM64 352c-35.3 0-64 28.7-64 64l0 32c0 35.3 28.7 64 64 64l384 0c35.3 0 64-28.7 64-64l0-32c0-35.3-28.7-64-64-64l-101.5 0-45.3 45.3c-25 25-65.5 25-90.5 0L165.5 352 64 352zm368 56a24 24 0 1 1 0 48 24 24 0 1 1 0-48z\"><\/path><\/svg><\/span> <strong><a href=\"https:\/\/cdn-buni.onlc.eu\/wp-content\/uploads\/sites\/28\/2025\/10\/doc-Manuel_ASI_mai2024.pdf\">T\u00e9l\u00e9charger le manuel de formation de l&rsquo;ASI<\/a><\/strong> &#8211; document PDF<\/p>\n\n\n\n<p><span class=\"wp-rich-text-font-awesome-icon wp-font-awesome-icon\"><svg aria-hidden=\"true\" focusable=\"false\" data-prefix=\"fas\" data-icon=\"download\" class=\"svg-inline--fa fa-download \" role=\"img\" xmlns=\"http:\/\/www.w3.org\/2000\/svg\" viewBox=\"0 0 512 512\"><path fill=\"currentColor\" d=\"M288 32c0-17.7-14.3-32-32-32s-32 14.3-32 32l0 242.7-73.4-73.4c-12.5-12.5-32.8-12.5-45.3 0s-12.5 32.8 0 45.3l128 128c12.5 12.5 32.8 12.5 45.3 0l128-128c12.5-12.5 12.5-32.8 0-45.3s-32.8-12.5-45.3 0L288 274.7 288 32zM64 352c-35.3 0-64 28.7-64 64l0 32c0 35.3 28.7 64 64 64l384 0c35.3 0 64-28.7 64-64l0-32c0-35.3-28.7-64-64-64l-101.5 0-45.3 45.3c-25 25-65.5 25-90.5 0L165.5 352 64 352zm368 56a24 24 0 1 1 0 48 24 24 0 1 1 0-48z\"><\/path><\/svg><\/span> <strong><a href=\"https:\/\/cdn-buni.onlc.eu\/wp-content\/uploads\/sites\/28\/2025\/10\/doc-miniguide-asi.pdf\">T\u00e9l\u00e9charger le mini-guide de l&rsquo;ASI<\/a><\/strong><a href=\"https:\/\/sanpsy.u-bordeaux.fr\/data\/documents\/Addicto_Cours\/asi\/miniguide-asi.pdf\" target=\"_blank\" rel=\"noreferrer noopener\"> <\/a>&#8211; document PDF<\/p>\n\n\n\n<p><span class=\"wp-rich-text-font-awesome-icon wp-font-awesome-icon\"><svg aria-hidden=\"true\" focusable=\"false\" data-prefix=\"fas\" data-icon=\"video\" class=\"svg-inline--fa fa-video \" role=\"img\" xmlns=\"http:\/\/www.w3.org\/2000\/svg\" viewBox=\"0 0 576 512\"><path fill=\"currentColor\" d=\"M0 128C0 92.7 28.7 64 64 64l256 0c35.3 0 64 28.7 64 64l0 256c0 35.3-28.7 64-64 64L64 448c-35.3 0-64-28.7-64-64L0 128zM559.1 99.8c10.4 5.6 16.9 16.4 16.9 28.2l0 256c0 11.8-6.5 22.6-16.9 28.2s-23 5-32.9-1.6l-96-64L416 337.1l0-17.1 0-128 0-17.1 14.2-9.5 96-64c9.8-6.5 22.4-7.2 32.9-1.6z\"><\/path><\/svg><\/span> <strong><a href=\"https:\/\/youtube.com\/watch?v=q9ejZDCHWoI%3Fsi%3DyGqywJlxfjTjLHhq\">Voir une vid\u00e9o de formation sur l&rsquo;entretien ASI<\/a><\/strong><\/p>\n\n\n\n<p><span class=\"wp-rich-text-font-awesome-icon wp-font-awesome-icon\"><svg aria-hidden=\"true\" focusable=\"false\" data-prefix=\"fas\" data-icon=\"download\" class=\"svg-inline--fa fa-download \" role=\"img\" xmlns=\"http:\/\/www.w3.org\/2000\/svg\" viewBox=\"0 0 512 512\"><path fill=\"currentColor\" d=\"M288 32c0-17.7-14.3-32-32-32s-32 14.3-32 32l0 242.7-73.4-73.4c-12.5-12.5-32.8-12.5-45.3 0s-12.5 32.8 0 45.3l128 128c12.5 12.5 32.8 12.5 45.3 0l128-128c12.5-12.5 12.5-32.8 0-45.3s-32.8-12.5-45.3 0L288 274.7 288 32zM64 352c-35.3 0-64 28.7-64 64l0 32c0 35.3 28.7 64 64 64l384 0c35.3 0 64-28.7 64-64l0-32c0-35.3-28.7-64-64-64l-101.5 0-45.3 45.3c-25 25-65.5 25-90.5 0L165.5 352 64 352zm368 56a24 24 0 1 1 0 48 24 24 0 1 1 0-48z\"><\/path><\/svg><\/span> <strong><a href=\"https:\/\/cdn-buni.onlc.eu\/wp-content\/uploads\/sites\/28\/2025\/10\/doc-correction-video-asi-2014.pdf\">T\u00e9l\u00e9charger la correction de la vid\u00e9o d&rsquo;entretien<\/a><\/strong> &#8211; document PDF<\/p>\n\n\n\n<p><em>Attention : il est recommand\u00e9 de s&rsquo;entrainer \u00e0 remplir une ASI en regardant la vid\u00e9o AVANT de regarder la correction de la vid\u00e9o<\/em><\/p>\n\n\n\n<p><span class=\"wp-rich-text-font-awesome-icon wp-font-awesome-icon\"><svg aria-hidden=\"true\" focusable=\"false\" data-prefix=\"fas\" data-icon=\"download\" class=\"svg-inline--fa fa-download \" role=\"img\" xmlns=\"http:\/\/www.w3.org\/2000\/svg\" viewBox=\"0 0 512 512\"><path fill=\"currentColor\" d=\"M288 32c0-17.7-14.3-32-32-32s-32 14.3-32 32l0 242.7-73.4-73.4c-12.5-12.5-32.8-12.5-45.3 0s-12.5 32.8 0 45.3l128 128c12.5 12.5 32.8 12.5 45.3 0l128-128c12.5-12.5 12.5-32.8 0-45.3s-32.8-12.5-45.3 0L288 274.7 288 32zM64 352c-35.3 0-64 28.7-64 64l0 32c0 35.3 28.7 64 64 64l384 0c35.3 0 64-28.7 64-64l0-32c0-35.3-28.7-64-64-64l-101.5 0-45.3 45.3c-25 25-65.5 25-90.5 0L165.5 352 64 352zm368 56a24 24 0 1 1 0 48 24 24 0 1 1 0-48z\"><\/path><\/svg><\/span> <strong><a href=\"https:\/\/cdn-buni.onlc.eu\/wp-content\/uploads\/sites\/28\/2025\/10\/doc-asi-adolescents.pdf\">T\u00e9l\u00e9charger la version de l&rsquo;ASI pour les adolescents<\/a><\/strong> &#8211; document PDF<\/p>\n\n\n\n<p><em>Les principes et r\u00e8gles de cotation du Manuel de formation de l&rsquo;ASI (adultes) s&rsquo;appliquent aussi \u00e0 la version de l&rsquo;ASI pour les adolescents. Celle-ci \u00e9value les m\u00eames domaines que l&rsquo;ASI adultes, avec des adaptations ainsi que de nouveaux items (ex : scolarit\u00e9, occupations, mesures de protections, etc).<\/em><\/p>\n\n\n\n<p><span class=\"wp-rich-text-font-awesome-icon wp-font-awesome-icon\"><svg aria-hidden=\"true\" focusable=\"false\" data-prefix=\"fas\" data-icon=\"question\" class=\"svg-inline--fa fa-question \" role=\"img\" xmlns=\"http:\/\/www.w3.org\/2000\/svg\" viewBox=\"0 0 320 512\"><path fill=\"currentColor\" d=\"M80 160c0-35.3 28.7-64 64-64l32 0c35.3 0 64 28.7 64 64l0 3.6c0 21.8-11.1 42.1-29.4 53.8l-42.2 27.1c-25.2 16.2-40.4 44.1-40.4 74l0 1.4c0 17.7 14.3 32 32 32s32-14.3 32-32l0-1.4c0-8.2 4.2-15.8 11-20.2l42.2-27.1c36.6-23.6 58.8-64.1 58.8-107.7l0-3.6c0-70.7-57.3-128-128-128l-32 0C73.3 32 16 89.3 16 160c0 17.7 14.3 32 32 32s32-14.3 32-32zm80 320a40 40 0 1 0 0-80 40 40 0 1 0 0 80z\"><\/path><\/svg><\/span> <strong>Poser vos questions ou demander des conseils sur l&rsquo;ASI :<\/strong><\/p>\n\n\n\n<p>&nbsp;&nbsp; &#8211; par email : jean-marc.alexandre@u-bordeaux.fr<\/p>\n\n\n\n<p>&nbsp;&nbsp; &#8211; par t\u00e9l\u00e9phone : 05 56 56 17 38<\/p>\n\n\n\n<p>\u21b5 <a href=\"https:\/\/sanpsy.u-bordeaux.fr\/fr\/formation\/addictologie\/laddiction-severity-index\/\" data-type=\"link\" data-id=\"https:\/\/sanpsy-prod.onlinecreation.pro\/fr\/formation\/addictologie\/laddiction-severity-index\/\">Revenir \u00e0 la page pr\u00e9c\u00e9dente<\/a><\/p>\n\n\n\n<p><\/p>\n","protected":false},"excerpt":{"rendered":"<p>Vous trouverez sur cette page des ressources mises \u00e0 votre disposition pour vous auto-former \u00e0 l&rsquo;ASI dans sa version actuelle. [&hellip;]<\/p>\n","protected":false},"author":14,"featured_media":0,"parent":709,"menu_order":0,"comment_status":"closed","ping_status":"closed","template":"","meta":{"footnotes":""},"class_list":["post-513","page","type-page","status-publish","hentry"],"_links":{"self":[{"href":"https:\/\/sanpsy.u-bordeaux.fr\/fr\/wp-json\/wp\/v2\/pages\/513","targetHints":{"allow":["GET"]}}],"collection":[{"href":"https:\/\/sanpsy.u-bordeaux.fr\/fr\/wp-json\/wp\/v2\/pages"}],"about":[{"href":"https:\/\/sanpsy.u-bordeaux.fr\/fr\/wp-json\/wp\/v2\/types\/page"}],"author":[{"embeddable":true,"href":"https:\/\/sanpsy.u-bordeaux.fr\/fr\/wp-json\/wp\/v2\/users\/14"}],"replies":[{"embeddable":true,"href":"https:\/\/sanpsy.u-bordeaux.fr\/fr\/wp-json\/wp\/v2\/comments?post=513"}],"version-history":[{"count":9,"href":"https:\/\/sanpsy.u-bordeaux.fr\/fr\/wp-json\/wp\/v2\/pages\/513\/revisions"}],"predecessor-version":[{"id":939,"href":"https:\/\/sanpsy.u-bordeaux.fr\/fr\/wp-json\/wp\/v2\/pages\/513\/revisions\/939"}],"up":[{"embeddable":true,"href":"https:\/\/sanpsy.u-bordeaux.fr\/fr\/wp-json\/wp\/v2\/pages\/709"}],"wp:attachment":[{"href":"https:\/\/sanpsy.u-bordeaux.fr\/fr\/wp-json\/wp\/v2\/media?parent=513"}],"curies":[{"name":"wp","href":"https:\/\/api.w.org\/{rel}","templated":true}]}}