{"id":512,"date":"2025-08-13T07:16:48","date_gmt":"2025-08-13T07:16:48","guid":{"rendered":"https:\/\/sanpsy-prod.onlinecreation.pro\/?page_id=512"},"modified":"2025-10-09T16:16:10","modified_gmt":"2025-10-09T16:16:10","slug":"stages-en-addictologie","status":"publish","type":"page","link":"https:\/\/sanpsy.u-bordeaux.fr\/fr\/formation\/addictologie\/stages-en-addictologie\/","title":{"rendered":"Stages en Addictologie"},"content":{"rendered":"\n<p><strong>Vous envisagez de venir en stage, et nous voulons vous encourager \u00e0 le faire. Cependant, c&rsquo;est une d\u00e9cision importante qu&rsquo;il ne faut pas prendre \u00e0 la l\u00e9g\u00e8re. Pour vous aider \u00e0 faire un choix \u00e9clair\u00e9, voici deux exemples de <u>lettre d&rsquo;accueil pour les stagiaires <\/u>que nous recevons r\u00e9guli\u00e8rement :<\/strong><\/p>\n\n\n\n<p>\u2666 <a href=\"https:\/\/cdn-buni.onlc.eu\/wp-content\/uploads\/sites\/28\/2025\/10\/doc-Presentation_du_stage_Labo_Addic.pdf\">Lettre correspondant au stage de recherche du <strong>Master 2 International Neurosciences (et autres stages de Master 2 Recherche)<\/strong><\/a><\/p>\n\n\n\n<p>\u2666 <a href=\"https:\/\/cdn-buni.onlc.eu\/wp-content\/uploads\/sites\/28\/2025\/10\/doc-Accueilinterne_addicto_universel_N.pdf\">Lettre correspondant au stage de<strong> l&rsquo;internat de m\u00e9decine (\u00e9tudiants en dipl\u00f4me d&rsquo;\u00e9tudes sp\u00e9cialis\u00e9es DES)<\/strong><\/a><\/p>\n\n\n\n<p><strong>Attention, il ne s&rsquo;agit que d&rsquo;exemples de stages pass\u00e9s.<\/strong> Nous recevons aussi des \u00e9tudiants d&rsquo;autres formations, pour des s\u00e9jours longs ou courts. N&rsquo;h\u00e9sitez pas \u00e0 nous interroger directement pour voir si nous pouvons r\u00e9pondre \u00e0 votre demande.<\/p>\n\n\n\n<p>&nbsp;&#8211; <em>contact email :<\/em> marc.auriacombe@u-bordeaux.fr<\/p>\n\n\n\n<p><em>&nbsp;&#8211; contact t\u00e9l\u00e9phone : 05 56 56 17 38<\/em><\/p>\n","protected":false},"excerpt":{"rendered":"<p>Vous envisagez de venir en stage, et nous voulons vous encourager \u00e0 le faire. Cependant, c&rsquo;est une d\u00e9cision importante qu&rsquo;il [&hellip;]<\/p>\n","protected":false},"author":14,"featured_media":0,"parent":241,"menu_order":0,"comment_status":"closed","ping_status":"closed","template":"","meta":{"footnotes":""},"class_list":["post-512","page","type-page","status-publish","hentry"],"_links":{"self":[{"href":"https:\/\/sanpsy.u-bordeaux.fr\/fr\/wp-json\/wp\/v2\/pages\/512","targetHints":{"allow":["GET"]}}],"collection":[{"href":"https:\/\/sanpsy.u-bordeaux.fr\/fr\/wp-json\/wp\/v2\/pages"}],"about":[{"href":"https:\/\/sanpsy.u-bordeaux.fr\/fr\/wp-json\/wp\/v2\/types\/page"}],"author":[{"embeddable":true,"href":"https:\/\/sanpsy.u-bordeaux.fr\/fr\/wp-json\/wp\/v2\/users\/14"}],"replies":[{"embeddable":true,"href":"https:\/\/sanpsy.u-bordeaux.fr\/fr\/wp-json\/wp\/v2\/comments?post=512"}],"version-history":[{"count":4,"href":"https:\/\/sanpsy.u-bordeaux.fr\/fr\/wp-json\/wp\/v2\/pages\/512\/revisions"}],"predecessor-version":[{"id":945,"href":"https:\/\/sanpsy.u-bordeaux.fr\/fr\/wp-json\/wp\/v2\/pages\/512\/revisions\/945"}],"up":[{"embeddable":true,"href":"https:\/\/sanpsy.u-bordeaux.fr\/fr\/wp-json\/wp\/v2\/pages\/241"}],"wp:attachment":[{"href":"https:\/\/sanpsy.u-bordeaux.fr\/fr\/wp-json\/wp\/v2\/media?parent=512"}],"curies":[{"name":"wp","href":"https:\/\/api.w.org\/{rel}","templated":true}]}}