{"id":511,"date":"2025-08-13T07:21:00","date_gmt":"2025-08-13T07:21:00","guid":{"rendered":"https:\/\/sanpsy-prod.onlinecreation.pro\/?page_id=511"},"modified":"2026-04-07T07:33:42","modified_gmt":"2026-04-07T07:33:42","slug":"rida","status":"publish","type":"page","link":"https:\/\/sanpsy.u-bordeaux.fr\/fr\/formation\/addictologie\/rida\/","title":{"rendered":"RIDA"},"content":{"rendered":"\n<p><strong>Vous aviez appr\u00e9ci\u00e9 les RIDA (<em>Rencontres Intermittentes du D\u00e9partement Addictologie<\/em>) et regrett\u00e9 leur disparition&#8230; Bonne nouvelle, les nouveaux RIDA (<em>Rencontres InterD\u00e9partements d\u2019Addictologie <strong><em>d\u2019Aquitaine <\/em><\/strong>et Oc\u00e9an Indien<\/em>) arrivent&nbsp;!<br>Plus accessibles (en visio sur votre portable, tablette, ordinateur), individuellement ou en groupe et \u00e9largis au-del\u00e0 de Bordeaux \u00e0 tous les N2 et CSAPA d&rsquo;Aquitaine et Oc\u00e9an Indien et leurs partenaires.<\/strong><strong> Plus nombreux et mieux regroup\u00e9s.<\/strong><br><strong>Les s\u00e9ances sont enregistr\u00e9es et accessibles en diff\u00e9r\u00e9.<\/strong><\/p>\n\n\n\n<p><strong>Qu&rsquo;est-ce que c&rsquo;est ?<\/strong><\/p>\n\n\n\n<p>\u2028<strong>Le jeudi ou le mardi de 12h30 \u00e0 13h45<\/strong> sont programm\u00e9s des expos\u00e9s\/s\u00e9ances d&rsquo;informations (recherche, projets, nouvelles pratiques, \u00e9changes d\u2019exp\u00e9riences\u2026) organis\u00e9s par des professionnels des services d&rsquo;Addictologie N2 d\u2019Aquitaine et CSAPA partenaires (Agen, Bayonne, Bordeaux, P\u00e9rigueux, Pau). Ces expos\u00e9s sont pr\u00e9sent\u00e9s par un professionnel en intra ou par des intervenants ext\u00e9rieurs partenaires.<br><strong><em>Suggestions d\u2019intervention bienvenues. Envoyez un email \u00e0 <\/em><\/strong><a href=\"mailto:Alexia.Larran(remplace_le_contenu_entre_parenthese_par_une_arobase)u-bordeaux.fr\">nicole.dubuch@u-bordeaux.fr<\/a><br><br>Les RIDA avaient \u00e9t\u00e9 initi\u00e9s en 2006. La logistique est issue du partenariat entre l\u2019\u00e9quipe addiction de SANPSY (Universit\u00e9 de Bordeaux) et le service d\u2019addictologie du CHCP porteur du N3. Depuis 2021 les RIDA sont port\u00e9es par le P\u00f4le inter\u00e9tablissement d\u2019addictologie (CHCP, CHU).<br><br><strong>A qui s\u2019adressent les RIDA ?<\/strong><\/p>\n\n\n\n<p>Les \u00e9quipes de la fili\u00e8re hospitali\u00e8re (Niveaux 1, 2 et 3) d\u2019addictologie d\u2019Agen, Bayonne, Bordeaux, Pau, P\u00e9rigueux, Saint Denis et La R\u00e9union, et leurs partenaires m\u00e9dico-sociaux.<br>L\u2019\u00e9quipe de recherche du laboratoire SANPSY et ses partenaires.<br><br><strong>Comment&nbsp;participer ?<\/strong><br><br>Pour vous inscrire \u00e0 la <strong><mark style=\"background-color:rgba(0, 0, 0, 0)\" class=\"has-inline-color has-vivid-red-color\">liste de diffusion de la newsletter des RIDA<\/mark><\/strong>, cliquez sur <a href=\"https:\/\/enquetessphinx.u-bordeaux.fr\/v4\/s\/0huh3b\" target=\"_blank\" rel=\"noreferrer noopener\"><u><strong>ce lien<\/strong><\/u><\/a> et compl\u00e9tez le formulaire.<br>Le lien ou les codes seront transmis \u00e0 tous les participants inscrits.<\/p>\n\n\n\n<p><a href=\"https:\/\/sanpsy.u-bordeaux.fr\/fr\/formation\/addictologie\/rida\/rida-programme-2026\/\" data-type=\"page\" data-id=\"526\"><u><strong><mark style=\"background-color:rgba(0, 0, 0, 0)\" class=\"has-inline-color has-vivid-red-color\">>> CLIQUEZ ICI POUR ACC\u00c9DER AU PROGRAMME 2026 ET AUX REPLAYS &lt;&lt;<\/mark><\/strong><\/u><\/a><\/p>\n\n\n\n<p><strong><a href=\"https:\/\/sanpsy.u-bordeaux.fr\/fr\/formation\/addictologie\/rida\/rida-programme-2024-2025\/\" data-type=\"page\" data-id=\"527\">Lien vers la saison 2024-25<\/a><\/strong><\/p>\n\n\n\n<p><strong><a href=\"https:\/\/sanpsy.u-bordeaux.fr\/fr\/formation\/addictologie\/rida\/rida-programme-2023-2024\/\" data-type=\"page\" data-id=\"527\">Lien vers la saison 2023-24<\/a><\/strong><\/p>\n\n\n\n<p><a href=\"https:\/\/sanpsy.u-bordeaux.fr\/fr\/formation\/addictologie\/rida\/rida-programme-2022-2023\/\" data-type=\"page\" data-id=\"525\"><strong>Lien vers la saison 2022-23<\/strong><\/a><\/p>\n\n\n\n<p><strong><a href=\"https:\/\/sanpsy.u-bordeaux.fr\/fr\/formation\/addictologie\/rida\/rida-programme-2021\/\" data-type=\"page\" data-id=\"528\">Lien vers la saison 2021-22<\/a><\/strong><\/p>\n\n\n\n<p><\/p>\n","protected":false},"excerpt":{"rendered":"<p>Vous aviez appr\u00e9ci\u00e9 les RIDA (Rencontres Intermittentes du D\u00e9partement Addictologie) et regrett\u00e9 leur disparition&#8230; Bonne nouvelle, les nouveaux RIDA (Rencontres [&hellip;]<\/p>\n","protected":false},"author":14,"featured_media":0,"parent":241,"menu_order":0,"comment_status":"closed","ping_status":"closed","template":"","meta":{"footnotes":""},"class_list":["post-511","page","type-page","status-publish","hentry"],"_links":{"self":[{"href":"https:\/\/sanpsy.u-bordeaux.fr\/fr\/wp-json\/wp\/v2\/pages\/511","targetHints":{"allow":["GET"]}}],"collection":[{"href":"https:\/\/sanpsy.u-bordeaux.fr\/fr\/wp-json\/wp\/v2\/pages"}],"about":[{"href":"https:\/\/sanpsy.u-bordeaux.fr\/fr\/wp-json\/wp\/v2\/types\/page"}],"author":[{"embeddable":true,"href":"https:\/\/sanpsy.u-bordeaux.fr\/fr\/wp-json\/wp\/v2\/users\/14"}],"replies":[{"embeddable":true,"href":"https:\/\/sanpsy.u-bordeaux.fr\/fr\/wp-json\/wp\/v2\/comments?post=511"}],"version-history":[{"count":12,"href":"https:\/\/sanpsy.u-bordeaux.fr\/fr\/wp-json\/wp\/v2\/pages\/511\/revisions"}],"predecessor-version":[{"id":1333,"href":"https:\/\/sanpsy.u-bordeaux.fr\/fr\/wp-json\/wp\/v2\/pages\/511\/revisions\/1333"}],"up":[{"embeddable":true,"href":"https:\/\/sanpsy.u-bordeaux.fr\/fr\/wp-json\/wp\/v2\/pages\/241"}],"wp:attachment":[{"href":"https:\/\/sanpsy.u-bordeaux.fr\/fr\/wp-json\/wp\/v2\/media?parent=511"}],"curies":[{"name":"wp","href":"https:\/\/api.w.org\/{rel}","templated":true}]}}