{"id":510,"date":"2025-08-13T08:00:09","date_gmt":"2025-08-13T08:00:09","guid":{"rendered":"https:\/\/sanpsy-prod.onlinecreation.pro\/?page_id=510"},"modified":"2026-04-07T14:53:44","modified_gmt":"2026-04-07T14:53:44","slug":"colloques-atnoa","status":"publish","type":"page","link":"https:\/\/sanpsy.u-bordeaux.fr\/fr\/formation\/addictologie\/colloques-atnoa\/","title":{"rendered":"Colloques ATNoA"},"content":{"rendered":"\n<p>Vous trouverez ici les <strong>actes<\/strong> des Colloques \u00ab\u00a0Addiction(s) et Territoires en Nouvelle-Aquitaine : Recherche et Pratique\u00a0\u00bb (ATNoA) 2022, 2023 et 2024.<\/p>\n\n\n\n<p><span class=\"wp-rich-text-font-awesome-icon wp-font-awesome-icon\"><svg aria-hidden=\"true\" focusable=\"false\" data-prefix=\"fas\" data-icon=\"play\" class=\"svg-inline--fa fa-play \" role=\"img\" xmlns=\"http:\/\/www.w3.org\/2000\/svg\" viewBox=\"0 0 384 512\"><path fill=\"currentColor\" d=\"M73 39c-14.8-9.1-33.4-9.4-48.5-.9S0 62.6 0 80L0 432c0 17.4 9.4 33.4 24.5 41.9s33.7 8.1 48.5-.9L361 297c14.3-8.7 23-24.2 23-41s-8.7-32.2-23-41L73 39z\"><\/path><\/svg><\/span> <strong><a href=\"https:\/\/ch-laborit.fr\/atnoa-colloque-regional-addictions-et-territoires-recherche-pratique\/\" target=\"_blank\" rel=\"noreferrer noopener\">Poitiers 2022 &#8211; Pr. Nemat JAAFARI<\/a><\/strong><\/p>\n\n\n\n<p><span class=\"wp-rich-text-font-awesome-icon wp-font-awesome-icon\"><svg aria-hidden=\"true\" focusable=\"false\" data-prefix=\"fas\" data-icon=\"play\" class=\"svg-inline--fa fa-play \" role=\"img\" xmlns=\"http:\/\/www.w3.org\/2000\/svg\" viewBox=\"0 0 384 512\"><path fill=\"currentColor\" d=\"M73 39c-14.8-9.1-33.4-9.4-48.5-.9S0 62.6 0 80L0 432c0 17.4 9.4 33.4 24.5 41.9s33.7 8.1 48.5-.9L361 297c14.3-8.7 23-24.2 23-41s-8.7-32.2-23-41L73 39z\"><\/path><\/svg><\/span> <strong><a href=\"https:\/\/www.ch-esquirol-limoges.fr\/colloque-regional-addictions-et-territoires-en-nouvelle-aquitaine-atnoa-2\/\" target=\"_blank\" rel=\"noreferrer noopener\">Limoges 2023 &#8211; Pr. Philippe NUBUKPO<\/a><\/strong><\/p>\n\n\n\n<p><span class=\"wp-rich-text-font-awesome-icon wp-font-awesome-icon\"><svg aria-hidden=\"true\" focusable=\"false\" data-prefix=\"fas\" data-icon=\"play\" class=\"svg-inline--fa fa-play \" role=\"img\" xmlns=\"http:\/\/www.w3.org\/2000\/svg\" viewBox=\"0 0 384 512\"><path fill=\"currentColor\" d=\"M73 39c-14.8-9.1-33.4-9.4-48.5-.9S0 62.6 0 80L0 432c0 17.4 9.4 33.4 24.5 41.9s33.7 8.1 48.5-.9L361 297c14.3-8.7 23-24.2 23-41s-8.7-32.2-23-41L73 39z\"><\/path><\/svg><\/span> <a href=\"https:\/\/www.ch-perrens.fr\/actualites\/3eme-colloque-atnoa\" target=\"_blank\" rel=\"noreferrer noopener\"><strong>Bordeaux 2024 &#8211; Pr. Marc AURIACOMBE et Pr. M\u00e9lina FATS\u00c9AS<\/strong><\/a><\/p>\n\n\n\n<p><span class=\"wp-rich-text-font-awesome-icon wp-font-awesome-icon\"><svg aria-hidden=\"true\" focusable=\"false\" data-prefix=\"fas\" data-icon=\"play\" class=\"svg-inline--fa fa-play \" role=\"img\" xmlns=\"http:\/\/www.w3.org\/2000\/svg\" viewBox=\"0 0 384 512\"><path fill=\"currentColor\" d=\"M73 39c-14.8-9.1-33.4-9.4-48.5-.9S0 62.6 0 80L0 432c0 17.4 9.4 33.4 24.5 41.9s33.7 8.1 48.5-.9L361 297c14.3-8.7 23-24.2 23-41s-8.7-32.2-23-41L73 39z\"><\/path><\/svg><\/span> <strong><a href=\"https:\/\/ch-laborit.fr\/evenement\/journee-universitaire-daddictologie-atnoa-2025-2\/\">Poitiers 2025 &#8211; Pr. Nemat JAAFARI<\/a><\/strong><\/p>\n\n\n\n<p><span class=\"wp-rich-text-font-awesome-icon wp-font-awesome-icon\"><svg aria-hidden=\"true\" focusable=\"false\" data-prefix=\"fas\" data-icon=\"play\" class=\"svg-inline--fa fa-play \" role=\"img\" xmlns=\"http:\/\/www.w3.org\/2000\/svg\" viewBox=\"0 0 384 512\"><path fill=\"currentColor\" d=\"M73 39c-14.8-9.1-33.4-9.4-48.5-.9S0 62.6 0 80L0 432c0 17.4 9.4 33.4 24.5 41.9s33.7 8.1 48.5-.9L361 297c14.3-8.7 23-24.2 23-41s-8.7-32.2-23-41L73 39z\"><\/path><\/svg><\/span> <strong><a href=\"https:\/\/www.ch-esquirol-limoges.fr\/6%E1%B5%89-colloque-regional-addictions-et-territoires-en-nouvelle-aquitaine-atnoa\/\">Limoges 2026 &#8211; Pr. Philippe NUBUKPO<\/a><\/strong><\/p>\n\n\n\n<p><strong><a href=\"https:\/\/sanpsy.u-bordeaux.fr\/fr\/formation\/addictologie\/\" data-type=\"page\" data-id=\"241\">\u21b5 Revenir \u00e0 la page pr\u00e9c\u00e9dente<\/a><\/strong><\/p>\n\n\n\n<p><\/p>\n","protected":false},"excerpt":{"rendered":"<p>Vous trouverez ici les actes des Colloques \u00ab\u00a0Addiction(s) et Territoires en Nouvelle-Aquitaine : Recherche et Pratique\u00a0\u00bb (ATNoA) 2022, 2023 et [&hellip;]<\/p>\n","protected":false},"author":14,"featured_media":0,"parent":241,"menu_order":0,"comment_status":"closed","ping_status":"closed","template":"","meta":{"footnotes":""},"class_list":["post-510","page","type-page","status-publish","hentry"],"_links":{"self":[{"href":"https:\/\/sanpsy.u-bordeaux.fr\/fr\/wp-json\/wp\/v2\/pages\/510","targetHints":{"allow":["GET"]}}],"collection":[{"href":"https:\/\/sanpsy.u-bordeaux.fr\/fr\/wp-json\/wp\/v2\/pages"}],"about":[{"href":"https:\/\/sanpsy.u-bordeaux.fr\/fr\/wp-json\/wp\/v2\/types\/page"}],"author":[{"embeddable":true,"href":"https:\/\/sanpsy.u-bordeaux.fr\/fr\/wp-json\/wp\/v2\/users\/14"}],"replies":[{"embeddable":true,"href":"https:\/\/sanpsy.u-bordeaux.fr\/fr\/wp-json\/wp\/v2\/comments?post=510"}],"version-history":[{"count":6,"href":"https:\/\/sanpsy.u-bordeaux.fr\/fr\/wp-json\/wp\/v2\/pages\/510\/revisions"}],"predecessor-version":[{"id":1340,"href":"https:\/\/sanpsy.u-bordeaux.fr\/fr\/wp-json\/wp\/v2\/pages\/510\/revisions\/1340"}],"up":[{"embeddable":true,"href":"https:\/\/sanpsy.u-bordeaux.fr\/fr\/wp-json\/wp\/v2\/pages\/241"}],"wp:attachment":[{"href":"https:\/\/sanpsy.u-bordeaux.fr\/fr\/wp-json\/wp\/v2\/media?parent=510"}],"curies":[{"name":"wp","href":"https:\/\/api.w.org\/{rel}","templated":true}]}}