{"id":509,"date":"2025-08-13T08:01:02","date_gmt":"2025-08-13T08:01:02","guid":{"rendered":"https:\/\/sanpsy-prod.onlinecreation.pro\/?page_id=509"},"modified":"2025-10-09T16:38:08","modified_gmt":"2025-10-09T16:38:08","slug":"rcp-douleur-addiction-aquitaine","status":"publish","type":"page","link":"https:\/\/sanpsy.u-bordeaux.fr\/fr\/formation\/addictologie\/rcp-douleur-addiction-aquitaine\/","title":{"rendered":"RCP Douleur Addiction Aquitaine"},"content":{"rendered":"\n<p>La R\u00e9union de Concertation Pluridisciplinaire (RCP) addictologie-neurologie-algologie-cognition Bordeaux Aquitaine a \u00e9t\u00e9 cr\u00e9e en 2016 \u00e0 l\u2019initiative du Pr Marc Auriacombe avec l\u2019\u00e9quipe m\u00e9dicale des m\u00e9decins addictologues et psychiatres du CH Charles Perrens (actuellement p\u00f4le inter\u00e9tablissement d\u2019addictologie avec le CHU de Bordeaux et le CH Charles Perrens) &nbsp;et le Dr Virginie Dousset et l\u2019\u00e9quipe m\u00e9dicale du Centre d&rsquo;Etude et de Traitement de la Douleur du P\u00f4le Neurosciences Cliniques du CHU de Bordeaux, actuellement Dr Anne Philippe.<\/p>\n\n\n\n<p>La RCP est co-anim\u00e9e aujourd\u2019hui par le Pr Marc Auriacombe, le Dr Anne Philippe et le Dr Pierre-Edouard Durade-Replat.<\/p>\n\n\n\n<p>La RCP examine des situations complexes sollicitant plusieurs disciplines (addictologie, neurologie, algologie, consultation m\u00e9moire, psychiatrie de secteur et autres sp\u00e9cialit\u00e9s). Elle se r\u00e9unit une fois par mois. Pour pr\u00e9senter un cas, celui-ci doit avoir \u00e9t\u00e9 d\u00e9j\u00e0 bilant\u00e9 par une \u00e9quipe sp\u00e9cialis\u00e9e en algologie ou en addictologie. Un dossier type est \u00e0 renseigner.<\/p>\n\n\n\n<p><a href=\"https:\/\/cdn-buni.onlc.eu\/wp-content\/uploads\/sites\/28\/2025\/10\/article-Gelot_et_al_2022_chapitre_doule.pdf\">Document : Gelot, B., Fatseas, M., Auriacombe, M., 2022. M\u00e9susage, addiction et d\u00e9pendance (douleur et addiction), in: Labreze, L. (Ed.), Douleurs et cancers. Guide de prise en charge des douleurs chez les patients atteints de cancer (2e \u00e9dition). Editions Expression Sant\u00e9, Paris, pp. 323-340.\u00a0<\/a><\/p>\n\n\n\n<p><strong>Pour en savoir plus et participer \u00e0 la RCP Douleur Addiction Aquitaine, contactez le Pr. Marc Auriacombe pour obtenir l&rsquo;acc\u00e8s aux informations pratiques : <a href=\"https:\/\/enquetessphinx.u-bordeaux.fr\/v4\/s\/2zric1\" target=\"_blank\" rel=\"noreferrer noopener\">cliquez ici<\/a><\/strong><\/p>\n\n\n\n<p><strong><a href=\"https:\/\/sanpsy.u-bordeaux.fr\/fr\/formation\/addictologie\/\" data-type=\"page\" data-id=\"241\">\u21b5 Revenir \u00e0 la page pr\u00e9c\u00e9dente<\/a><\/strong><\/p>\n\n\n\n<h2 class=\"wp-block-heading\"><span class=\"wp-rich-text-font-awesome-icon wp-font-awesome-icon\"><svg aria-hidden=\"true\" focusable=\"false\" data-prefix=\"fas\" data-icon=\"lock\" class=\"svg-inline--fa fa-lock \" role=\"img\" xmlns=\"http:\/\/www.w3.org\/2000\/svg\" viewBox=\"0 0 448 512\"><path fill=\"currentColor\" d=\"M144 144l0 48 160 0 0-48c0-44.2-35.8-80-80-80s-80 35.8-80 80zM80 192l0-48C80 64.5 144.5 0 224 0s144 64.5 144 144l0 48 16 0c35.3 0 64 28.7 64 64l0 192c0 35.3-28.7 64-64 64L64 512c-35.3 0-64-28.7-64-64L0 256c0-35.3 28.7-64 64-64l16 0z\"><\/path><\/svg><\/span> <a href=\"https:\/\/sanpsy.u-bordeaux.fr\/fr\/formation\/addictologie\/rcp-douleur-addiction-aquitaine\/rcp-douleur-addiction-aquitaine-page-privee\/\"><mark style=\"background-color:rgba(0, 0, 0, 0)\" class=\"has-inline-color has-vivid-red-color\"><em>Acc\u00e8s restreint : cliquez ici<\/em><\/mark><\/a><\/h2>\n","protected":false},"excerpt":{"rendered":"<p>La R\u00e9union de Concertation Pluridisciplinaire (RCP) addictologie-neurologie-algologie-cognition Bordeaux Aquitaine a \u00e9t\u00e9 cr\u00e9e en 2016 \u00e0 l\u2019initiative du Pr Marc Auriacombe [&hellip;]<\/p>\n","protected":false},"author":14,"featured_media":0,"parent":241,"menu_order":0,"comment_status":"closed","ping_status":"closed","template":"","meta":{"footnotes":""},"class_list":["post-509","page","type-page","status-publish","hentry"],"_links":{"self":[{"href":"https:\/\/sanpsy.u-bordeaux.fr\/fr\/wp-json\/wp\/v2\/pages\/509","targetHints":{"allow":["GET"]}}],"collection":[{"href":"https:\/\/sanpsy.u-bordeaux.fr\/fr\/wp-json\/wp\/v2\/pages"}],"about":[{"href":"https:\/\/sanpsy.u-bordeaux.fr\/fr\/wp-json\/wp\/v2\/types\/page"}],"author":[{"embeddable":true,"href":"https:\/\/sanpsy.u-bordeaux.fr\/fr\/wp-json\/wp\/v2\/users\/14"}],"replies":[{"embeddable":true,"href":"https:\/\/sanpsy.u-bordeaux.fr\/fr\/wp-json\/wp\/v2\/comments?post=509"}],"version-history":[{"count":6,"href":"https:\/\/sanpsy.u-bordeaux.fr\/fr\/wp-json\/wp\/v2\/pages\/509\/revisions"}],"predecessor-version":[{"id":973,"href":"https:\/\/sanpsy.u-bordeaux.fr\/fr\/wp-json\/wp\/v2\/pages\/509\/revisions\/973"}],"up":[{"embeddable":true,"href":"https:\/\/sanpsy.u-bordeaux.fr\/fr\/wp-json\/wp\/v2\/pages\/241"}],"wp:attachment":[{"href":"https:\/\/sanpsy.u-bordeaux.fr\/fr\/wp-json\/wp\/v2\/media?parent=509"}],"curies":[{"name":"wp","href":"https:\/\/api.w.org\/{rel}","templated":true}]}}