{"id":465,"date":"2025-08-11T09:07:19","date_gmt":"2025-08-11T09:07:19","guid":{"rendered":"https:\/\/sanpsy-prod.onlinecreation.pro\/?page_id=465"},"modified":"2025-10-09T16:33:58","modified_gmt":"2025-10-09T16:33:58","slug":"atelier-craving","status":"publish","type":"page","link":"https:\/\/sanpsy.u-bordeaux.fr\/fr\/formation\/addictologie\/enseignements-et-formations-informations\/approfondir-vos-connaissances-en-addictologie\/atelier-craving\/","title":{"rendered":"Atelier craving"},"content":{"rendered":"\n<p><strong>Le craving et le DSM 5 (9 octobre 2013 &#8211; THS)<\/strong><\/p>\n\n\n\n<p><span class=\"wp-rich-text-font-awesome-icon wp-font-awesome-icon\"><svg aria-hidden=\"true\" focusable=\"false\" data-prefix=\"fas\" data-icon=\"video\" class=\"svg-inline--fa fa-video \" role=\"img\" xmlns=\"http:\/\/www.w3.org\/2000\/svg\" viewBox=\"0 0 576 512\"><path fill=\"currentColor\" d=\"M0 128C0 92.7 28.7 64 64 64l256 0c35.3 0 64 28.7 64 64l0 256c0 35.3-28.7 64-64 64L64 448c-35.3 0-64-28.7-64-64L0 128zM559.1 99.8c10.4 5.6 16.9 16.4 16.9 28.2l0 256c0 11.8-6.5 22.6-16.9 28.2s-23 5-32.9-1.6l-96-64L416 337.1l0-17.1 0-128 0-17.1 14.2-9.5 96-64c9.8-6.5 22.4-7.2 32.9-1.6z\"><\/path><\/svg><\/span> <a href=\"https:\/\/www.youtube.com\/watch?v=li2m3g_Lgbk&amp;list=PLKed7Q_TDsgquzAtRkPVMcSEdo4ZX7Q5O&amp;index=33\" target=\"_blank\" rel=\"noreferrer noopener\">\u00ab\u00a0Le DSM5 est il dangereux pour la population ? Quelques v\u00e9rit\u00e9s.\u00a0\u00bb (Marc Auriacombe)<\/a><\/p>\n\n\n\n<p><span class=\"wp-rich-text-font-awesome-icon wp-font-awesome-icon\"><svg aria-hidden=\"true\" focusable=\"false\" data-prefix=\"fas\" data-icon=\"video\" class=\"svg-inline--fa fa-video \" role=\"img\" xmlns=\"http:\/\/www.w3.org\/2000\/svg\" viewBox=\"0 0 576 512\"><path fill=\"currentColor\" d=\"M0 128C0 92.7 28.7 64 64 64l256 0c35.3 0 64 28.7 64 64l0 256c0 35.3-28.7 64-64 64L64 448c-35.3 0-64-28.7-64-64L0 128zM559.1 99.8c10.4 5.6 16.9 16.4 16.9 28.2l0 256c0 11.8-6.5 22.6-16.9 28.2s-23 5-32.9-1.6l-96-64L416 337.1l0-17.1 0-128 0-17.1 14.2-9.5 96-64c9.8-6.5 22.4-7.2 32.9-1.6z\"><\/path><\/svg><\/span> <a href=\"https:\/\/www.youtube.com\/watch?v=tL9mrjPDhYg&amp;list=PLKed7Q_TDsgquzAtRkPVMcSEdo4ZX7Q5O&amp;index=11\" target=\"_blank\" rel=\"noreferrer noopener\">\u00ab\u00a0Peut-on \u00e9tudier les ph\u00e9nom\u00e8nes subjectifs objectivement ? Comment d\u00e9finir le craving ?\u00a0\u00bb (Joel Swendsen)<\/a><\/p>\n\n\n\n<p><span class=\"wp-rich-text-font-awesome-icon wp-font-awesome-icon\"><svg aria-hidden=\"true\" focusable=\"false\" data-prefix=\"fas\" data-icon=\"video\" class=\"svg-inline--fa fa-video \" role=\"img\" xmlns=\"http:\/\/www.w3.org\/2000\/svg\" viewBox=\"0 0 576 512\"><path fill=\"currentColor\" d=\"M0 128C0 92.7 28.7 64 64 64l256 0c35.3 0 64 28.7 64 64l0 256c0 35.3-28.7 64-64 64L64 448c-35.3 0-64-28.7-64-64L0 128zM559.1 99.8c10.4 5.6 16.9 16.4 16.9 28.2l0 256c0 11.8-6.5 22.6-16.9 28.2s-23 5-32.9-1.6l-96-64L416 337.1l0-17.1 0-128 0-17.1 14.2-9.5 96-64c9.8-6.5 22.4-7.2 32.9-1.6z\"><\/path><\/svg><\/span> <a href=\"https:\/\/www.youtube.com\/watch?v=JdgmjrG82Z0&amp;list=PLKed7Q_TDsgquzAtRkPVMcSEdo4ZX7Q5O&amp;index=15\" target=\"_blank\" rel=\"noreferrer noopener\">\u00ab\u00a0Existe-t-il des marqueurs biologiques et des vuln\u00e9rabilit\u00e9s individuelles associ\u00e9s au craving et \u00e0 la rechute ?\u00a0\u00bb (M\u00e9lina Fats\u00e9as)<\/a><\/p>\n\n\n\n<p><span class=\"wp-rich-text-font-awesome-icon wp-font-awesome-icon\"><svg aria-hidden=\"true\" focusable=\"false\" data-prefix=\"fas\" data-icon=\"video\" class=\"svg-inline--fa fa-video \" role=\"img\" xmlns=\"http:\/\/www.w3.org\/2000\/svg\" viewBox=\"0 0 576 512\"><path fill=\"currentColor\" d=\"M0 128C0 92.7 28.7 64 64 64l256 0c35.3 0 64 28.7 64 64l0 256c0 35.3-28.7 64-64 64L64 448c-35.3 0-64-28.7-64-64L0 128zM559.1 99.8c10.4 5.6 16.9 16.4 16.9 28.2l0 256c0 11.8-6.5 22.6-16.9 28.2s-23 5-32.9-1.6l-96-64L416 337.1l0-17.1 0-128 0-17.1 14.2-9.5 96-64c9.8-6.5 22.4-7.2 32.9-1.6z\"><\/path><\/svg><\/span> <a href=\"https:\/\/www.youtube.com\/watch?v=XyYxO9De5p0&amp;list=PLKed7Q_TDsgquzAtRkPVMcSEdo4ZX7Q5O&amp;index=13\" target=\"_blank\" rel=\"noreferrer noopener\">\u00ab\u00a0Le craving est-il vraiment la cause de l&rsquo;usage chez la personne addicte ? L&rsquo;environnement peut-il contribuer au craving ?\u00a0\u00bb (Fuschia Serre)<\/a><\/p>\n\n\n\n<p><span class=\"wp-rich-text-font-awesome-icon wp-font-awesome-icon\"><svg aria-hidden=\"true\" focusable=\"false\" data-prefix=\"fas\" data-icon=\"video\" class=\"svg-inline--fa fa-video \" role=\"img\" xmlns=\"http:\/\/www.w3.org\/2000\/svg\" viewBox=\"0 0 576 512\"><path fill=\"currentColor\" d=\"M0 128C0 92.7 28.7 64 64 64l256 0c35.3 0 64 28.7 64 64l0 256c0 35.3-28.7 64-64 64L64 448c-35.3 0-64-28.7-64-64L0 128zM559.1 99.8c10.4 5.6 16.9 16.4 16.9 28.2l0 256c0 11.8-6.5 22.6-16.9 28.2s-23 5-32.9-1.6l-96-64L416 337.1l0-17.1 0-128 0-17.1 14.2-9.5 96-64c9.8-6.5 22.4-7.2 32.9-1.6z\"><\/path><\/svg><\/span> <a href=\"https:\/\/www.youtube.com\/watch?v=DtCBfznzQYc&amp;list=PLKed7Q_TDsgquzAtRkPVMcSEdo4ZX7Q5O&amp;index=14\" target=\"_blank\" rel=\"noreferrer noopener\">\u00ab\u00a0Le craving peut-il \u00eatre une cible psychoth\u00e9rapeutique ?\u00a0\u00bb (Arkaitz Aguerretxe Colina)<\/a><\/p>\n\n\n\n<p><span class=\"wp-rich-text-font-awesome-icon wp-font-awesome-icon\"><svg aria-hidden=\"true\" focusable=\"false\" data-prefix=\"fas\" data-icon=\"video\" class=\"svg-inline--fa fa-video \" role=\"img\" xmlns=\"http:\/\/www.w3.org\/2000\/svg\" viewBox=\"0 0 576 512\"><path fill=\"currentColor\" d=\"M0 128C0 92.7 28.7 64 64 64l256 0c35.3 0 64 28.7 64 64l0 256c0 35.3-28.7 64-64 64L64 448c-35.3 0-64-28.7-64-64L0 128zM559.1 99.8c10.4 5.6 16.9 16.4 16.9 28.2l0 256c0 11.8-6.5 22.6-16.9 28.2s-23 5-32.9-1.6l-96-64L416 337.1l0-17.1 0-128 0-17.1 14.2-9.5 96-64c9.8-6.5 22.4-7.2 32.9-1.6z\"><\/path><\/svg><\/span> <a href=\"https:\/\/www.youtube.com\/watch?v=s8raHqPdXXc&amp;list=PLKed7Q_TDsgquzAtRkPVMcSEdo4ZX7Q5O&amp;index=12\" target=\"_blank\" rel=\"noreferrer noopener\">Le d\u00e9bat<\/a><\/p>\n","protected":false},"excerpt":{"rendered":"<p>Le craving et le DSM 5 (9 octobre 2013 &#8211; THS) \u00ab\u00a0Le DSM5 est il dangereux pour la population ? [&hellip;]<\/p>\n","protected":false},"author":14,"featured_media":0,"parent":458,"menu_order":0,"comment_status":"closed","ping_status":"closed","template":"","meta":{"footnotes":""},"class_list":["post-465","page","type-page","status-publish","hentry"],"_links":{"self":[{"href":"https:\/\/sanpsy.u-bordeaux.fr\/fr\/wp-json\/wp\/v2\/pages\/465","targetHints":{"allow":["GET"]}}],"collection":[{"href":"https:\/\/sanpsy.u-bordeaux.fr\/fr\/wp-json\/wp\/v2\/pages"}],"about":[{"href":"https:\/\/sanpsy.u-bordeaux.fr\/fr\/wp-json\/wp\/v2\/types\/page"}],"author":[{"embeddable":true,"href":"https:\/\/sanpsy.u-bordeaux.fr\/fr\/wp-json\/wp\/v2\/users\/14"}],"replies":[{"embeddable":true,"href":"https:\/\/sanpsy.u-bordeaux.fr\/fr\/wp-json\/wp\/v2\/comments?post=465"}],"version-history":[{"count":2,"href":"https:\/\/sanpsy.u-bordeaux.fr\/fr\/wp-json\/wp\/v2\/pages\/465\/revisions"}],"predecessor-version":[{"id":969,"href":"https:\/\/sanpsy.u-bordeaux.fr\/fr\/wp-json\/wp\/v2\/pages\/465\/revisions\/969"}],"up":[{"embeddable":true,"href":"https:\/\/sanpsy.u-bordeaux.fr\/fr\/wp-json\/wp\/v2\/pages\/458"}],"wp:attachment":[{"href":"https:\/\/sanpsy.u-bordeaux.fr\/fr\/wp-json\/wp\/v2\/media?parent=465"}],"curies":[{"name":"wp","href":"https:\/\/api.w.org\/{rel}","templated":true}]}}