{"id":463,"date":"2025-08-11T09:44:53","date_gmt":"2025-08-11T09:44:53","guid":{"rendered":"https:\/\/sanpsy-prod.onlinecreation.pro\/?page_id=463"},"modified":"2025-10-09T16:24:56","modified_gmt":"2025-10-09T16:24:56","slug":"diplome-duniversite-du-daddictologie-avec-et-sans-substance","status":"publish","type":"page","link":"https:\/\/sanpsy.u-bordeaux.fr\/fr\/formation\/addictologie\/enseignements-et-formations-informations\/diplome-duniversite-du-daddictologie-avec-et-sans-substance\/","title":{"rendered":"Dipl\u00f4me d\u2019Universit\u00e9 (DU) d\u2019Addictologie avec et sans substance"},"content":{"rendered":"\n<p><span class=\"wp-rich-text-font-awesome-icon wp-font-awesome-icon\"><svg aria-hidden=\"true\" focusable=\"false\" data-prefix=\"fas\" data-icon=\"download\" class=\"svg-inline--fa fa-download \" role=\"img\" xmlns=\"http:\/\/www.w3.org\/2000\/svg\" viewBox=\"0 0 512 512\"><path fill=\"currentColor\" d=\"M288 32c0-17.7-14.3-32-32-32s-32 14.3-32 32l0 242.7-73.4-73.4c-12.5-12.5-32.8-12.5-45.3 0s-12.5 32.8 0 45.3l128 128c12.5 12.5 32.8 12.5 45.3 0l128-128c12.5-12.5 12.5-32.8 0-45.3s-32.8-12.5-45.3 0L288 274.7 288 32zM64 352c-35.3 0-64 28.7-64 64l0 32c0 35.3 28.7 64 64 64l384 0c35.3 0 64-28.7 64-64l0-32c0-35.3-28.7-64-64-64l-101.5 0-45.3 45.3c-25 25-65.5 25-90.5 0L165.5 352 64 352zm368 56a24 24 0 1 1 0 48 24 24 0 1 1 0-48z\"><\/path><\/svg><\/span> <strong><strong><a href=\"https:\/\/cdn-buni.onlc.eu\/wp-content\/uploads\/sites\/28\/2025\/10\/Plaquette_DU_Capa_maj_15_05_2024.pdf\">plaquette d&rsquo;informations<\/a><\/strong><\/strong><\/p>\n\n\n\n<p><span class=\"wp-rich-text-font-awesome-icon wp-font-awesome-icon\"><svg aria-hidden=\"true\" focusable=\"false\" data-prefix=\"fas\" data-icon=\"download\" class=\"svg-inline--fa fa-download \" role=\"img\" xmlns=\"http:\/\/www.w3.org\/2000\/svg\" viewBox=\"0 0 512 512\"><path fill=\"currentColor\" d=\"M288 32c0-17.7-14.3-32-32-32s-32 14.3-32 32l0 242.7-73.4-73.4c-12.5-12.5-32.8-12.5-45.3 0s-12.5 32.8 0 45.3l128 128c12.5 12.5 32.8 12.5 45.3 0l128-128c12.5-12.5 12.5-32.8 0-45.3s-32.8-12.5-45.3 0L288 274.7 288 32zM64 352c-35.3 0-64 28.7-64 64l0 32c0 35.3 28.7 64 64 64l384 0c35.3 0 64-28.7 64-64l0-32c0-35.3-28.7-64-64-64l-101.5 0-45.3 45.3c-25 25-65.5 25-90.5 0L165.5 352 64 352zm368 56a24 24 0 1 1 0 48 24 24 0 1 1 0-48z\"><\/path><\/svg><\/span> <strong><a href=\"https:\/\/cdn-buni.onlc.eu\/wp-content\/uploads\/sites\/28\/2025\/10\/Programme_DU_Addicto_Capacite_F.pdf\">Programmes 2024-25 et 2026-27<\/a><\/strong><\/p>\n\n\n\n<p><span class=\"wp-rich-text-font-awesome-icon wp-font-awesome-icon\"><svg aria-hidden=\"true\" focusable=\"false\" data-prefix=\"fas\" data-icon=\"download\" class=\"svg-inline--fa fa-download \" role=\"img\" xmlns=\"http:\/\/www.w3.org\/2000\/svg\" viewBox=\"0 0 512 512\"><path fill=\"currentColor\" d=\"M288 32c0-17.7-14.3-32-32-32s-32 14.3-32 32l0 242.7-73.4-73.4c-12.5-12.5-32.8-12.5-45.3 0s-12.5 32.8 0 45.3l128 128c12.5 12.5 32.8 12.5 45.3 0l128-128c12.5-12.5 12.5-32.8 0-45.3s-32.8-12.5-45.3 0L288 274.7 288 32zM64 352c-35.3 0-64 28.7-64 64l0 32c0 35.3 28.7 64 64 64l384 0c35.3 0 64-28.7 64-64l0-32c0-35.3-28.7-64-64-64l-101.5 0-45.3 45.3c-25 25-65.5 25-90.5 0L165.5 352 64 352zm368 56a24 24 0 1 1 0 48 24 24 0 1 1 0-48z\"><\/path><\/svg><\/span> <strong><a href=\"https:\/\/cdn-buni.onlc.eu\/wp-content\/uploads\/sites\/28\/2025\/10\/Droits_inscription_DU_capacite_2.pdf\">Droits d&rsquo;inscription<\/a><\/strong><\/p>\n\n\n\n<p><span class=\"wp-rich-text-font-awesome-icon wp-font-awesome-icon\"><svg aria-hidden=\"true\" focusable=\"false\" data-prefix=\"fas\" data-icon=\"paper-plane\" class=\"svg-inline--fa fa-paper-plane \" role=\"img\" xmlns=\"http:\/\/www.w3.org\/2000\/svg\" viewBox=\"0 0 512 512\"><path fill=\"currentColor\" d=\"M498.1 5.6c10.1 7 15.4 19.1 13.5 31.2l-64 416c-1.5 9.7-7.4 18.2-16 23s-18.9 5.4-28 1.6L284 427.7l-68.5 74.1c-8.9 9.7-22.9 12.9-35.2 8.1S160 493.2 160 480l0-83.6c0-4 1.5-7.8 4.2-10.8L331.8 202.8c5.8-6.3 5.6-16-.4-22s-15.7-6.4-22-.7L106 360.8 17.7 316.6C7.1 311.3 .3 300.7 0 288.9s5.9-22.8 16.1-28.7l448-256c10.7-6.1 23.9-5.5 34 1.4z\"><\/path><\/svg><\/span> <strong><a href=\"https:\/\/ecandidat-diplome-universitaire.u-bordeaux.fr\/#!accueilView\" target=\"_blank\" rel=\"noreferrer noopener\">Je d\u00e9pose ma candidature aupr\u00e8s de l&rsquo;Universit\u00e9 de Bordeaux<\/a><\/strong><\/p>\n\n\n\n<p><strong><em>Attention, eCandidat est un outil de d\u00e9p\u00f4t de voeux, il ne s&rsquo;agit en aucun cas de votre inscription administrative d\u00e9finitive \u00e0 l&rsquo;Universit\u00e9 de Bordeaux<\/em><\/strong><\/p>\n\n\n\n<h3 class=\"wp-block-heading\"><strong>Renseignements administratifs: <\/strong><\/h3>\n\n\n\n<p><mark style=\"background-color:rgba(0, 0, 0, 0)\" class=\"has-inline-color has-vivid-red-color\"><strong>Madame Eva Relexans &#8211; t\u00e9l: 05 57 57 13 85<\/strong> ; <strong>scolarite.du-sante@u-\u00adbordeaux.fr&nbsp;<\/strong><\/mark><strong> \/ Universit\u00e9 de Bordeaux, gestion des cursus DU\/DIU, Coll\u00e8ge Sciences de la Sant\u00e9 &#8211; 146 rue L\u00e9o Saignat CS 61292, 33076 Bordeaux cedex (B\u00e2timent Espace 5D, bureau 110)<\/strong><\/p>\n\n\n\n<h3 class=\"wp-block-heading\"><strong>Renseignements p\u00e9dagogiques: <\/strong><\/h3>\n\n\n\n<p><strong><u><strong>marc.auriacombe@u-bordeaux.fr<\/strong><\/u> \/ Secr\u00e9tariat : <u><strong>nicole.dubuch@u-bordeaux.fr<\/strong><\/u> \/ T\u00e9l : 05 56 56 17 38 \/ fax: 05 56 56 17 27<\/strong><\/p>\n\n\n\n<p><strong>\u21b5 <a href=\"https:\/\/sanpsy.u-bordeaux.fr\/fr\/formation\/addictologie\/enseignements-et-formations-informations\/\" data-type=\"page\" data-id=\"247\">Revenir \u00e0 la page pr\u00e9c\u00e9dente<\/a><\/strong><\/p>\n","protected":false},"excerpt":{"rendered":"<p>plaquette d&rsquo;informations Programmes 2024-25 et 2026-27 Droits d&rsquo;inscription Je d\u00e9pose ma candidature aupr\u00e8s de l&rsquo;Universit\u00e9 de Bordeaux Attention, eCandidat est [&hellip;]<\/p>\n","protected":false},"author":14,"featured_media":0,"parent":247,"menu_order":0,"comment_status":"closed","ping_status":"closed","template":"","meta":{"footnotes":""},"class_list":["post-463","page","type-page","status-publish","hentry"],"_links":{"self":[{"href":"https:\/\/sanpsy.u-bordeaux.fr\/fr\/wp-json\/wp\/v2\/pages\/463","targetHints":{"allow":["GET"]}}],"collection":[{"href":"https:\/\/sanpsy.u-bordeaux.fr\/fr\/wp-json\/wp\/v2\/pages"}],"about":[{"href":"https:\/\/sanpsy.u-bordeaux.fr\/fr\/wp-json\/wp\/v2\/types\/page"}],"author":[{"embeddable":true,"href":"https:\/\/sanpsy.u-bordeaux.fr\/fr\/wp-json\/wp\/v2\/users\/14"}],"replies":[{"embeddable":true,"href":"https:\/\/sanpsy.u-bordeaux.fr\/fr\/wp-json\/wp\/v2\/comments?post=463"}],"version-history":[{"count":8,"href":"https:\/\/sanpsy.u-bordeaux.fr\/fr\/wp-json\/wp\/v2\/pages\/463\/revisions"}],"predecessor-version":[{"id":957,"href":"https:\/\/sanpsy.u-bordeaux.fr\/fr\/wp-json\/wp\/v2\/pages\/463\/revisions\/957"}],"up":[{"embeddable":true,"href":"https:\/\/sanpsy.u-bordeaux.fr\/fr\/wp-json\/wp\/v2\/pages\/247"}],"wp:attachment":[{"href":"https:\/\/sanpsy.u-bordeaux.fr\/fr\/wp-json\/wp\/v2\/media?parent=463"}],"curies":[{"name":"wp","href":"https:\/\/api.w.org\/{rel}","templated":true}]}}