{"id":461,"date":"2025-08-11T09:30:43","date_gmt":"2025-08-11T09:30:43","guid":{"rendered":"https:\/\/sanpsy-prod.onlinecreation.pro\/?page_id=461"},"modified":"2025-10-09T16:26:27","modified_gmt":"2025-10-09T16:26:27","slug":"formation-specialisee-transversale-fst-daddictologie","status":"publish","type":"page","link":"https:\/\/sanpsy.u-bordeaux.fr\/fr\/formation\/addictologie\/enseignements-et-formations-informations\/formation-specialisee-transversale-fst-daddictologie\/","title":{"rendered":"Formation Sp\u00e9cialis\u00e9e Transversale (FST) d&rsquo;Addictologie"},"content":{"rendered":"\n<p><span class=\"wp-rich-text-font-awesome-icon wp-font-awesome-icon\"><svg aria-hidden=\"true\" focusable=\"false\" data-prefix=\"fas\" data-icon=\"calendar\" class=\"svg-inline--fa fa-calendar \" role=\"img\" xmlns=\"http:\/\/www.w3.org\/2000\/svg\" viewBox=\"0 0 448 512\"><path fill=\"currentColor\" d=\"M96 32l0 32L48 64C21.5 64 0 85.5 0 112l0 48 448 0 0-48c0-26.5-21.5-48-48-48l-48 0 0-32c0-17.7-14.3-32-32-32s-32 14.3-32 32l0 32L160 64l0-32c0-17.7-14.3-32-32-32S96 14.3 96 32zM448 192L0 192 0 464c0 26.5 21.5 48 48 48l352 0c26.5 0 48-21.5 48-48l0-272z\"><\/path><\/svg><\/span> <strong><mark style=\"background-color:rgba(0, 0, 0, 0)\" class=\"has-inline-color has-vivid-red-color\">ANNONCE : Journ\u00e9es Nationales FST Addictologie 2025 : Lundi 17 novembre &amp; mardi 18 novembre 2025 ; Enseignement \u00e0 distance exclusivement<\/mark><\/strong><\/p>\n\n\n\n<p><span class=\"wp-rich-text-font-awesome-icon wp-font-awesome-icon\"><svg aria-hidden=\"true\" focusable=\"false\" data-prefix=\"fas\" data-icon=\"download\" class=\"svg-inline--fa fa-download \" role=\"img\" xmlns=\"http:\/\/www.w3.org\/2000\/svg\" viewBox=\"0 0 512 512\"><path fill=\"currentColor\" d=\"M288 32c0-17.7-14.3-32-32-32s-32 14.3-32 32l0 242.7-73.4-73.4c-12.5-12.5-32.8-12.5-45.3 0s-12.5 32.8 0 45.3l128 128c12.5 12.5 32.8 12.5 45.3 0l128-128c12.5-12.5 12.5-32.8 0-45.3s-32.8-12.5-45.3 0L288 274.7 288 32zM64 352c-35.3 0-64 28.7-64 64l0 32c0 35.3 28.7 64 64 64l384 0c35.3 0 64-28.7 64-64l0-32c0-35.3-28.7-64-64-64l-101.5 0-45.3 45.3c-25 25-65.5 25-90.5 0L165.5 352 64 352zm368 56a24 24 0 1 1 0 48 24 24 0 1 1 0-48z\"><\/path><\/svg><\/span> <u><strong><a href=\"https:\/\/cdn-buni.onlc.eu\/wp-content\/uploads\/sites\/28\/2025\/10\/Plaquette_DU_Capa_maj_15_05_2024.pdf\">Plaquette de pr\u00e9sentation<\/a><\/strong><\/u><\/p>\n\n\n\n<p><span class=\"wp-rich-text-font-awesome-icon wp-font-awesome-icon\"><svg aria-hidden=\"true\" focusable=\"false\" data-prefix=\"fas\" data-icon=\"bars\" class=\"svg-inline--fa fa-bars \" role=\"img\" xmlns=\"http:\/\/www.w3.org\/2000\/svg\" viewBox=\"0 0 448 512\"><path fill=\"currentColor\" d=\"M0 96C0 78.3 14.3 64 32 64l384 0c17.7 0 32 14.3 32 32s-14.3 32-32 32L32 128C14.3 128 0 113.7 0 96zM0 256c0-17.7 14.3-32 32-32l384 0c17.7 0 32 14.3 32 32s-14.3 32-32 32L32 288c-17.7 0-32-14.3-32-32zM448 416c0 17.7-14.3 32-32 32L32 448c-17.7 0-32-14.3-32-32s14.3-32 32-32l384 0c17.7 0 32 14.3 32 32z\"><\/path><\/svg><\/span> <a href=\"https:\/\/sanpsy.u-bordeaux.fr\/fr\/formation\/addictologie\/enseignements-et-formations-informations\/formation-specialisee-transversale-fst-daddictologie\/programme-fst-daddictologie\/\" data-type=\"page\" data-id=\"471\"><u><strong>Programmes des modules (National et Bordeaux)<\/strong><\/u><\/a><\/p>\n\n\n\n<p><span class=\"wp-rich-text-font-awesome-icon wp-font-awesome-icon\"><svg aria-hidden=\"true\" focusable=\"false\" data-prefix=\"fas\" data-icon=\"paper-plane\" class=\"svg-inline--fa fa-paper-plane \" role=\"img\" xmlns=\"http:\/\/www.w3.org\/2000\/svg\" viewBox=\"0 0 512 512\"><path fill=\"currentColor\" d=\"M498.1 5.6c10.1 7 15.4 19.1 13.5 31.2l-64 416c-1.5 9.7-7.4 18.2-16 23s-18.9 5.4-28 1.6L284 427.7l-68.5 74.1c-8.9 9.7-22.9 12.9-35.2 8.1S160 493.2 160 480l0-83.6c0-4 1.5-7.8 4.2-10.8L331.8 202.8c5.8-6.3 5.6-16-.4-22s-15.7-6.4-22-.7L106 360.8 17.7 316.6C7.1 311.3 .3 300.7 0 288.9s5.9-22.8 16.1-28.7l448-256c10.7-6.1 23.9-5.5 34 1.4z\"><\/path><\/svg><\/span> <strong><a href=\"https:\/\/enquetessphinx.u-bordeaux.fr\/v4\/s\/z6kdp7\" target=\"_blank\" rel=\"noreferrer noopener\"><strong>Je me pr\u00e9-inscris avec le formulaire en ligne<\/strong><\/a><\/strong><\/p>\n\n\n\n<p><a href=\"https:\/\/sanpsy.u-bordeaux.fr\/fr\/static30\/enseignement-addictologie\">\u21b5<\/a><a href=\"https:\/\/sanpsy.u-bordeaux.fr\/fr\/formation\/addictologie\/enseignements-et-formations-informations\/\" data-type=\"page\" data-id=\"247\"> Revenir \u00e0 la plage pr\u00e9c\u00e9dente<\/a><\/p>\n\n\n\n<p><\/p>\n","protected":false},"excerpt":{"rendered":"<p>ANNONCE : Journ\u00e9es Nationales FST Addictologie 2025 : Lundi 17 novembre &amp; mardi 18 novembre 2025 ; Enseignement \u00e0 distance [&hellip;]<\/p>\n","protected":false},"author":14,"featured_media":0,"parent":247,"menu_order":0,"comment_status":"closed","ping_status":"closed","template":"","meta":{"footnotes":""},"class_list":["post-461","page","type-page","status-publish","hentry"],"_links":{"self":[{"href":"https:\/\/sanpsy.u-bordeaux.fr\/fr\/wp-json\/wp\/v2\/pages\/461","targetHints":{"allow":["GET"]}}],"collection":[{"href":"https:\/\/sanpsy.u-bordeaux.fr\/fr\/wp-json\/wp\/v2\/pages"}],"about":[{"href":"https:\/\/sanpsy.u-bordeaux.fr\/fr\/wp-json\/wp\/v2\/types\/page"}],"author":[{"embeddable":true,"href":"https:\/\/sanpsy.u-bordeaux.fr\/fr\/wp-json\/wp\/v2\/users\/14"}],"replies":[{"embeddable":true,"href":"https:\/\/sanpsy.u-bordeaux.fr\/fr\/wp-json\/wp\/v2\/comments?post=461"}],"version-history":[{"count":7,"href":"https:\/\/sanpsy.u-bordeaux.fr\/fr\/wp-json\/wp\/v2\/pages\/461\/revisions"}],"predecessor-version":[{"id":958,"href":"https:\/\/sanpsy.u-bordeaux.fr\/fr\/wp-json\/wp\/v2\/pages\/461\/revisions\/958"}],"up":[{"embeddable":true,"href":"https:\/\/sanpsy.u-bordeaux.fr\/fr\/wp-json\/wp\/v2\/pages\/247"}],"wp:attachment":[{"href":"https:\/\/sanpsy.u-bordeaux.fr\/fr\/wp-json\/wp\/v2\/media?parent=461"}],"curies":[{"name":"wp","href":"https:\/\/api.w.org\/{rel}","templated":true}]}}