{"id":459,"date":"2025-08-11T09:23:59","date_gmt":"2025-08-11T09:23:59","guid":{"rendered":"https:\/\/sanpsy-prod.onlinecreation.pro\/?page_id=459"},"modified":"2025-10-09T16:32:08","modified_gmt":"2025-10-09T16:32:08","slug":"enseignement-libre","status":"publish","type":"page","link":"https:\/\/sanpsy.u-bordeaux.fr\/fr\/formation\/addictologie\/enseignements-et-formations-informations\/enseignement-libre\/","title":{"rendered":"Enseignement libre"},"content":{"rendered":"\n<p><strong>\u2666 Trois cours vid\u00e9os d&rsquo;introduction aux concepts g\u00e9n\u00e9raux en addictologie :<br><br>&#8211; <a href=\"https:\/\/mediapod.u-bordeaux.fr\/video\/35344-addictologie-clarification-et-delimitation\/\">clarification (11 min)<\/a><br><br>&#8211; <a href=\"https:\/\/mediapod.u-bordeaux.fr\/video\/35353-addictologie-perte-de-controle\/\">perte de contr\u00f4le (8 min)<\/a><br><br>&#8211; <a href=\"https:\/\/mediapod.u-bordeaux.fr\/video\/35350-addictologie-epidemiologie-et-comportement\/\">\u00e9pid\u00e9miologie et comportement (20 min)<\/a><\/strong><\/p>\n\n\n\n<p><strong>\u2666 Un cours vid\u00e9o sur la <a href=\"https:\/\/mediapod.u-bordeaux.fr\/video\/35356-addictologie-prise-en-charge-de-laddiction-et-traitements-pharmacologiques\/\">th\u00e9rapeutique en g\u00e9n\u00e9ral<\/a> (7min)<\/strong><\/p>\n\n\n\n<p><strong>\u2666 Trois cours vid\u00e9os sur les sp\u00e9cificit\u00e9s des m\u00e9dicaments pour l\u2019addiction au <a href=\"https:\/\/mediapod.u-bordeaux.fr\/video\/35365-addictologie-prise-en-charge-de-laddiction-au-tabac\/\">tabac<\/a> (10 min), \u00e0 <a href=\"https:\/\/mediapod.u-bordeaux.fr\/video\/35359-addictologie-prise-en-charge-de-laddiction-a-lalcool\/\">l\u2019alcool <\/a>(8 min) et \u00e0 <a href=\"https:\/\/mediapod.u-bordeaux.fr\/video\/35362-addictologie-prise-en-charge-de-laddiction-aux-opiaces\/\">l\u2019h\u00e9ro\u00efne<\/a> (13 min)<\/strong><\/p>\n\n\n\n<p><strong>\u2666 Un cours vid\u00e9o sur <a href=\"https:\/\/mediapod.u-bordeaux.fr\/video\/35347-addictologie-addiction-effets-aigus-des-substances\/\">les effets aigus des substances (intoxication et syndr\u00f4me de sevrage)<\/a><\/strong><\/p>\n\n\n\n<p><strong>\u2666 Un <a href=\"https:\/\/cdn-buni.onlc.eu\/wp-content\/uploads\/sites\/28\/2025\/10\/2014-polycop-addicto-bordeaux_20nov1.pdf\">polycopi\u00e9<\/a><\/strong><\/p>\n\n\n\n<p>\u21b5 <a href=\"https:\/\/sanpsy.u-bordeaux.fr\/fr\/formation\/addictologie\/enseignements-et-formations-informations\/\" data-type=\"page\" data-id=\"247\">Revenir \u00e0 la page pr\u00e9c\u00e9dente<\/a><\/p>\n","protected":false},"excerpt":{"rendered":"<p>\u2666 Trois cours vid\u00e9os d&rsquo;introduction aux concepts g\u00e9n\u00e9raux en addictologie : &#8211; clarification (11 min) &#8211; perte de contr\u00f4le (8 [&hellip;]<\/p>\n","protected":false},"author":14,"featured_media":0,"parent":247,"menu_order":0,"comment_status":"closed","ping_status":"closed","template":"","meta":{"footnotes":""},"class_list":["post-459","page","type-page","status-publish","hentry"],"_links":{"self":[{"href":"https:\/\/sanpsy.u-bordeaux.fr\/fr\/wp-json\/wp\/v2\/pages\/459","targetHints":{"allow":["GET"]}}],"collection":[{"href":"https:\/\/sanpsy.u-bordeaux.fr\/fr\/wp-json\/wp\/v2\/pages"}],"about":[{"href":"https:\/\/sanpsy.u-bordeaux.fr\/fr\/wp-json\/wp\/v2\/types\/page"}],"author":[{"embeddable":true,"href":"https:\/\/sanpsy.u-bordeaux.fr\/fr\/wp-json\/wp\/v2\/users\/14"}],"replies":[{"embeddable":true,"href":"https:\/\/sanpsy.u-bordeaux.fr\/fr\/wp-json\/wp\/v2\/comments?post=459"}],"version-history":[{"count":5,"href":"https:\/\/sanpsy.u-bordeaux.fr\/fr\/wp-json\/wp\/v2\/pages\/459\/revisions"}],"predecessor-version":[{"id":968,"href":"https:\/\/sanpsy.u-bordeaux.fr\/fr\/wp-json\/wp\/v2\/pages\/459\/revisions\/968"}],"up":[{"embeddable":true,"href":"https:\/\/sanpsy.u-bordeaux.fr\/fr\/wp-json\/wp\/v2\/pages\/247"}],"wp:attachment":[{"href":"https:\/\/sanpsy.u-bordeaux.fr\/fr\/wp-json\/wp\/v2\/media?parent=459"}],"curies":[{"name":"wp","href":"https:\/\/api.w.org\/{rel}","templated":true}]}}