{"id":458,"date":"2025-08-11T09:07:51","date_gmt":"2025-08-11T09:07:51","guid":{"rendered":"https:\/\/sanpsy-prod.onlinecreation.pro\/?page_id=458"},"modified":"2025-10-09T16:35:57","modified_gmt":"2025-10-09T16:35:57","slug":"approfondir-vos-connaissances-en-addictologie","status":"publish","type":"page","link":"https:\/\/sanpsy.u-bordeaux.fr\/fr\/formation\/addictologie\/enseignements-et-formations-informations\/approfondir-vos-connaissances-en-addictologie\/","title":{"rendered":"Approfondir vos connaissances en addictologie"},"content":{"rendered":"\n<p><em><strong>Cliquez sur les liens pour acc\u00e9der aux ressources :<\/strong><\/em><\/p>\n\n\n\n<p><strong>\u2666 <a href=\"https:\/\/sanpsy.u-bordeaux.fr\/fr\/formation\/addictologie\/enseignements-et-formations-informations\/approfondir-vos-connaissances-en-addictologie\/atelier-craving\/\" data-type=\"page\" data-id=\"465\" target=\"_blank\" rel=\"noreferrer noopener\">Le craving et le DSM5 <\/a><\/strong><a href=\"https:\/\/sanpsy.u-bordeaux.fr\/fr\/formation\/addictologie\/enseignements-et-formations-informations\/approfondir-vos-connaissances-en-addictologie\/atelier-craving\/\" data-type=\"page\" data-id=\"465\" target=\"_blank\" rel=\"noreferrer noopener\">(9 octobre 2013)<\/a><\/p>\n\n\n\n<p><strong>\u2666 <a href=\"https:\/\/www.youtube.com\/watch?v=Y6TxHdmvT_Y&amp;feature=youtu.be\">Bipolarit\u00e9 et addiction <\/a><\/strong><a href=\"https:\/\/www.youtube.com\/watch?v=Y6TxHdmvT_Y&amp;feature=youtu.be\">(24 mai 2018)<\/a><\/p>\n\n\n\n<p><strong>\u2666 <a href=\"https:\/\/www.youtube.com\/watch?v=cYCkYF98BKw\" target=\"_blank\" rel=\"noreferrer noopener\">Tabac et comorbidit\u00e9s psychiatriques <\/a><\/strong><a href=\"https:\/\/www.youtube.com\/watch?v=cYCkYF98BKw\" target=\"_blank\" rel=\"noreferrer noopener\">(THS 2015)<\/a><\/p>\n\n\n\n<p><strong>\u2666 <a href=\"https:\/\/www.youtube.com\/watch?v=ftiwoTYEY7Y&amp;feature=youtu.be\" target=\"_blank\" rel=\"noreferrer noopener\">Le craving, \u00e9l\u00e9ment diagnostic et pronostic ? <\/a><\/strong><a href=\"https:\/\/www.youtube.com\/watch?v=ftiwoTYEY7Y&amp;feature=youtu.be\" target=\"_blank\" rel=\"noreferrer noopener\">(10 mars 2016)<\/a><\/p>\n\n\n\n<p><\/p>\n\n\n\n<p>\u21b5 <a href=\"https:\/\/sanpsy.u-bordeaux.fr\/fr\/formation\/addictologie\/enseignements-et-formations-informations\/\" data-type=\"page\" data-id=\"247\">Revenir \u00e0 la page pr\u00e9c\u00e9dente<\/a><\/p>\n","protected":false},"excerpt":{"rendered":"<p>Cliquez sur les liens pour acc\u00e9der aux ressources : \u2666 Le craving et le DSM5 (9 octobre 2013) \u2666 Bipolarit\u00e9 [&hellip;]<\/p>\n","protected":false},"author":14,"featured_media":0,"parent":247,"menu_order":0,"comment_status":"closed","ping_status":"closed","template":"","meta":{"footnotes":""},"class_list":["post-458","page","type-page","status-publish","hentry"],"_links":{"self":[{"href":"https:\/\/sanpsy.u-bordeaux.fr\/fr\/wp-json\/wp\/v2\/pages\/458","targetHints":{"allow":["GET"]}}],"collection":[{"href":"https:\/\/sanpsy.u-bordeaux.fr\/fr\/wp-json\/wp\/v2\/pages"}],"about":[{"href":"https:\/\/sanpsy.u-bordeaux.fr\/fr\/wp-json\/wp\/v2\/types\/page"}],"author":[{"embeddable":true,"href":"https:\/\/sanpsy.u-bordeaux.fr\/fr\/wp-json\/wp\/v2\/users\/14"}],"replies":[{"embeddable":true,"href":"https:\/\/sanpsy.u-bordeaux.fr\/fr\/wp-json\/wp\/v2\/comments?post=458"}],"version-history":[{"count":7,"href":"https:\/\/sanpsy.u-bordeaux.fr\/fr\/wp-json\/wp\/v2\/pages\/458\/revisions"}],"predecessor-version":[{"id":970,"href":"https:\/\/sanpsy.u-bordeaux.fr\/fr\/wp-json\/wp\/v2\/pages\/458\/revisions\/970"}],"up":[{"embeddable":true,"href":"https:\/\/sanpsy.u-bordeaux.fr\/fr\/wp-json\/wp\/v2\/pages\/247"}],"wp:attachment":[{"href":"https:\/\/sanpsy.u-bordeaux.fr\/fr\/wp-json\/wp\/v2\/media?parent=458"}],"curies":[{"name":"wp","href":"https:\/\/api.w.org\/{rel}","templated":true}]}}