{"id":454,"date":"2025-08-11T08:55:50","date_gmt":"2025-08-11T08:55:50","guid":{"rendered":"https:\/\/sanpsy-prod.onlinecreation.pro\/?page_id=454"},"modified":"2026-01-30T13:21:54","modified_gmt":"2026-01-30T13:21:54","slug":"psychiatrie-enseignements-et-formations","status":"publish","type":"page","link":"https:\/\/sanpsy.u-bordeaux.fr\/fr\/formation\/psychiatrie-enseignements-et-formations\/","title":{"rendered":"Psychiatrie : Enseignements et formations"},"content":{"rendered":"\n<p><em><strong>Cliquez sur l&rsquo;enseignement de votre choix<\/strong><\/em> :<\/p>\n\n\n\n<p><span class=\"wp-rich-text-font-awesome-icon wp-font-awesome-icon\"><svg aria-hidden=\"true\" focusable=\"false\" data-prefix=\"fas\" data-icon=\"play\" class=\"svg-inline--fa fa-play \" role=\"img\" xmlns=\"http:\/\/www.w3.org\/2000\/svg\" viewBox=\"0 0 384 512\"><path fill=\"currentColor\" d=\"M73 39c-14.8-9.1-33.4-9.4-48.5-.9S0 62.6 0 80L0 432c0 17.4 9.4 33.4 24.5 41.9s33.7 8.1 48.5-.9L361 297c14.3-8.7 23-24.2 23-41s-8.7-32.2-23-41L73 39z\"><\/path><\/svg><\/span> <a href=\"https:\/\/sanpsy.u-bordeaux.fr\/fr\/formation\/psychiatrie-enseignements-et-formations\/diplome-duniversite-de-psychiatrie-diagnostics-et-soins-de-premiere-intention\/\" data-type=\"page\" data-id=\"282\"><strong>DIPL\u00d4ME D&rsquo;UNIVERSIT\u00c9 (DU) DE PSYCHIATRIE : Diagnostics et soin de premi\u00e8re intention<\/strong><\/a><\/p>\n\n\n\n<p><span class=\"wp-rich-text-font-awesome-icon wp-font-awesome-icon\"><svg aria-hidden=\"true\" focusable=\"false\" data-prefix=\"fas\" data-icon=\"play\" class=\"svg-inline--fa fa-play \" role=\"img\" xmlns=\"http:\/\/www.w3.org\/2000\/svg\" viewBox=\"0 0 384 512\"><path fill=\"currentColor\" d=\"M73 39c-14.8-9.1-33.4-9.4-48.5-.9S0 62.6 0 80L0 432c0 17.4 9.4 33.4 24.5 41.9s33.7 8.1 48.5-.9L361 297c14.3-8.7 23-24.2 23-41s-8.7-32.2-23-41L73 39z\"><\/path><\/svg><\/span> <strong><a href=\"https:\/\/sanpsy.u-bordeaux.fr\/fr\/formation\/psychiatrie-enseignements-et-formations\/diu-pratique-et-theorie-de-lelectroconvulsivotherapie-et-de-la-stimulation-magnetique-transcranienne\/\" data-type=\"page\" data-id=\"444\">DIPL\u00d4ME INTER UNIVERSIT\u00c9S (DIU) Pratique et th\u00e9orie de l&rsquo;\u00e9l\u00e9ctroconvulsivoth\u00e9rapie et de la stimulation magn\u00e9tique transcranienne (ECT-RTMS) <\/a><\/strong><\/p>\n\n\n\n<p><span class=\"wp-rich-text-font-awesome-icon wp-font-awesome-icon\"><svg aria-hidden=\"true\" focusable=\"false\" data-prefix=\"fas\" data-icon=\"play\" class=\"svg-inline--fa fa-play \" role=\"img\" xmlns=\"http:\/\/www.w3.org\/2000\/svg\" viewBox=\"0 0 384 512\"><path fill=\"currentColor\" d=\"M73 39c-14.8-9.1-33.4-9.4-48.5-.9S0 62.6 0 80L0 432c0 17.4 9.4 33.4 24.5 41.9s33.7 8.1 48.5-.9L361 297c14.3-8.7 23-24.2 23-41s-8.7-32.2-23-41L73 39z\"><\/path><\/svg><\/span> <strong><a href=\"https:\/\/sanpsy.u-bordeaux.fr\/fr\/formation\/psychiatrie-enseignements-et-formations\/diu-philosophie-et-epistemologie-de-la-psychiatrie\/\" data-type=\"link\" data-id=\"https:\/\/sanpsy-prod.onlinecreation.pro\/fr\/diu-philosophie-et-epistemologie-de-la-psychiatrie\/\">DIPL\u00d4ME INTER UNIVERSIT\u00c9S (DIU) Philosophie et \u00e9pist\u00e9mologie de la psychiatrie<\/a><\/strong><\/p>\n\n\n\n<p><\/p>\n","protected":false},"excerpt":{"rendered":"<p>Cliquez sur l&rsquo;enseignement de votre choix : DIPL\u00d4ME D&rsquo;UNIVERSIT\u00c9 (DU) DE PSYCHIATRIE : Diagnostics et soin de premi\u00e8re intention DIPL\u00d4ME [&hellip;]<\/p>\n","protected":false},"author":14,"featured_media":0,"parent":158,"menu_order":0,"comment_status":"closed","ping_status":"closed","template":"","meta":{"footnotes":""},"class_list":["post-454","page","type-page","status-publish","hentry"],"_links":{"self":[{"href":"https:\/\/sanpsy.u-bordeaux.fr\/fr\/wp-json\/wp\/v2\/pages\/454","targetHints":{"allow":["GET"]}}],"collection":[{"href":"https:\/\/sanpsy.u-bordeaux.fr\/fr\/wp-json\/wp\/v2\/pages"}],"about":[{"href":"https:\/\/sanpsy.u-bordeaux.fr\/fr\/wp-json\/wp\/v2\/types\/page"}],"author":[{"embeddable":true,"href":"https:\/\/sanpsy.u-bordeaux.fr\/fr\/wp-json\/wp\/v2\/users\/14"}],"replies":[{"embeddable":true,"href":"https:\/\/sanpsy.u-bordeaux.fr\/fr\/wp-json\/wp\/v2\/comments?post=454"}],"version-history":[{"count":6,"href":"https:\/\/sanpsy.u-bordeaux.fr\/fr\/wp-json\/wp\/v2\/pages\/454\/revisions"}],"predecessor-version":[{"id":1193,"href":"https:\/\/sanpsy.u-bordeaux.fr\/fr\/wp-json\/wp\/v2\/pages\/454\/revisions\/1193"}],"up":[{"embeddable":true,"href":"https:\/\/sanpsy.u-bordeaux.fr\/fr\/wp-json\/wp\/v2\/pages\/158"}],"wp:attachment":[{"href":"https:\/\/sanpsy.u-bordeaux.fr\/fr\/wp-json\/wp\/v2\/media?parent=454"}],"curies":[{"name":"wp","href":"https:\/\/api.w.org\/{rel}","templated":true}]}}