{"id":444,"date":"2025-08-11T08:29:43","date_gmt":"2025-08-11T08:29:43","guid":{"rendered":"https:\/\/sanpsy-prod.onlinecreation.pro\/?page_id=444"},"modified":"2026-03-19T13:26:18","modified_gmt":"2026-03-19T13:26:18","slug":"diu-pratique-et-theorie-de-lelectroconvulsivotherapie-et-de-la-stimulation-magnetique-transcranienne","status":"publish","type":"page","link":"https:\/\/sanpsy.u-bordeaux.fr\/fr\/formation\/psychiatrie-enseignements-et-formations\/diu-pratique-et-theorie-de-lelectroconvulsivotherapie-et-de-la-stimulation-magnetique-transcranienne\/","title":{"rendered":"DIU pratique et th\u00e9orie de l&rsquo;\u00e9lectroconvulsivoth\u00e9rapie et de la stimulation magn\u00e9tique transcr\u00e2nienne"},"content":{"rendered":"\n<p><span class=\"wp-rich-text-font-awesome-icon wp-font-awesome-icon\"><svg aria-hidden=\"true\" focusable=\"false\" data-prefix=\"fas\" data-icon=\"download\" class=\"svg-inline--fa fa-download \" role=\"img\" xmlns=\"http:\/\/www.w3.org\/2000\/svg\" viewBox=\"0 0 512 512\"><path fill=\"currentColor\" d=\"M288 32c0-17.7-14.3-32-32-32s-32 14.3-32 32l0 242.7-73.4-73.4c-12.5-12.5-32.8-12.5-45.3 0s-12.5 32.8 0 45.3l128 128c12.5 12.5 32.8 12.5 45.3 0l128-128c12.5-12.5 12.5-32.8 0-45.3s-32.8-12.5-45.3 0L288 274.7 288 32zM64 352c-35.3 0-64 28.7-64 64l0 32c0 35.3 28.7 64 64 64l384 0c35.3 0 64-28.7 64-64l0-32c0-35.3-28.7-64-64-64l-101.5 0-45.3 45.3c-25 25-65.5 25-90.5 0L165.5 352 64 352zm368 56a24 24 0 1 1 0 48 24 24 0 1 1 0-48z\"><\/path><\/svg><\/span> <strong><a href=\"https:\/\/cdn-buni.onlc.eu\/wp-content\/uploads\/sites\/28\/2025\/10\/PLAQDIU_ECT_SMT_202425V2.pdf\">Informations<\/a><\/strong><\/p>\n\n\n\n<p><span class=\"wp-rich-text-font-awesome-icon wp-font-awesome-icon\"><svg aria-hidden=\"true\" focusable=\"false\" data-prefix=\"fas\" data-icon=\"download\" class=\"svg-inline--fa fa-download \" role=\"img\" xmlns=\"http:\/\/www.w3.org\/2000\/svg\" viewBox=\"0 0 512 512\"><path fill=\"currentColor\" d=\"M288 32c0-17.7-14.3-32-32-32s-32 14.3-32 32l0 242.7-73.4-73.4c-12.5-12.5-32.8-12.5-45.3 0s-12.5 32.8 0 45.3l128 128c12.5 12.5 32.8 12.5 45.3 0l128-128c12.5-12.5 12.5-32.8 0-45.3s-32.8-12.5-45.3 0L288 274.7 288 32zM64 352c-35.3 0-64 28.7-64 64l0 32c0 35.3 28.7 64 64 64l384 0c35.3 0 64-28.7 64-64l0-32c0-35.3-28.7-64-64-64l-101.5 0-45.3 45.3c-25 25-65.5 25-90.5 0L165.5 352 64 352zm368 56a24 24 0 1 1 0 48 24 24 0 1 1 0-48z\"><\/path><\/svg><\/span> <strong><a href=\"https:\/\/cdn-buni.onlc.eu\/wp-content\/uploads\/sites\/28\/2025\/10\/BX_PROGRAMME_DIU_ECT_Bordeaux_2024-2025.pdf\">Programme de Bordeaux 2024-2025<\/a><\/strong><\/p>\n\n\n\n<p><span class=\"wp-rich-text-font-awesome-icon wp-font-awesome-icon\"><svg aria-hidden=\"true\" focusable=\"false\" data-prefix=\"fas\" data-icon=\"download\" class=\"svg-inline--fa fa-download \" role=\"img\" xmlns=\"http:\/\/www.w3.org\/2000\/svg\" viewBox=\"0 0 512 512\"><path fill=\"currentColor\" d=\"M288 32c0-17.7-14.3-32-32-32s-32 14.3-32 32l0 242.7-73.4-73.4c-12.5-12.5-32.8-12.5-45.3 0s-12.5 32.8 0 45.3l128 128c12.5 12.5 32.8 12.5 45.3 0l128-128c12.5-12.5 12.5-32.8 0-45.3s-32.8-12.5-45.3 0L288 274.7 288 32zM64 352c-35.3 0-64 28.7-64 64l0 32c0 35.3 28.7 64 64 64l384 0c35.3 0 64-28.7 64-64l0-32c0-35.3-28.7-64-64-64l-101.5 0-45.3 45.3c-25 25-65.5 25-90.5 0L165.5 352 64 352zm368 56a24 24 0 1 1 0 48 24 24 0 1 1 0-48z\"><\/path><\/svg><\/span> <strong><a href=\"https:\/\/cdn-buni.onlc.eu\/wp-content\/uploads\/sites\/28\/2025\/10\/PROGRAMME_DIU_ECT_LYON_2024_2025.pdf\">Programme de Lyon 2024-2025<\/a><\/strong><\/p>\n\n\n\n<p><span class=\"wp-rich-text-font-awesome-icon wp-font-awesome-icon\"><svg aria-hidden=\"true\" focusable=\"false\" data-prefix=\"fas\" data-icon=\"download\" class=\"svg-inline--fa fa-download \" role=\"img\" xmlns=\"http:\/\/www.w3.org\/2000\/svg\" viewBox=\"0 0 512 512\"><path fill=\"currentColor\" d=\"M288 32c0-17.7-14.3-32-32-32s-32 14.3-32 32l0 242.7-73.4-73.4c-12.5-12.5-32.8-12.5-45.3 0s-12.5 32.8 0 45.3l128 128c12.5 12.5 32.8 12.5 45.3 0l128-128c12.5-12.5 12.5-32.8 0-45.3s-32.8-12.5-45.3 0L288 274.7 288 32zM64 352c-35.3 0-64 28.7-64 64l0 32c0 35.3 28.7 64 64 64l384 0c35.3 0 64-28.7 64-64l0-32c0-35.3-28.7-64-64-64l-101.5 0-45.3 45.3c-25 25-65.5 25-90.5 0L165.5 352 64 352zm368 56a24 24 0 1 1 0 48 24 24 0 1 1 0-48z\"><\/path><\/svg><\/span> <strong><a href=\"https:\/\/cdn-buni.onlc.eu\/wp-content\/uploads\/sites\/28\/2025\/10\/NANTES_PROGRAMME_DIU_ECT_2024_2025.pdf\">Programme de Nantes 2024-2025<\/a><\/strong><\/p>\n\n\n\n<h1 class=\"wp-block-heading\"><strong><kbd>Inscriptions <\/kbd><\/strong><\/h1>\n\n\n\n<h2 class=\"wp-block-heading\"><strong><strong>Co\u00fbt de la formation (frais d&rsquo;inscription inclus)<\/strong><\/strong><\/h2>\n\n\n\n<p>Bordeaux : 2100 euros<br>Lyon : 2100 euros<br>Nantes : 2100 euros<\/p>\n\n\n\n<h2 class=\"wp-block-heading\"><strong>Modalit\u00e9s et processus de pr\u00e9candidature<\/strong><\/h2>\n\n\n\n<p>Du 1er avril au 14 septembre 2026 : les pr\u00e9candidatures pour la promotion 2026-2027 sont ouvertes. Le <strong>formulaire de pr\u00e9candidature<\/strong> (lien plus bas) <strong>est valable pour les 3 universit\u00e9s partenaires<\/strong> (Bordeaux, Lyon, Nantes). D\u00e9p\u00f4t de votre pr\u00e9candidature avec le lien.<\/p>\n\n\n\n<ul class=\"wp-block-list\">\n<li>Cas 1 : <strong>Si votre pr\u00e9candidature est retenue<\/strong> par la commission p\u00e9dagogique de recrutement, l&rsquo;universit\u00e9 en charge de votre dossier (Bordeaux, Lyon, Nantes) vous contactera par courriel, \u00e0 partir de fin septembre, afin de vous transmettre les instructions pour compl\u00e9ter votre dossier d&rsquo;inscription. CV, lettre de motivation, copie des dipl\u00f4mes requis, copie de la pi\u00e8ce d&rsquo;identit\u00e9, seront \u00e9galement \u00e0 fournir lors de votre inscription d\u00e9finitive.<\/li>\n\n\n\n<li>Cas 2 : <strong>Si votre pr\u00e9candidature n&rsquo;est pas retenue<\/strong> par la commission p\u00e9dagogique de recrutement, vous en serez inform\u00e9 par email fin septembre<\/li>\n<\/ul>\n\n\n\n<h2 class=\"wp-block-heading\"><strong>Conditions d&rsquo;acc\u00e8s :<\/strong><\/h2>\n\n\n\n<ul class=\"wp-block-list\">\n<li>Pr\u00e9candidature en ligne pour l&rsquo;ensemble des universit\u00e9s partenaires (Bordeaux, Lyon, Nantes) via un lien unique ci-dessous<\/li>\n\n\n\n<li>Sur dossier de candidature accompagn\u00e9 d&rsquo;un CV, lettre de motivation, copie des dipl\u00f4mes requis, copie de la pi\u00e8ce d&rsquo;identit\u00e9<\/li>\n\n\n\n<li>Pr\u00e9candidatures ouvertes du 1 avril 2026 au 14 septembre 2026<br><\/li>\n<\/ul>\n\n\n\n<h2 class=\"wp-block-heading\"><span class=\"wp-rich-text-font-awesome-icon wp-font-awesome-icon\"><svg aria-hidden=\"true\" focusable=\"false\" data-prefix=\"fas\" data-icon=\"paper-plane\" class=\"svg-inline--fa fa-paper-plane \" role=\"img\" xmlns=\"http:\/\/www.w3.org\/2000\/svg\" viewBox=\"0 0 512 512\"><path fill=\"currentColor\" d=\"M498.1 5.6c10.1 7 15.4 19.1 13.5 31.2l-64 416c-1.5 9.7-7.4 18.2-16 23s-18.9 5.4-28 1.6L284 427.7l-68.5 74.1c-8.9 9.7-22.9 12.9-35.2 8.1S160 493.2 160 480l0-83.6c0-4 1.5-7.8 4.2-10.8L331.8 202.8c5.8-6.3 5.6-16-.4-22s-15.7-6.4-22-.7L106 360.8 17.7 316.6C7.1 311.3 .3 300.7 0 288.9s5.9-22.8 16.1-28.7l448-256c10.7-6.1 23.9-5.5 34 1.4z\"><\/path><\/svg><\/span> <a href=\"https:\/\/enquetessphinx.u-bordeaux.fr\/v4\/s\/bxw83l\">Formulaire de pr\u00e9candidature : cliquez ici<\/a><br><mark style=\"background-color:rgba(0, 0, 0, 0)\" class=\"has-inline-color has-white-color\"> .<\/mark><\/h2>\n\n\n\n<h3 class=\"wp-block-heading\"><strong>Renseignements administratifs :<\/strong><\/h3>\n\n\n\n<p><span class=\"wp-rich-text-font-awesome-icon wp-font-awesome-icon\"><svg aria-hidden=\"true\" focusable=\"false\" data-prefix=\"fas\" data-icon=\"user\" class=\"svg-inline--fa fa-user \" role=\"img\" xmlns=\"http:\/\/www.w3.org\/2000\/svg\" viewBox=\"0 0 448 512\"><path fill=\"currentColor\" d=\"M224 256A128 128 0 1 0 224 0a128 128 0 1 0 0 256zm-45.7 48C79.8 304 0 383.8 0 482.3C0 498.7 13.3 512 29.7 512l388.6 0c16.4 0 29.7-13.3 29.7-29.7C448 383.8 368.2 304 269.7 304l-91.4 0z\"><\/path><\/svg><\/span> <strong>Bordeaux<\/strong>: <strong><mark style=\"background-color:rgba(0, 0, 0, 0)\" class=\"has-inline-color has-vivid-red-color\">Madame Eva Relexans &#8211; t\u00e9l: 05 57 57 13 85<\/mark><\/strong> ; <strong><a href=\"mailto:scolarite.du-sante@u-\u00adbordeaux.fr\">scolarite.du-sante@u-\u00adbordeaux.fr<\/a><\/strong>&nbsp; \/ Universit\u00e9 de Bordeaux, gestion des cursus DU\/DIU, Coll\u00e8ge Sciences de la Sant\u00e9 &#8211; 146 rue L\u00e9o Saignat CS 61292, 33076 Bordeaux cedex (B\u00e2timent Espace 5D, bureau 110)<\/p>\n\n\n\n<h3 class=\"wp-block-heading\"><strong>Renseignements p\u00e9dagogiques :<\/strong><\/h3>\n\n\n\n<p><span class=\"wp-rich-text-font-awesome-icon wp-font-awesome-icon\"><svg aria-hidden=\"true\" focusable=\"false\" data-prefix=\"fas\" data-icon=\"user\" class=\"svg-inline--fa fa-user \" role=\"img\" xmlns=\"http:\/\/www.w3.org\/2000\/svg\" viewBox=\"0 0 448 512\"><path fill=\"currentColor\" d=\"M224 256A128 128 0 1 0 224 0a128 128 0 1 0 0 256zm-45.7 48C79.8 304 0 383.8 0 482.3C0 498.7 13.3 512 29.7 512l388.6 0c16.4 0 29.7-13.3 29.7-29.7C448 383.8 368.2 304 269.7 304l-91.4 0z\"><\/path><\/svg><\/span> <strong>Bordeaux<\/strong> : Pr Marc Auriacombe <strong><a href=\"mailto:marc.auriacombe@u-\u00adbordeaux.fr\">marc.auriacombe@u-\u00adbordeaux.fr<\/a><\/strong>    <br>                       Pr Cl\u00e9lia QUILES  <a href=\"mailto:clelia.quiles@u-bordeaux.fr\">clelia.quiles@u-bordeaux.fr<\/a><br><strong>contact<\/strong> : <strong><a href=\"mailto:nicole.dubuch@u-bordeaux.fr\">nicole.dubuch@u-bordeaux.fr<\/a><\/strong> <strong>05 56 56 17 38<\/strong><\/p>\n\n\n\n<p><span class=\"wp-rich-text-font-awesome-icon wp-font-awesome-icon\"><svg aria-hidden=\"true\" focusable=\"false\" data-prefix=\"fas\" data-icon=\"user\" class=\"svg-inline--fa fa-user \" role=\"img\" xmlns=\"http:\/\/www.w3.org\/2000\/svg\" viewBox=\"0 0 448 512\"><path fill=\"currentColor\" d=\"M224 256A128 128 0 1 0 224 0a128 128 0 1 0 0 256zm-45.7 48C79.8 304 0 383.8 0 482.3C0 498.7 13.3 512 29.7 512l388.6 0c16.4 0 29.7-13.3 29.7-29.7C448 383.8 368.2 304 269.7 304l-91.4 0z\"><\/path><\/svg><\/span> <strong>Lyon<\/strong> : Pr Emmanuel Poulet, <strong><strong><a href=\"mailto:emmanuel.poulet@chu-\u00adlyon.fr\">emmanuel.poulet@chu-\u00adlyon.fr<\/a><\/strong><\/strong> <br><strong>contact<\/strong> : <a href=\"mailto:claudine.martinenghi@sfr.fr\"><strong>claudine.martinenghi@univ-lyon1.fr<\/strong><\/a><\/p>\n\n\n\n<p><span class=\"wp-rich-text-font-awesome-icon wp-font-awesome-icon\"><svg aria-hidden=\"true\" focusable=\"false\" data-prefix=\"fas\" data-icon=\"user\" class=\"svg-inline--fa fa-user \" role=\"img\" xmlns=\"http:\/\/www.w3.org\/2000\/svg\" viewBox=\"0 0 448 512\"><path fill=\"currentColor\" d=\"M224 256A128 128 0 1 0 224 0a128 128 0 1 0 0 256zm-45.7 48C79.8 304 0 383.8 0 482.3C0 498.7 13.3 512 29.7 512l388.6 0c16.4 0 29.7-13.3 29.7-29.7C448 383.8 368.2 304 269.7 304l-91.4 0z\"><\/path><\/svg><\/span> <strong>Nantes<\/strong> : Pr Anne Sauvaget, <strong><a href=\"maitlo:anne.sauvaget@chu-\u00adnantes.fr\">anne.sauvaget@chu-\u00adnantes.fr<\/a><\/strong> <br><strong>contact<\/strong> : Sophie Ait Si Ali <a href=\"mailto:diu.electroconvulsivo@univ-nantes.fr\"><strong>diu.electroconvulsivo@univ-nantes.fr<\/strong><\/a> <strong>02 53 48 47 36<\/strong><\/p>\n\n\n\n<p><\/p>\n\n\n\n<p><\/p>\n\n\n\n<p><\/p>\n","protected":false},"excerpt":{"rendered":"<p>Informations Programme de Bordeaux 2024-2025 Programme de Lyon 2024-2025 Programme de Nantes 2024-2025 Inscriptions Co\u00fbt de la formation (frais d&rsquo;inscription [&hellip;]<\/p>\n","protected":false},"author":14,"featured_media":0,"parent":454,"menu_order":0,"comment_status":"closed","ping_status":"closed","template":"","meta":{"footnotes":""},"class_list":["post-444","page","type-page","status-publish","hentry"],"_links":{"self":[{"href":"https:\/\/sanpsy.u-bordeaux.fr\/fr\/wp-json\/wp\/v2\/pages\/444","targetHints":{"allow":["GET"]}}],"collection":[{"href":"https:\/\/sanpsy.u-bordeaux.fr\/fr\/wp-json\/wp\/v2\/pages"}],"about":[{"href":"https:\/\/sanpsy.u-bordeaux.fr\/fr\/wp-json\/wp\/v2\/types\/page"}],"author":[{"embeddable":true,"href":"https:\/\/sanpsy.u-bordeaux.fr\/fr\/wp-json\/wp\/v2\/users\/14"}],"replies":[{"embeddable":true,"href":"https:\/\/sanpsy.u-bordeaux.fr\/fr\/wp-json\/wp\/v2\/comments?post=444"}],"version-history":[{"count":45,"href":"https:\/\/sanpsy.u-bordeaux.fr\/fr\/wp-json\/wp\/v2\/pages\/444\/revisions"}],"predecessor-version":[{"id":1314,"href":"https:\/\/sanpsy.u-bordeaux.fr\/fr\/wp-json\/wp\/v2\/pages\/444\/revisions\/1314"}],"up":[{"embeddable":true,"href":"https:\/\/sanpsy.u-bordeaux.fr\/fr\/wp-json\/wp\/v2\/pages\/454"}],"wp:attachment":[{"href":"https:\/\/sanpsy.u-bordeaux.fr\/fr\/wp-json\/wp\/v2\/media?parent=444"}],"curies":[{"name":"wp","href":"https:\/\/api.w.org\/{rel}","templated":true}]}}