{"id":438,"date":"2025-07-29T15:17:46","date_gmt":"2025-07-29T15:17:46","guid":{"rendered":"https:\/\/sanpsy-prod.onlinecreation.pro\/?page_id=438"},"modified":"2025-07-29T15:17:47","modified_gmt":"2025-07-29T15:17:47","slug":"kanopee","status":"publish","type":"page","link":"https:\/\/sanpsy.u-bordeaux.fr\/fr\/ressources\/kanopee\/","title":{"rendered":"Kanop\u00e9e"},"content":{"rendered":"\n<p>L&rsquo;application Kanop\u00e9e est t\u00e9l\u00e9chargeable sur<\/p>\n\n\n\n<p><strong><a href=\"https:\/\/play.google.com\/store\/apps\/details?id=com.sanpsy.kanopee&amp;hl=fr\">Google Play<\/a><\/strong><\/p>\n\n\n\n<p><strong><a href=\"https:\/\/apps.apple.com\/fr\/app\/kanopee\/id1515306550\">App Store<\/a><\/strong><\/p>\n\n\n\n<p><\/p>\n","protected":false},"excerpt":{"rendered":"<p>L&rsquo;application Kanop\u00e9e est t\u00e9l\u00e9chargeable sur Google Play App Store<\/p>\n","protected":false},"author":2,"featured_media":0,"parent":167,"menu_order":0,"comment_status":"closed","ping_status":"closed","template":"","meta":{"footnotes":""},"class_list":["post-438","page","type-page","status-publish","hentry"],"_links":{"self":[{"href":"https:\/\/sanpsy.u-bordeaux.fr\/fr\/wp-json\/wp\/v2\/pages\/438","targetHints":{"allow":["GET"]}}],"collection":[{"href":"https:\/\/sanpsy.u-bordeaux.fr\/fr\/wp-json\/wp\/v2\/pages"}],"about":[{"href":"https:\/\/sanpsy.u-bordeaux.fr\/fr\/wp-json\/wp\/v2\/types\/page"}],"author":[{"embeddable":true,"href":"https:\/\/sanpsy.u-bordeaux.fr\/fr\/wp-json\/wp\/v2\/users\/2"}],"replies":[{"embeddable":true,"href":"https:\/\/sanpsy.u-bordeaux.fr\/fr\/wp-json\/wp\/v2\/comments?post=438"}],"version-history":[{"count":1,"href":"https:\/\/sanpsy.u-bordeaux.fr\/fr\/wp-json\/wp\/v2\/pages\/438\/revisions"}],"predecessor-version":[{"id":439,"href":"https:\/\/sanpsy.u-bordeaux.fr\/fr\/wp-json\/wp\/v2\/pages\/438\/revisions\/439"}],"up":[{"embeddable":true,"href":"https:\/\/sanpsy.u-bordeaux.fr\/fr\/wp-json\/wp\/v2\/pages\/167"}],"wp:attachment":[{"href":"https:\/\/sanpsy.u-bordeaux.fr\/fr\/wp-json\/wp\/v2\/media?parent=438"}],"curies":[{"name":"wp","href":"https:\/\/api.w.org\/{rel}","templated":true}]}}