{"id":427,"date":"2025-07-29T08:18:32","date_gmt":"2025-07-29T08:18:32","guid":{"rendered":"https:\/\/sanpsy-prod.onlinecreation.pro\/?page_id=427"},"modified":"2025-08-29T13:43:11","modified_gmt":"2025-08-29T13:43:11","slug":"information-cest-quoi-une-addiction","status":"publish","type":"page","link":"https:\/\/sanpsy.u-bordeaux.fr\/fr\/formation\/addictologie\/information-cest-quoi-une-addiction\/","title":{"rendered":"Information : c&rsquo;est quoi une addiction ?"},"content":{"rendered":"\n<p><strong>\u2666<\/strong> <strong>Vid\u00e9o : <a href=\"https:\/\/youtu.be\/F7l2hk55ENM\">What is addiction ? <\/a>(ENGLISH &#8211; Pr M. Auriacombe)<\/strong><\/p>\n\n\n\n<p><strong>\u2666 Vid\u00e9o : <a href=\"https:\/\/youtu.be\/CjEGCEAPm54\" target=\"_blank\" rel=\"noreferrer noopener\">Translating the latest in research into clinical practice<\/a> (ENGLISH &#8211; Pr M. Auriacombe)<\/strong><\/p>\n\n\n\n<p><strong>\u2666 Article : <a href=\"https:\/\/sanpsy.u-bordeaux.fr\/data\/medias\/EnseignAddicto\/Auriacombe_Serre_et_al_2018.pdf\" target=\"_blank\" rel=\"noreferrer noopener\">Diagnosis of Addictions<\/a> (ENGLISH &#8211; Pr M. Auriacombe)<\/strong><br><em>Auriacombe, M., Serre, F., Denis, C., Fatseas, M., 2018. Diagnosis of addictions, in: Pickard, H., Ahmed, S. (Eds.), The Routledge Handbook of the Philosophy and Science of Addiction. Routledge, London and New York, pp. 132-144.<\/em><\/p>\n\n\n\n<p><strong>\u2666 Vid\u00e9o : <a href=\"https:\/\/www.youtube.com\/watch?v=nJtjURmVsvw\" target=\"_blank\" rel=\"noreferrer noopener\">Interview du Pr. Marc Auriacombe<\/a><\/strong><\/p>\n\n\n\n<p><strong>\u2666 Vid\u00e9o : <a href=\"https:\/\/www.youtube.com\/watch?v=Tj68O3So_8I\" target=\"_blank\" rel=\"noreferrer noopener\">Question de sant\u00e9<\/a><\/strong><\/p>\n\n\n\n<p><strong>\u2666 Article : <a href=\"https:\/\/sanpsy.u-bordeaux.fr\/data\/documents\/Addicto_Cours\/Addicto_information\/Auriacombe%2C%20Fatseas%2C%20Daulouede%2C%202017(1).pdf\" target=\"_blank\" rel=\"noreferrer noopener\">R\u00e9duction des risques, gestion des dommages, soins de l\u2019addiction. Comment s\u2019y retrouver et faire au mieux ? Soyons responsables : simplifions !<\/a><\/strong><br><em>Auriacombe M, Fats\u00e9as M, Daulou\u00e8de J-P. R\u00e9duction des risques, gestion des dommages, soins de l\u2019addiction. Comment s\u2019y retrouver et faire au mieux ? Soyons responsables : simplifions ! Alcoologie et Addictologie. 2017;39(2):99-100.<\/em><\/p>\n\n\n\n<p><strong>\u2666 Article : <a href=\"https:\/\/sanpsy.u-bordeaux.fr\/data\/documents\/Addicto_Cours\/Addicto_information\/Auriacombe%2C%20Fatseas%20et%20al%202018(1).pdf\" target=\"_blank\" rel=\"noreferrer noopener\">Le craving et nouvelle clinique de l\u2019addiction : une perspective simplifi\u00e9e et op\u00e9rationnelle<\/a><\/strong><br><em>Auriacombe M, Fatseas M, Daulouede JP, Tignol J. Le craving et nouvelle clinique de l\u2019addiction : une perspective simplifi\u00e9e et op\u00e9rationnelle. Ann Med Psychol. 2018;176:746\u20139.<\/em><\/p>\n\n\n\n<p><strong>\u2666 Document : <a href=\"https:\/\/sanpsy.u-bordeaux.fr\/data\/documents\/Addicto_Cours\/Addicto_information\/ADDICT_le%20craving(1).pdf\" target=\"_blank\" rel=\"noreferrer noopener\">le craving : marqueur diagnostique et pronostique des addictions ?<\/a><\/strong><br><em>Source : Trait\u00e9 d&rsquo;Addictologie, 2e \u00c9dition, Co\u00e9dition M\u00e9decine Sciences Publications<\/em><\/p>\n\n\n\n<p><strong>\u2666 Vid\u00e9o : <a href=\"https:\/\/www.youtube.com\/watch?v=zwxYfgzJ_30&amp;list=PLH_k9_qep1VH8x_VznplGqGhALa6jNCuP&amp;index=38\" target=\"_blank\" rel=\"noreferrer noopener\">e-learning et formation \u00e0 l&rsquo;addictologie, l&rsquo;exp\u00e9rience de l&rsquo;Universit\u00e9 de Bordeaux<\/a><\/strong><br><em>Pr\u00e9sentation du congr\u00e8s Moodle Moot 2019<\/em><\/p>\n\n\n\n<p><strong>\u2666 Vid\u00e9o : <a href=\"https:\/\/www.youtube.com\/watch?v=lah2kxio7Cw&amp;feature=youtu.be\" target=\"_blank\" rel=\"noreferrer noopener\">chanson du craving<\/a><\/strong><br><em>Par l&rsquo;\u00e9quipe addictologie du CH Villeneuve sur Lot (47)<\/em><\/p>\n","protected":false},"excerpt":{"rendered":"<p>\u2666 Vid\u00e9o : What is addiction ? (ENGLISH &#8211; Pr M. Auriacombe) \u2666 Vid\u00e9o : Translating the latest in research [&hellip;]<\/p>\n","protected":false},"author":14,"featured_media":0,"parent":241,"menu_order":0,"comment_status":"closed","ping_status":"closed","template":"","meta":{"footnotes":""},"class_list":["post-427","page","type-page","status-publish","hentry"],"_links":{"self":[{"href":"https:\/\/sanpsy.u-bordeaux.fr\/fr\/wp-json\/wp\/v2\/pages\/427","targetHints":{"allow":["GET"]}}],"collection":[{"href":"https:\/\/sanpsy.u-bordeaux.fr\/fr\/wp-json\/wp\/v2\/pages"}],"about":[{"href":"https:\/\/sanpsy.u-bordeaux.fr\/fr\/wp-json\/wp\/v2\/types\/page"}],"author":[{"embeddable":true,"href":"https:\/\/sanpsy.u-bordeaux.fr\/fr\/wp-json\/wp\/v2\/users\/14"}],"replies":[{"embeddable":true,"href":"https:\/\/sanpsy.u-bordeaux.fr\/fr\/wp-json\/wp\/v2\/comments?post=427"}],"version-history":[{"count":1,"href":"https:\/\/sanpsy.u-bordeaux.fr\/fr\/wp-json\/wp\/v2\/pages\/427\/revisions"}],"predecessor-version":[{"id":435,"href":"https:\/\/sanpsy.u-bordeaux.fr\/fr\/wp-json\/wp\/v2\/pages\/427\/revisions\/435"}],"up":[{"embeddable":true,"href":"https:\/\/sanpsy.u-bordeaux.fr\/fr\/wp-json\/wp\/v2\/pages\/241"}],"wp:attachment":[{"href":"https:\/\/sanpsy.u-bordeaux.fr\/fr\/wp-json\/wp\/v2\/media?parent=427"}],"curies":[{"name":"wp","href":"https:\/\/api.w.org\/{rel}","templated":true}]}}