{"id":247,"date":"2025-06-23T13:14:26","date_gmt":"2025-06-23T13:14:26","guid":{"rendered":"https:\/\/sanpsy-prod.onlinecreation.pro\/?page_id=247"},"modified":"2025-08-21T16:27:15","modified_gmt":"2025-08-21T16:27:15","slug":"enseignements-et-formations-informations","status":"publish","type":"page","link":"https:\/\/sanpsy.u-bordeaux.fr\/fr\/formation\/addictologie\/enseignements-et-formations-informations\/","title":{"rendered":"Enseignements et formations: informations"},"content":{"rendered":"\n<p><strong><em>Cliquez sur l&rsquo;enseignement de votre choix :<\/em><\/strong><\/p>\n\n\n\n<p><span class=\"wp-rich-text-font-awesome-icon wp-font-awesome-icon\"><svg aria-hidden=\"true\" focusable=\"false\" data-prefix=\"fas\" data-icon=\"check\" class=\"svg-inline--fa fa-check \" role=\"img\" xmlns=\"http:\/\/www.w3.org\/2000\/svg\" viewBox=\"0 0 448 512\"><path fill=\"currentColor\" d=\"M438.6 105.4c12.5 12.5 12.5 32.8 0 45.3l-256 256c-12.5 12.5-32.8 12.5-45.3 0l-128-128c-12.5-12.5-12.5-32.8 0-45.3s32.8-12.5 45.3 0L160 338.7 393.4 105.4c12.5-12.5 32.8-12.5 45.3 0z\"><\/path><\/svg><\/span> <a href=\"https:\/\/sanpsy.u-bordeaux.fr\/fr\/formation\/addictologie\/enseignements-et-formations-informations\/capacite-daddictologie-clinique\/\" data-type=\"page\" data-id=\"464\"><strong>Capacit\u00e9 d&rsquo;Addictologie Clinique<\/strong><\/a><\/p>\n\n\n\n<p><span class=\"wp-rich-text-font-awesome-icon wp-font-awesome-icon\"><svg aria-hidden=\"true\" focusable=\"false\" data-prefix=\"fas\" data-icon=\"check\" class=\"svg-inline--fa fa-check \" role=\"img\" xmlns=\"http:\/\/www.w3.org\/2000\/svg\" viewBox=\"0 0 448 512\"><path fill=\"currentColor\" d=\"M438.6 105.4c12.5 12.5 12.5 32.8 0 45.3l-256 256c-12.5 12.5-32.8 12.5-45.3 0l-128-128c-12.5-12.5-12.5-32.8 0-45.3s32.8-12.5 45.3 0L160 338.7 393.4 105.4c12.5-12.5 32.8-12.5 45.3 0z\"><\/path><\/svg><\/span> <a href=\"https:\/\/sanpsy.u-bordeaux.fr\/fr\/formation\/addictologie\/enseignements-et-formations-informations\/diplome-duniversite-du-daddictologie-avec-et-sans-substance\/\" data-type=\"page\" data-id=\"463\"><strong>Dipl\u00f4me d&rsquo;Universit\u00e9 (DU) d&rsquo;Addictologie avec et sans substance : tabac, alcool, drogues, jeux, comportements alimentaires et autres<\/strong><\/a><\/p>\n\n\n\n<p><span class=\"wp-rich-text-font-awesome-icon wp-font-awesome-icon\"><svg aria-hidden=\"true\" focusable=\"false\" data-prefix=\"fas\" data-icon=\"check\" class=\"svg-inline--fa fa-check \" role=\"img\" xmlns=\"http:\/\/www.w3.org\/2000\/svg\" viewBox=\"0 0 448 512\"><path fill=\"currentColor\" d=\"M438.6 105.4c12.5 12.5 12.5 32.8 0 45.3l-256 256c-12.5 12.5-32.8 12.5-45.3 0l-128-128c-12.5-12.5-12.5-32.8 0-45.3s32.8-12.5 45.3 0L160 338.7 393.4 105.4c12.5-12.5 32.8-12.5 45.3 0z\"><\/path><\/svg><\/span> <strong><a href=\"https:\/\/sanpsy.u-bordeaux.fr\/fr\/formation\/addictologie\/enseignements-et-formations-informations\/formation-specialisee-transversale-fst-daddictologie\/\" data-type=\"page\" data-id=\"461\">Formation Sp\u00e9cialis\u00e9e Transversale (FST) d&rsquo;Addictologie<\/a><\/strong><\/p>\n\n\n\n<p><span class=\"wp-rich-text-font-awesome-icon wp-font-awesome-icon\"><svg aria-hidden=\"true\" focusable=\"false\" data-prefix=\"fas\" data-icon=\"network-wired\" class=\"svg-inline--fa fa-network-wired \" role=\"img\" xmlns=\"http:\/\/www.w3.org\/2000\/svg\" viewBox=\"0 0 640 512\"><path fill=\"currentColor\" d=\"M256 64l128 0 0 64-128 0 0-64zM240 0c-26.5 0-48 21.5-48 48l0 96c0 26.5 21.5 48 48 48l48 0 0 32L32 224c-17.7 0-32 14.3-32 32s14.3 32 32 32l96 0 0 32-48 0c-26.5 0-48 21.5-48 48l0 96c0 26.5 21.5 48 48 48l160 0c26.5 0 48-21.5 48-48l0-96c0-26.5-21.5-48-48-48l-48 0 0-32 256 0 0 32-48 0c-26.5 0-48 21.5-48 48l0 96c0 26.5 21.5 48 48 48l160 0c26.5 0 48-21.5 48-48l0-96c0-26.5-21.5-48-48-48l-48 0 0-32 96 0c17.7 0 32-14.3 32-32s-14.3-32-32-32l-256 0 0-32 48 0c26.5 0 48-21.5 48-48l0-96c0-26.5-21.5-48-48-48L240 0zM96 448l0-64 128 0 0 64L96 448zm320-64l128 0 0 64-128 0 0-64z\"><\/path><\/svg><\/span> <strong><a href=\"https:\/\/moodle.u-bordeaux.fr\">Vous \u00eates d\u00e9j\u00e0 inscrit \u00e0 l\u2019Universit\u00e9 de Bordeaux \u00e0 l\u2019un des dipl\u00f4mes ci-dessus et cherchez \u00e0 valider l\u2019enseignement en ligne correspondant : rejoignez MoodleUB<\/a><\/strong><\/p>\n\n\n\n<p><span class=\"wp-rich-text-font-awesome-icon wp-font-awesome-icon\"><svg aria-hidden=\"true\" focusable=\"false\" data-prefix=\"fas\" data-icon=\"user-secret\" class=\"svg-inline--fa fa-user-secret \" role=\"img\" xmlns=\"http:\/\/www.w3.org\/2000\/svg\" viewBox=\"0 0 448 512\"><path fill=\"currentColor\" d=\"M224 16c-6.7 0-10.8-2.8-15.5-6.1C201.9 5.4 194 0 176 0c-30.5 0-52 43.7-66 89.4C62.7 98.1 32 112.2 32 128c0 14.3 25 27.1 64.6 35.9c-.4 4-.6 8-.6 12.1c0 17 3.3 33.2 9.3 48l-59.9 0C38 224 32 230 32 237.4c0 1.7 .3 3.4 1 5l38.8 96.9C28.2 371.8 0 423.8 0 482.3C0 498.7 13.3 512 29.7 512l388.6 0c16.4 0 29.7-13.3 29.7-29.7c0-58.5-28.2-110.4-71.7-143L415 242.4c.6-1.6 1-3.3 1-5c0-7.4-6-13.4-13.4-13.4l-59.9 0c6-14.8 9.3-31 9.3-48c0-4.1-.2-8.1-.6-12.1C391 155.1 416 142.3 416 128c0-15.8-30.7-29.9-78-38.6C324 43.7 302.5 0 272 0c-18 0-25.9 5.4-32.5 9.9c-4.8 3.3-8.8 6.1-15.5 6.1zm56 208l-12.4 0c-16.5 0-31.1-10.6-36.3-26.2c-2.3-7-12.2-7-14.5 0c-5.2 15.6-19.9 26.2-36.3 26.2L168 224c-22.1 0-40-17.9-40-40l0-14.4c28.2 4.1 61 6.4 96 6.4s67.8-2.3 96-6.4l0 14.4c0 22.1-17.9 40-40 40zm-88 96l16 32L176 480 128 288l64 32zm128-32L272 480 240 352l16-32 64-32z\"><\/path><\/svg><\/span> <a href=\"https:\/\/sanpsy.u-bordeaux.fr\/fr\/formation\/addictologie\/enseignements-et-formations-informations\/enseignement-libre\/\" data-type=\"page\" data-id=\"459\"><strong>Vous n\u2019\u00eates pas inscrit \u00e0 l\u2019un de ces dipl\u00f4mes, mais vous souhaitez assister \u00e0 l\u2019enseignement que nous dispensons en auditeur libre. Vous \u00eates bienvenu, certains enseignements sont en acc\u00e8s libre<\/strong><\/a><\/p>\n\n\n\n<p><span class=\"wp-rich-text-font-awesome-icon wp-font-awesome-icon\"><svg aria-hidden=\"true\" focusable=\"false\" data-prefix=\"fas\" data-icon=\"star\" class=\"svg-inline--fa fa-star \" role=\"img\" xmlns=\"http:\/\/www.w3.org\/2000\/svg\" viewBox=\"0 0 576 512\"><path fill=\"currentColor\" d=\"M316.9 18C311.6 7 300.4 0 288.1 0s-23.4 7-28.8 18L195 150.3 51.4 171.5c-12 1.8-22 10.2-25.7 21.7s-.7 24.2 7.9 32.7L137.8 329 113.2 474.7c-2 12 3 24.2 12.9 31.3s23 8 33.8 2.3l128.3-68.5 128.3 68.5c10.8 5.7 23.9 4.9 33.8-2.3s14.9-19.3 12.9-31.3L438.5 329 542.7 225.9c8.6-8.5 11.7-21.2 7.9-32.7s-13.7-19.9-25.7-21.7L381.2 150.3 316.9 18z\"><\/path><\/svg><\/span> <strong><a href=\"https:\/\/sanpsy.u-bordeaux.fr\/fr\/formation\/addictologie\/enseignements-et-formations-informations\/approfondir-vos-connaissances-en-addictologie\/\" data-type=\"page\" data-id=\"458\">Vous souhaitez approfondir votre formation et vos connaissances en addictologie, voici des interventions qui peuvent vous int\u00e9resser<\/a><\/strong><\/p>\n\n\n\n<p><\/p>\n","protected":false},"excerpt":{"rendered":"<p>Cliquez sur l&rsquo;enseignement de votre choix : Capacit\u00e9 d&rsquo;Addictologie Clinique Dipl\u00f4me d&rsquo;Universit\u00e9 (DU) d&rsquo;Addictologie avec et sans substance : tabac, [&hellip;]<\/p>\n","protected":false},"author":2,"featured_media":0,"parent":241,"menu_order":0,"comment_status":"closed","ping_status":"closed","template":"","meta":{"footnotes":""},"class_list":["post-247","page","type-page","status-publish","hentry"],"_links":{"self":[{"href":"https:\/\/sanpsy.u-bordeaux.fr\/fr\/wp-json\/wp\/v2\/pages\/247","targetHints":{"allow":["GET"]}}],"collection":[{"href":"https:\/\/sanpsy.u-bordeaux.fr\/fr\/wp-json\/wp\/v2\/pages"}],"about":[{"href":"https:\/\/sanpsy.u-bordeaux.fr\/fr\/wp-json\/wp\/v2\/types\/page"}],"author":[{"embeddable":true,"href":"https:\/\/sanpsy.u-bordeaux.fr\/fr\/wp-json\/wp\/v2\/users\/2"}],"replies":[{"embeddable":true,"href":"https:\/\/sanpsy.u-bordeaux.fr\/fr\/wp-json\/wp\/v2\/comments?post=247"}],"version-history":[{"count":6,"href":"https:\/\/sanpsy.u-bordeaux.fr\/fr\/wp-json\/wp\/v2\/pages\/247\/revisions"}],"predecessor-version":[{"id":811,"href":"https:\/\/sanpsy.u-bordeaux.fr\/fr\/wp-json\/wp\/v2\/pages\/247\/revisions\/811"}],"up":[{"embeddable":true,"href":"https:\/\/sanpsy.u-bordeaux.fr\/fr\/wp-json\/wp\/v2\/pages\/241"}],"wp:attachment":[{"href":"https:\/\/sanpsy.u-bordeaux.fr\/fr\/wp-json\/wp\/v2\/media?parent=247"}],"curies":[{"name":"wp","href":"https:\/\/api.w.org\/{rel}","templated":true}]}}