{"id":243,"date":"2025-06-23T13:10:15","date_gmt":"2025-06-23T13:10:15","guid":{"rendered":"https:\/\/sanpsy-prod.onlinecreation.pro\/?page_id=243"},"modified":"2025-10-09T15:59:40","modified_gmt":"2025-10-09T15:59:40","slug":"cest-quoi-une-addiction","status":"publish","type":"page","link":"https:\/\/sanpsy.u-bordeaux.fr\/fr\/formation\/addictologie\/cest-quoi-une-addiction\/","title":{"rendered":"C&rsquo;est quoi une addiction ?"},"content":{"rendered":"\n<p><span class=\"wp-rich-text-font-awesome-icon wp-font-awesome-icon\"><svg aria-hidden=\"true\" focusable=\"false\" data-prefix=\"fas\" data-icon=\"video\" class=\"svg-inline--fa fa-video \" role=\"img\" xmlns=\"http:\/\/www.w3.org\/2000\/svg\" viewBox=\"0 0 576 512\" color=\"#000000\"><path fill=\"currentColor\" d=\"M0 128C0 92.7 28.7 64 64 64l256 0c35.3 0 64 28.7 64 64l0 256c0 35.3-28.7 64-64 64L64 448c-35.3 0-64-28.7-64-64L0 128zM559.1 99.8c10.4 5.6 16.9 16.4 16.9 28.2l0 256c0 11.8-6.5 22.6-16.9 28.2s-23 5-32.9-1.6l-96-64L416 337.1l0-17.1 0-128 0-17.1 14.2-9.5 96-64c9.8-6.5 22.4-7.2 32.9-1.6z\"><\/path><\/svg><\/span> <strong>Vid\u00e9o : <a href=\"https:\/\/youtu.be\/F7l2hk55ENM\" data-type=\"link\" data-id=\"https:\/\/youtu.be\/F7l2hk55ENM\" target=\"_blank\" rel=\"noreferrer noopener\">What is addiction ?<\/a> (ENGLISH &#8211; Pr M. Auriacombe)<\/strong><\/p>\n\n\n\n<p><span class=\"wp-rich-text-font-awesome-icon wp-font-awesome-icon\"><svg aria-hidden=\"true\" focusable=\"false\" data-prefix=\"fas\" data-icon=\"video\" class=\"svg-inline--fa fa-video \" role=\"img\" xmlns=\"http:\/\/www.w3.org\/2000\/svg\" viewBox=\"0 0 576 512\"><path fill=\"currentColor\" d=\"M0 128C0 92.7 28.7 64 64 64l256 0c35.3 0 64 28.7 64 64l0 256c0 35.3-28.7 64-64 64L64 448c-35.3 0-64-28.7-64-64L0 128zM559.1 99.8c10.4 5.6 16.9 16.4 16.9 28.2l0 256c0 11.8-6.5 22.6-16.9 28.2s-23 5-32.9-1.6l-96-64L416 337.1l0-17.1 0-128 0-17.1 14.2-9.5 96-64c9.8-6.5 22.4-7.2 32.9-1.6z\"><\/path><\/svg><\/span><strong> Vid\u00e9o : <a href=\"https:\/\/youtu.be\/CjEGCEAPm54\" target=\"_blank\" rel=\"noreferrer noopener\">Translating the latest in research into clinical practice<\/a> (ENGLISH &#8211; Pr M. Auriacombe)<\/strong><\/p>\n\n\n\n<p><span class=\"wp-rich-text-font-awesome-icon wp-font-awesome-icon\"><svg aria-hidden=\"true\" focusable=\"false\" data-prefix=\"fas\" data-icon=\"file-invoice\" class=\"svg-inline--fa fa-file-invoice \" role=\"img\" xmlns=\"http:\/\/www.w3.org\/2000\/svg\" viewBox=\"0 0 384 512\"><path fill=\"currentColor\" d=\"M64 0C28.7 0 0 28.7 0 64L0 448c0 35.3 28.7 64 64 64l256 0c35.3 0 64-28.7 64-64l0-288-128 0c-17.7 0-32-14.3-32-32L224 0 64 0zM256 0l0 128 128 0L256 0zM80 64l64 0c8.8 0 16 7.2 16 16s-7.2 16-16 16L80 96c-8.8 0-16-7.2-16-16s7.2-16 16-16zm0 64l64 0c8.8 0 16 7.2 16 16s-7.2 16-16 16l-64 0c-8.8 0-16-7.2-16-16s7.2-16 16-16zm16 96l192 0c17.7 0 32 14.3 32 32l0 64c0 17.7-14.3 32-32 32L96 352c-17.7 0-32-14.3-32-32l0-64c0-17.7 14.3-32 32-32zm0 32l0 64 192 0 0-64L96 256zM240 416l64 0c8.8 0 16 7.2 16 16s-7.2 16-16 16l-64 0c-8.8 0-16-7.2-16-16s7.2-16 16-16z\"><\/path><\/svg><\/span><strong> Article : <a href=\"https:\/\/cdn-buni.onlc.eu\/wp-content\/uploads\/sites\/28\/2025\/10\/Auriacombe_Serre_et_al_2018.pdf\">Diagnosis of Addictions<\/a> (ENGLISH &#8211; Pr M. Auriacombe)<\/strong><br><em>Auriacombe, M., Serre, F., Denis, C., Fatseas, M., 2018. Diagnosis of addictions, in: Pickard, H., Ahmed, S. (Eds.), The Routledge Handbook of the Philosophy and Science of Addiction. Routledge, London and New York, pp. 132-144.<\/em><\/p>\n\n\n\n<p><span class=\"wp-rich-text-font-awesome-icon wp-font-awesome-icon\"><svg aria-hidden=\"true\" focusable=\"false\" data-prefix=\"fas\" data-icon=\"video\" class=\"svg-inline--fa fa-video \" role=\"img\" xmlns=\"http:\/\/www.w3.org\/2000\/svg\" viewBox=\"0 0 576 512\"><path fill=\"currentColor\" d=\"M0 128C0 92.7 28.7 64 64 64l256 0c35.3 0 64 28.7 64 64l0 256c0 35.3-28.7 64-64 64L64 448c-35.3 0-64-28.7-64-64L0 128zM559.1 99.8c10.4 5.6 16.9 16.4 16.9 28.2l0 256c0 11.8-6.5 22.6-16.9 28.2s-23 5-32.9-1.6l-96-64L416 337.1l0-17.1 0-128 0-17.1 14.2-9.5 96-64c9.8-6.5 22.4-7.2 32.9-1.6z\"><\/path><\/svg><\/span><strong> Vid\u00e9o : <a href=\"https:\/\/www.youtube.com\/watch?v=nJtjURmVsvw\" target=\"_blank\" rel=\"noreferrer noopener\">Interview du Pr. Marc Auriacombe<\/a><\/strong><\/p>\n\n\n\n<p><span class=\"wp-rich-text-font-awesome-icon wp-font-awesome-icon\"><svg aria-hidden=\"true\" focusable=\"false\" data-prefix=\"fas\" data-icon=\"video\" class=\"svg-inline--fa fa-video \" role=\"img\" xmlns=\"http:\/\/www.w3.org\/2000\/svg\" viewBox=\"0 0 576 512\"><path fill=\"currentColor\" d=\"M0 128C0 92.7 28.7 64 64 64l256 0c35.3 0 64 28.7 64 64l0 256c0 35.3-28.7 64-64 64L64 448c-35.3 0-64-28.7-64-64L0 128zM559.1 99.8c10.4 5.6 16.9 16.4 16.9 28.2l0 256c0 11.8-6.5 22.6-16.9 28.2s-23 5-32.9-1.6l-96-64L416 337.1l0-17.1 0-128 0-17.1 14.2-9.5 96-64c9.8-6.5 22.4-7.2 32.9-1.6z\"><\/path><\/svg><\/span><strong> Vid\u00e9o : <a href=\"https:\/\/www.youtube.com\/watch?v=Tj68O3So_8I\" target=\"_blank\" rel=\"noreferrer noopener\">Question de sant\u00e9<\/a><\/strong><\/p>\n\n\n\n<p><span class=\"wp-rich-text-font-awesome-icon wp-font-awesome-icon\"><svg aria-hidden=\"true\" focusable=\"false\" data-prefix=\"fas\" data-icon=\"file-invoice\" class=\"svg-inline--fa fa-file-invoice \" role=\"img\" xmlns=\"http:\/\/www.w3.org\/2000\/svg\" viewBox=\"0 0 384 512\"><path fill=\"currentColor\" d=\"M64 0C28.7 0 0 28.7 0 64L0 448c0 35.3 28.7 64 64 64l256 0c35.3 0 64-28.7 64-64l0-288-128 0c-17.7 0-32-14.3-32-32L224 0 64 0zM256 0l0 128 128 0L256 0zM80 64l64 0c8.8 0 16 7.2 16 16s-7.2 16-16 16L80 96c-8.8 0-16-7.2-16-16s7.2-16 16-16zm0 64l64 0c8.8 0 16 7.2 16 16s-7.2 16-16 16l-64 0c-8.8 0-16-7.2-16-16s7.2-16 16-16zm16 96l192 0c17.7 0 32 14.3 32 32l0 64c0 17.7-14.3 32-32 32L96 352c-17.7 0-32-14.3-32-32l0-64c0-17.7 14.3-32 32-32zm0 32l0 64 192 0 0-64L96 256zM240 416l64 0c8.8 0 16 7.2 16 16s-7.2 16-16 16l-64 0c-8.8 0-16-7.2-16-16s7.2-16 16-16z\"><\/path><\/svg><\/span> <strong>Article : <a href=\"https:\/\/cdn-buni.onlc.eu\/wp-content\/uploads\/sites\/28\/2025\/10\/article-Auriacombe-Fatseas-Daulouede-20171.pdf\">R\u00e9duction des risques, gestion des dommages, soins de l\u2019addiction. Comment s\u2019y retrouver et faire au mieux ? Soyons responsables : simplifions !<\/a><\/strong><br><em>Auriacombe M, Fats\u00e9as M, Daulou\u00e8de J-P. R\u00e9duction des risques, gestion des dommages, soins de l\u2019addiction. Comment s\u2019y retrouver et faire au mieux ? Soyons responsables : simplifions ! Alcoologie et Addictologie. 2017;39(2):99-100.<\/em><\/p>\n\n\n\n<p><span class=\"wp-rich-text-font-awesome-icon wp-font-awesome-icon\"><svg aria-hidden=\"true\" focusable=\"false\" data-prefix=\"fas\" data-icon=\"file-invoice\" class=\"svg-inline--fa fa-file-invoice \" role=\"img\" xmlns=\"http:\/\/www.w3.org\/2000\/svg\" viewBox=\"0 0 384 512\"><path fill=\"currentColor\" d=\"M64 0C28.7 0 0 28.7 0 64L0 448c0 35.3 28.7 64 64 64l256 0c35.3 0 64-28.7 64-64l0-288-128 0c-17.7 0-32-14.3-32-32L224 0 64 0zM256 0l0 128 128 0L256 0zM80 64l64 0c8.8 0 16 7.2 16 16s-7.2 16-16 16L80 96c-8.8 0-16-7.2-16-16s7.2-16 16-16zm0 64l64 0c8.8 0 16 7.2 16 16s-7.2 16-16 16l-64 0c-8.8 0-16-7.2-16-16s7.2-16 16-16zm16 96l192 0c17.7 0 32 14.3 32 32l0 64c0 17.7-14.3 32-32 32L96 352c-17.7 0-32-14.3-32-32l0-64c0-17.7 14.3-32 32-32zm0 32l0 64 192 0 0-64L96 256zM240 416l64 0c8.8 0 16 7.2 16 16s-7.2 16-16 16l-64 0c-8.8 0-16-7.2-16-16s7.2-16 16-16z\"><\/path><\/svg><\/span><strong> Article : <a href=\"https:\/\/cdn-buni.onlc.eu\/wp-content\/uploads\/sites\/28\/2025\/10\/article-Auriacombe-Fatseas-et-al-20181.pdf\">Le craving et nouvelle clinique de l\u2019addiction : une perspective simplifi\u00e9e et op\u00e9rationnelle<\/a><\/strong><br><em>Auriacombe M, Fatseas M, Daulouede JP, Tignol J. Le craving et nouvelle clinique de l\u2019addiction : une perspective simplifi\u00e9e et op\u00e9rationnelle. Ann Med Psychol. 2018;176:746\u20139.<\/em><\/p>\n\n\n\n<p><span class=\"wp-rich-text-font-awesome-icon wp-font-awesome-icon\"><svg aria-hidden=\"true\" focusable=\"false\" data-prefix=\"fas\" data-icon=\"file-invoice\" class=\"svg-inline--fa fa-file-invoice \" role=\"img\" xmlns=\"http:\/\/www.w3.org\/2000\/svg\" viewBox=\"0 0 384 512\"><path fill=\"currentColor\" d=\"M64 0C28.7 0 0 28.7 0 64L0 448c0 35.3 28.7 64 64 64l256 0c35.3 0 64-28.7 64-64l0-288-128 0c-17.7 0-32-14.3-32-32L224 0 64 0zM256 0l0 128 128 0L256 0zM80 64l64 0c8.8 0 16 7.2 16 16s-7.2 16-16 16L80 96c-8.8 0-16-7.2-16-16s7.2-16 16-16zm0 64l64 0c8.8 0 16 7.2 16 16s-7.2 16-16 16l-64 0c-8.8 0-16-7.2-16-16s7.2-16 16-16zm16 96l192 0c17.7 0 32 14.3 32 32l0 64c0 17.7-14.3 32-32 32L96 352c-17.7 0-32-14.3-32-32l0-64c0-17.7 14.3-32 32-32zm0 32l0 64 192 0 0-64L96 256zM240 416l64 0c8.8 0 16 7.2 16 16s-7.2 16-16 16l-64 0c-8.8 0-16-7.2-16-16s7.2-16 16-16z\"><\/path><\/svg><\/span><strong> Document : <a href=\"https:\/\/cdn-buni.onlc.eu\/wp-content\/uploads\/sites\/28\/2025\/10\/article-ADDICT_le-craving1.pdf\">le craving : marqueur diagnostique et pronostique des addictions ?<\/a><\/strong><br><em>Source : Trait\u00e9 d&rsquo;Addictologie, 2e \u00c9dition, Co\u00e9dition M\u00e9decine Sciences Publications<\/em><\/p>\n\n\n\n<p><span class=\"wp-rich-text-font-awesome-icon wp-font-awesome-icon\"><svg aria-hidden=\"true\" focusable=\"false\" data-prefix=\"fas\" data-icon=\"video\" class=\"svg-inline--fa fa-video \" role=\"img\" xmlns=\"http:\/\/www.w3.org\/2000\/svg\" viewBox=\"0 0 576 512\"><path fill=\"currentColor\" d=\"M0 128C0 92.7 28.7 64 64 64l256 0c35.3 0 64 28.7 64 64l0 256c0 35.3-28.7 64-64 64L64 448c-35.3 0-64-28.7-64-64L0 128zM559.1 99.8c10.4 5.6 16.9 16.4 16.9 28.2l0 256c0 11.8-6.5 22.6-16.9 28.2s-23 5-32.9-1.6l-96-64L416 337.1l0-17.1 0-128 0-17.1 14.2-9.5 96-64c9.8-6.5 22.4-7.2 32.9-1.6z\"><\/path><\/svg><\/span><strong> Vid\u00e9o : <a href=\"https:\/\/www.youtube.com\/watch?v=zwxYfgzJ_30&amp;list=PLH_k9_qep1VH8x_VznplGqGhALa6jNCuP&amp;index=38\" target=\"_blank\" rel=\"noreferrer noopener\">e-learning et formation \u00e0 l&rsquo;addictologie, l&rsquo;exp\u00e9rience de l&rsquo;Universit\u00e9 de Bordeaux<\/a><\/strong><br><em>Pr\u00e9sentation du congr\u00e8s Moodle Moot 2019<\/em><\/p>\n\n\n\n<p><span class=\"wp-rich-text-font-awesome-icon wp-font-awesome-icon\"><svg aria-hidden=\"true\" focusable=\"false\" data-prefix=\"fas\" data-icon=\"video\" class=\"svg-inline--fa fa-video \" role=\"img\" xmlns=\"http:\/\/www.w3.org\/2000\/svg\" viewBox=\"0 0 576 512\"><path fill=\"currentColor\" d=\"M0 128C0 92.7 28.7 64 64 64l256 0c35.3 0 64 28.7 64 64l0 256c0 35.3-28.7 64-64 64L64 448c-35.3 0-64-28.7-64-64L0 128zM559.1 99.8c10.4 5.6 16.9 16.4 16.9 28.2l0 256c0 11.8-6.5 22.6-16.9 28.2s-23 5-32.9-1.6l-96-64L416 337.1l0-17.1 0-128 0-17.1 14.2-9.5 96-64c9.8-6.5 22.4-7.2 32.9-1.6z\"><\/path><\/svg><\/span><strong> Vid\u00e9o : <a href=\"https:\/\/www.youtube.com\/watch?v=lah2kxio7Cw&amp;feature=youtu.be\" target=\"_blank\" rel=\"noreferrer noopener\">chanson du craving<\/a><\/strong><br><em>Par l&rsquo;\u00e9quipe addictologie du CH Villeneuve sur Lot (47)<\/em><\/p>\n","protected":false},"excerpt":{"rendered":"<p>Vid\u00e9o : What is addiction ? (ENGLISH &#8211; Pr M. Auriacombe) Vid\u00e9o : Translating the latest in research into clinical [&hellip;]<\/p>\n","protected":false},"author":2,"featured_media":0,"parent":241,"menu_order":0,"comment_status":"closed","ping_status":"closed","template":"","meta":{"footnotes":""},"class_list":["post-243","page","type-page","status-publish","hentry"],"_links":{"self":[{"href":"https:\/\/sanpsy.u-bordeaux.fr\/fr\/wp-json\/wp\/v2\/pages\/243","targetHints":{"allow":["GET"]}}],"collection":[{"href":"https:\/\/sanpsy.u-bordeaux.fr\/fr\/wp-json\/wp\/v2\/pages"}],"about":[{"href":"https:\/\/sanpsy.u-bordeaux.fr\/fr\/wp-json\/wp\/v2\/types\/page"}],"author":[{"embeddable":true,"href":"https:\/\/sanpsy.u-bordeaux.fr\/fr\/wp-json\/wp\/v2\/users\/2"}],"replies":[{"embeddable":true,"href":"https:\/\/sanpsy.u-bordeaux.fr\/fr\/wp-json\/wp\/v2\/comments?post=243"}],"version-history":[{"count":13,"href":"https:\/\/sanpsy.u-bordeaux.fr\/fr\/wp-json\/wp\/v2\/pages\/243\/revisions"}],"predecessor-version":[{"id":916,"href":"https:\/\/sanpsy.u-bordeaux.fr\/fr\/wp-json\/wp\/v2\/pages\/243\/revisions\/916"}],"up":[{"embeddable":true,"href":"https:\/\/sanpsy.u-bordeaux.fr\/fr\/wp-json\/wp\/v2\/pages\/241"}],"wp:attachment":[{"href":"https:\/\/sanpsy.u-bordeaux.fr\/fr\/wp-json\/wp\/v2\/media?parent=243"}],"curies":[{"name":"wp","href":"https:\/\/api.w.org\/{rel}","templated":true}]}}