{"id":241,"date":"2025-06-23T13:08:54","date_gmt":"2025-06-23T13:08:54","guid":{"rendered":"https:\/\/sanpsy-prod.onlinecreation.pro\/?page_id=241"},"modified":"2025-08-21T15:31:06","modified_gmt":"2025-08-21T15:31:06","slug":"addictologie","status":"publish","type":"page","link":"https:\/\/sanpsy.u-bordeaux.fr\/fr\/formation\/addictologie\/","title":{"rendered":"Addictologie"},"content":{"rendered":"\n<p><strong><a href=\"https:\/\/sanpsy.u-bordeaux.fr\/fr\/formation\/addictologie\/cest-quoi-une-addiction\/\" data-type=\"page\" data-id=\"243\">C&rsquo;est quoi une addiction ?<\/a><\/strong><\/p>\n\n\n\n<p><strong><a href=\"https:\/\/sanpsy.u-bordeaux.fr\/fr\/formation\/addictologie\/enseignements-et-formations-informations\/\" data-type=\"page\" data-id=\"247\">Enseignements et formations : informations<\/a><\/strong><\/p>\n\n\n\n<p><strong><a href=\"https:\/\/sanpsy.u-bordeaux.fr\/fr\/formation\/addictologie\/laddiction-severity-index\/\" data-type=\"page\" data-id=\"709\">L\u2019Addiction Severity Index (ASI) : informations et formations ASI<\/a><\/strong><\/p>\n\n\n\n<p><strong><a href=\"https:\/\/sanpsy.u-bordeaux.fr\/fr\/formation\/addictologie\/stages-en-addictologie\/\">Possibilit\u00e9s de stages orient\u00e9s recherche ou orient\u00e9s clinique<\/a><\/strong><\/p>\n\n\n\n<p><strong><a href=\"https:\/\/sanpsy.u-bordeaux.fr\/fr\/formation\/addictologie\/rida\/\">RIDA : Les Rencontres InterD\u00e9partement d&rsquo;Aquitaine d&rsquo;Addictologie<\/a><\/strong><\/p>\n\n\n\n<p><strong><a href=\"https:\/\/sanpsy.u-bordeaux.fr\/fr\/formation\/addictologie\/colloques-atnoa\/\" data-type=\"page\" data-id=\"510\">Colloques ATNoA<\/a><\/strong><\/p>\n\n\n\n<p><strong><a href=\"https:\/\/sanpsy.u-bordeaux.fr\/fr\/formation\/addictologie\/rcp-douleur-addiction-aquitaine\/\" data-type=\"page\" data-id=\"509\">RCP Douleur<\/a><\/strong><\/p>\n\n\n\n<p><\/p>\n","protected":false},"excerpt":{"rendered":"<p>C&rsquo;est quoi une addiction ? Enseignements et formations : informations L\u2019Addiction Severity Index (ASI) : informations et formations ASI Possibilit\u00e9s [&hellip;]<\/p>\n","protected":false},"author":2,"featured_media":0,"parent":158,"menu_order":0,"comment_status":"closed","ping_status":"closed","template":"","meta":{"footnotes":""},"class_list":["post-241","page","type-page","status-publish","hentry"],"_links":{"self":[{"href":"https:\/\/sanpsy.u-bordeaux.fr\/fr\/wp-json\/wp\/v2\/pages\/241","targetHints":{"allow":["GET"]}}],"collection":[{"href":"https:\/\/sanpsy.u-bordeaux.fr\/fr\/wp-json\/wp\/v2\/pages"}],"about":[{"href":"https:\/\/sanpsy.u-bordeaux.fr\/fr\/wp-json\/wp\/v2\/types\/page"}],"author":[{"embeddable":true,"href":"https:\/\/sanpsy.u-bordeaux.fr\/fr\/wp-json\/wp\/v2\/users\/2"}],"replies":[{"embeddable":true,"href":"https:\/\/sanpsy.u-bordeaux.fr\/fr\/wp-json\/wp\/v2\/comments?post=241"}],"version-history":[{"count":21,"href":"https:\/\/sanpsy.u-bordeaux.fr\/fr\/wp-json\/wp\/v2\/pages\/241\/revisions"}],"predecessor-version":[{"id":779,"href":"https:\/\/sanpsy.u-bordeaux.fr\/fr\/wp-json\/wp\/v2\/pages\/241\/revisions\/779"}],"up":[{"embeddable":true,"href":"https:\/\/sanpsy.u-bordeaux.fr\/fr\/wp-json\/wp\/v2\/pages\/158"}],"wp:attachment":[{"href":"https:\/\/sanpsy.u-bordeaux.fr\/fr\/wp-json\/wp\/v2\/media?parent=241"}],"curies":[{"name":"wp","href":"https:\/\/api.w.org\/{rel}","templated":true}]}}