{"id":227,"date":"2025-04-03T15:00:04","date_gmt":"2025-04-03T15:00:04","guid":{"rendered":"https:\/\/sanpsy-prod.onlinecreation.pro\/?page_id=227"},"modified":"2025-04-03T15:00:05","modified_gmt":"2025-04-03T15:00:05","slug":"etude-sur-le-sommeil","status":"publish","type":"page","link":"https:\/\/sanpsy.u-bordeaux.fr\/fr\/a-propos-de-sanpsy\/participez-a-une-etude\/etude-sur-le-sommeil\/","title":{"rendered":"Etude sur le sommeil"},"content":{"rendered":"\n<p>Si vous \u00eates int\u00e9ress\u00e9(e) pour participer \u00e0 une \u00e9tude sur le sommeil, merci de contacter le bureau recherche au :<\/p>\n\n\n\n<p><strong>+33 (0)5 57 82 01 82<br>CNRS UMR 6033 SANPSY<br>Groupe Hospitalier Pellegrin &#8211; 13\u00e8me Aile 3<\/strong><\/p>\n","protected":false},"excerpt":{"rendered":"<p>Si vous \u00eates int\u00e9ress\u00e9(e) pour participer \u00e0 une \u00e9tude sur le sommeil, merci de contacter le bureau recherche au : [&hellip;]<\/p>\n","protected":false},"author":2,"featured_media":0,"parent":154,"menu_order":0,"comment_status":"closed","ping_status":"closed","template":"","meta":{"footnotes":""},"class_list":["post-227","page","type-page","status-publish","hentry"],"_links":{"self":[{"href":"https:\/\/sanpsy.u-bordeaux.fr\/fr\/wp-json\/wp\/v2\/pages\/227","targetHints":{"allow":["GET"]}}],"collection":[{"href":"https:\/\/sanpsy.u-bordeaux.fr\/fr\/wp-json\/wp\/v2\/pages"}],"about":[{"href":"https:\/\/sanpsy.u-bordeaux.fr\/fr\/wp-json\/wp\/v2\/types\/page"}],"author":[{"embeddable":true,"href":"https:\/\/sanpsy.u-bordeaux.fr\/fr\/wp-json\/wp\/v2\/users\/2"}],"replies":[{"embeddable":true,"href":"https:\/\/sanpsy.u-bordeaux.fr\/fr\/wp-json\/wp\/v2\/comments?post=227"}],"version-history":[{"count":1,"href":"https:\/\/sanpsy.u-bordeaux.fr\/fr\/wp-json\/wp\/v2\/pages\/227\/revisions"}],"predecessor-version":[{"id":228,"href":"https:\/\/sanpsy.u-bordeaux.fr\/fr\/wp-json\/wp\/v2\/pages\/227\/revisions\/228"}],"up":[{"embeddable":true,"href":"https:\/\/sanpsy.u-bordeaux.fr\/fr\/wp-json\/wp\/v2\/pages\/154"}],"wp:attachment":[{"href":"https:\/\/sanpsy.u-bordeaux.fr\/fr\/wp-json\/wp\/v2\/media?parent=227"}],"curies":[{"name":"wp","href":"https:\/\/api.w.org\/{rel}","templated":true}]}}