{"id":222,"date":"2025-04-03T14:56:40","date_gmt":"2025-04-03T14:56:40","guid":{"rendered":"https:\/\/sanpsy-prod.onlinecreation.pro\/?page_id=222"},"modified":"2026-01-29T12:10:34","modified_gmt":"2026-01-29T12:10:34","slug":"etudes-ema-criba-bioema-protect","status":"publish","type":"page","link":"https:\/\/sanpsy.u-bordeaux.fr\/fr\/a-propos-de-sanpsy\/participez-a-une-etude\/etudes-ema-criba-bioema-protect\/","title":{"rendered":"Etudes sur l&rsquo;addiction : \u00e9tudes EMA (CRIBA \/ BIOEMA \/ PROTECT)"},"content":{"rendered":"\n<p><a href=\"http:\/\/mailto:bioema.sanpsy@u-bordeaux.fr\"><u><strong>contact : bioema.sanpsy@u-bordeaux.fr<\/strong><\/u><\/a><\/p>\n\n\n\n<p>Le laboratoire SANPSY du Bordeaux neurocampus recrute des usagers\/usag\u00e8res de tabac, d&rsquo;alcool, de substances (cannabis, stimulants&#8230;) et\/ou de comportements potentiellement addictifs (\u00e9crans, jeux vid\u00e9o, r\u00e9seaux sociaux&#8230;), pour une \u00e9tude clinique actuellement en cours \u00e0 Bordeaux !<\/p>\n\n\n\n<p>Cette \u00e9tude est d\u00e9dommag\u00e9e et anonyme. Si vous \u00eates int\u00e9ress\u00e9(e), vous pouvez nous \u00e9crire \u00e0 l&rsquo;adresse <strong><a href=\"http:\/\/mailto:bioema.sanpsy@u-bordeaux.fr\">bioema.sanpsy@u-bordeaux.fr<\/a><\/strong> . Toutes les explications et d\u00e9tails vous seront communiqu\u00e9s par email. Plus d&rsquo;information sur notre affiche ci-dessous :<\/p>\n\n\n\n<figure class=\"wp-block-image\"><a href=\"mailto:bioema.sanpsy@u-bordeaux.fr\" target=\"_blank\" rel=\"noreferrer noopener\"><img decoding=\"async\" src=\"https:\/\/sanpsy.u-bordeaux.fr\/data\/medias\/addiction\/news\/Affiche_BIOEMA_210225.png\" alt=\"\"\/><\/a><\/figure>\n\n\n\n<p><a href=\"http:\/\/mailto:bioema.sanpsy@u-bordeaux.fr\"><u><strong>contact : bioema.sanpsy@u-bordeaux.fr<\/strong><\/u><\/a><\/p>\n","protected":false},"excerpt":{"rendered":"<p>contact : bioema.sanpsy@u-bordeaux.fr Le laboratoire SANPSY du Bordeaux neurocampus recrute des usagers\/usag\u00e8res de tabac, d&rsquo;alcool, de substances (cannabis, stimulants&#8230;) et\/ou [&hellip;]<\/p>\n","protected":false},"author":2,"featured_media":0,"parent":154,"menu_order":0,"comment_status":"closed","ping_status":"closed","template":"","meta":{"footnotes":""},"class_list":["post-222","page","type-page","status-publish","hentry"],"_links":{"self":[{"href":"https:\/\/sanpsy.u-bordeaux.fr\/fr\/wp-json\/wp\/v2\/pages\/222","targetHints":{"allow":["GET"]}}],"collection":[{"href":"https:\/\/sanpsy.u-bordeaux.fr\/fr\/wp-json\/wp\/v2\/pages"}],"about":[{"href":"https:\/\/sanpsy.u-bordeaux.fr\/fr\/wp-json\/wp\/v2\/types\/page"}],"author":[{"embeddable":true,"href":"https:\/\/sanpsy.u-bordeaux.fr\/fr\/wp-json\/wp\/v2\/users\/2"}],"replies":[{"embeddable":true,"href":"https:\/\/sanpsy.u-bordeaux.fr\/fr\/wp-json\/wp\/v2\/comments?post=222"}],"version-history":[{"count":2,"href":"https:\/\/sanpsy.u-bordeaux.fr\/fr\/wp-json\/wp\/v2\/pages\/222\/revisions"}],"predecessor-version":[{"id":1165,"href":"https:\/\/sanpsy.u-bordeaux.fr\/fr\/wp-json\/wp\/v2\/pages\/222\/revisions\/1165"}],"up":[{"embeddable":true,"href":"https:\/\/sanpsy.u-bordeaux.fr\/fr\/wp-json\/wp\/v2\/pages\/154"}],"wp:attachment":[{"href":"https:\/\/sanpsy.u-bordeaux.fr\/fr\/wp-json\/wp\/v2\/media?parent=222"}],"curies":[{"name":"wp","href":"https:\/\/api.w.org\/{rel}","templated":true}]}}