{"id":218,"date":"2025-04-03T14:54:38","date_gmt":"2025-04-03T14:54:38","guid":{"rendered":"https:\/\/sanpsy-prod.onlinecreation.pro\/?page_id=218"},"modified":"2025-10-09T15:01:01","modified_gmt":"2025-10-09T15:01:01","slug":"meegasafe","status":"publish","type":"page","link":"https:\/\/sanpsy.u-bordeaux.fr\/fr\/ressources\/meegasafe\/","title":{"rendered":"MEEGASAFE"},"content":{"rendered":"\n<div class=\"wp-block-group is-nowrap is-layout-flex wp-container-core-group-is-layout-1 wp-block-group-is-layout-flex\">\n<figure class=\"wp-block-image size-large\"><img loading=\"lazy\" decoding=\"async\" width=\"1018\" height=\"1024\" src=\"https:\/\/sanpsy-prod.onlinecreation.pro\/wp-content\/uploads\/sites\/28\/2025\/10\/LOGO-meegasafe-1018x1024.jpg\" alt=\"\" class=\"wp-image-895\" srcset=\"https:\/\/sanpsy.u-bordeaux.fr\/wp-content\/uploads\/sites\/28\/2025\/10\/LOGO-meegasafe-1018x1024.jpg 1018w, https:\/\/sanpsy.u-bordeaux.fr\/wp-content\/uploads\/sites\/28\/2025\/10\/LOGO-meegasafe-298x300.jpg 298w, https:\/\/sanpsy.u-bordeaux.fr\/wp-content\/uploads\/sites\/28\/2025\/10\/LOGO-meegasafe-150x150.jpg 150w, https:\/\/sanpsy.u-bordeaux.fr\/wp-content\/uploads\/sites\/28\/2025\/10\/LOGO-meegasafe-768x772.jpg 768w, https:\/\/sanpsy.u-bordeaux.fr\/wp-content\/uploads\/sites\/28\/2025\/10\/LOGO-meegasafe.jpg 1026w\" sizes=\"auto, (max-width: 1018px) 100vw, 1018px\" \/><\/figure>\n\n\n\n<p>Le laboratoire commun MEEGASAFE cofinanc\u00e9 par l\u2019ANR a pour objectifs de mieux identifier objectivement la somnolence et de d\u00e9velopper des outils de gestion du risque accidentel li\u00e9 \u00e0 la somnolence.<\/p>\n<\/div>\n\n\n\n<p>Conduit par Sanpsy et la soci\u00e9t\u00e9 innovante Physip, le LabCom ANR MEEGASAFE (Monitoring ElectroEncephaloGram for the evAluation of Somnolence to improve SAFEty) a pour objectif de mieux <strong>conna\u00eetre, mesurer et g\u00e9rer&nbsp;la somnolence<\/strong>, afin de pouvoir pr\u00e9dire et pr\u00e9venir le risque accidentel li\u00e9 \u00e0 la somnolence.<\/p>\n\n\n\n<p>Le LabCom ANR MEEGASAFE vise \u00e0 la fois des objectifs fondamentaux de <strong>compr\u00e9hension et de mod\u00e9lisation de la somnolence<\/strong> faisant appel \u00e0 l\u2019intelligence artificielle, et des objectifs appliqu\u00e9s de d\u00e9veloppement d\u2019outils de mesure op\u00e9rationnelle et pr\u00e9dictif de la somnolence. Le but est de <strong>donner acc\u00e8s \u00e0 des syst\u00e8mes simples d\u2019utilisation de l\u2019information<\/strong> pr\u00e9cise et robuste issue de l\u2019analyse de l\u2019activit\u00e9 c\u00e9r\u00e9brale. Cet objectif pratique d\u2019utilisabilit\u00e9 sera appuy\u00e9 sur un travail d\u2019int\u00e9gration des probl\u00e9matiques et contraintes des diff\u00e9rents domaines d\u2019application pertinents : <strong>transports (a\u00e9ronautique, ferroviaire, maritime, automobile), spatial, m\u00e9decine, industrie pharmaceutique<\/strong> notamment.<\/p>\n\n\n\n<p>+ d&rsquo;info sur le site MEEGASAFE : <a href=\"https:\/\/meegasafe.u-bordeaux.fr\/\">https:\/\/meegasafe.u-bordeaux.fr\/<\/a><\/p>\n\n\n\n<p><\/p>\n","protected":false},"excerpt":{"rendered":"<p>Le laboratoire commun MEEGASAFE cofinanc\u00e9 par l\u2019ANR a pour objectifs de mieux identifier objectivement la somnolence et de d\u00e9velopper des [&hellip;]<\/p>\n","protected":false},"author":2,"featured_media":0,"parent":167,"menu_order":0,"comment_status":"closed","ping_status":"closed","template":"","meta":{"footnotes":""},"class_list":["post-218","page","type-page","status-publish","hentry"],"_links":{"self":[{"href":"https:\/\/sanpsy.u-bordeaux.fr\/fr\/wp-json\/wp\/v2\/pages\/218","targetHints":{"allow":["GET"]}}],"collection":[{"href":"https:\/\/sanpsy.u-bordeaux.fr\/fr\/wp-json\/wp\/v2\/pages"}],"about":[{"href":"https:\/\/sanpsy.u-bordeaux.fr\/fr\/wp-json\/wp\/v2\/types\/page"}],"author":[{"embeddable":true,"href":"https:\/\/sanpsy.u-bordeaux.fr\/fr\/wp-json\/wp\/v2\/users\/2"}],"replies":[{"embeddable":true,"href":"https:\/\/sanpsy.u-bordeaux.fr\/fr\/wp-json\/wp\/v2\/comments?post=218"}],"version-history":[{"count":4,"href":"https:\/\/sanpsy.u-bordeaux.fr\/fr\/wp-json\/wp\/v2\/pages\/218\/revisions"}],"predecessor-version":[{"id":900,"href":"https:\/\/sanpsy.u-bordeaux.fr\/fr\/wp-json\/wp\/v2\/pages\/218\/revisions\/900"}],"up":[{"embeddable":true,"href":"https:\/\/sanpsy.u-bordeaux.fr\/fr\/wp-json\/wp\/v2\/pages\/167"}],"wp:attachment":[{"href":"https:\/\/sanpsy.u-bordeaux.fr\/fr\/wp-json\/wp\/v2\/media?parent=218"}],"curies":[{"name":"wp","href":"https:\/\/api.w.org\/{rel}","templated":true}]}}