{"id":212,"date":"2025-04-03T14:40:36","date_gmt":"2025-04-03T14:40:36","guid":{"rendered":"https:\/\/sanpsy-prod.onlinecreation.pro\/?page_id=212"},"modified":"2025-12-22T14:59:53","modified_gmt":"2025-12-22T14:59:53","slug":"parca","status":"publish","type":"page","link":"https:\/\/sanpsy.u-bordeaux.fr\/fr\/ressources\/parca\/","title":{"rendered":"PARCA"},"content":{"rendered":"\n<p><strong>Soutenue par le laboratoire SANPSY UMR 6033 CNRS \u2013 Universit\u00e9 de Bordeaux, la plate-forme PARCA propose des prestations d\u2019expertises et de services, dans le domaine de la clinique et de la recherche en addictologie sur mod\u00e8le humain. PARCA est ouverte \u00e0 des partenariats pour la recherche universitaire, hospitali\u00e8re ou industrielle.<\/strong><\/p>\n\n\n\n<div class=\"wp-block-columns is-layout-flex wp-container-core-columns-is-layout-1 wp-block-columns-is-layout-flex\">\n<div class=\"wp-block-column is-layout-flow wp-block-column-is-layout-flow\">\n<p>La Plateforme PARCA (<em>Platform for Addiction Research and Clinical Assessment<\/em>) est une plateforme unique de service et de recherche d\u00e9di\u00e9e \u00e0 la recherche clinique et \u00e0 l\u2019\u00e9valuation des soins dans le domaine de l\u2019addictologie. PARCA a \u00e9t\u00e9 cr\u00e9\u00e9e en 2011 \u00e0 l\u2019initiative de l\u2019Universit\u00e9\u0301 de Bordeaux, du CNRS, du Centre Hospitalier Charles Perrens et du CHU de Bordeaux. Elle b\u00e9n\u00e9ficie d\u2019une localisation privil\u00e9gi\u00e9e au sein du Centre Hospitalier Charles Perrens et offre un acc\u00e8s unique \u00e0 un environnement scientifique et m\u00e9dical de haut niveau pour l\u2019\u00e9tude des addictions aux substances et sans substances (addictions comportementales, dont les \u00e9crans et les troubles du comportement alimentaire) et de leur prise en charge pluridisciplinaire. PARCA combine des moyens fournis par l\u2019axe addiction de l\u2019UMR CNRS 6033 SANPSY (Sommeil, Addiction et Neuropsychiatrie) et par l\u2019UTEERI (unit\u00e9 transversale d&rsquo;enseignement, d&rsquo;\u00e9valuation, de recherche et d&rsquo;innovation) du CH Charles Perrens.<\/p>\n\n\n\n<p>Les activit\u00e9s de la Plateforme sont ouvertes aussi bien aux \u00e9quipes acad\u00e9miques, hospitali\u00e8res ou aux industriels. La plateforme propose un acc\u00e8s \u00e0&nbsp;:<\/p>\n\n\n\n<ul class=\"wp-block-list\">\n<li>des \u00e9quipements (ex&nbsp;: dispositifs portables d\u2019\u00e9tude du comportement et des \u00e9motions en vie quotidienne, enregistreurs ambulatoires de param\u00e8tres physiologiques\u2026)<\/li>\n\n\n\n<li>des bases de donn\u00e9es de recherche (ex&nbsp;: donn\u00e9es de la cohorte ADDICTAQUI Addiction Aquitaine, 5500 sujets)<\/li>\n\n\n\n<li>un savoir-faire dans le domaine de la recherche clinique en addictologie (ex&nbsp;: r\u00e9daction de protocoles, d\u00e9marches r\u00e9glementaires, recueil syst\u00e9matis\u00e9 de donn\u00e9es multi-dimensionelles chez des sujets suivis ou non suivis pour des addictions)<\/li>\n\n\n\n<li>un centre de formation \u00e0 des outils d\u2019\u00e9valuation valid\u00e9s, reconnus internationalement dans ce domaine scientifique, notamment l\u2019<em>Addiction<\/em><em> Severity Index<\/em> (ASI). L\u2019ASI est un entretien d\u2019\u00e9valuation standardis\u00e9 et syst\u00e9matis\u00e9 pour l\u2019\u00e9valuation de la s\u00e9v\u00e9rit\u00e9 de tous les comportements d\u2019usage et addictions (aux substances ou comportementales). C\u2019est un outil valid\u00e9, le plus utilis\u00e9 dans le monde pour la clinique et la recherche dans ce domaine, et l\u2019objet d\u2019une litt\u00e9rature scientifique internationale abondante. PARCA est le centre de formation de r\u00e9f\u00e9rence \u00e0 l\u2019ASI en France. Plusieurs sessions de formations sont organis\u00e9es chaque ann\u00e9e, sur deux jours, en pr\u00e9sentiel (dans les locaux de PARCA ou directement sur site) ou en distanciel. Ces formations ASI sont coupl\u00e9es avec des formations au <em>Mini International Neuropsychiatric Interview <\/em>(MINI), outil de r\u00e9f\u00e9rence pour \u00e9valuer les diagnostics psychiatriques du DSM-5.<\/li>\n<\/ul>\n<\/div>\n\n\n\n<div class=\"wp-block-column is-layout-flow wp-block-column-is-layout-flow\">\n<div data-wp-interactive=\"core\/file\" class=\"wp-block-file\"><object data-wp-bind--hidden=\"!state.hasPdfPreview\" hidden class=\"wp-block-file__embed\" data=\"http:\/\/sanpsy-prod.onlinecreation.pro\/wp-content\/uploads\/sites\/28\/2025\/04\/Poster_PARCA_2023.pdf\" type=\"application\/pdf\" style=\"width:100%;height:988px\" aria-label=\"Contenu embarqu\u00e9 Poster_PARCA_2023.\"><\/object><a id=\"wp-block-file--media-f4da889c-434c-4dbb-822f-dae9f9a20e6f\" href=\"http:\/\/sanpsy-prod.onlinecreation.pro\/wp-content\/uploads\/sites\/28\/2025\/04\/Poster_PARCA_2023.pdf\">Poster_PARCA_2023<\/a><a href=\"http:\/\/sanpsy-prod.onlinecreation.pro\/wp-content\/uploads\/sites\/28\/2025\/04\/Poster_PARCA_2023.pdf\" class=\"wp-block-file__button wp-element-button\" download aria-describedby=\"wp-block-file--media-f4da889c-434c-4dbb-822f-dae9f9a20e6f\">T\u00e9l\u00e9charger<\/a><\/div>\n<\/div>\n<\/div>\n\n\n\n<p>PARCA propose un catalogue de prestations et expertises scientifiques diversifi\u00e9es&nbsp;:<\/p>\n\n\n\n<p><strong>Expertises<\/strong>&nbsp;:<\/p>\n\n\n\n<ul class=\"wp-block-list\">\n<li>Recherche clinique sur les addictions (substances et\/ou comportements) et les comorbidit\u00e9s psychiatrique<\/li>\n\n\n\n<li>\u00c9valuation multidimensionnelle et standardis\u00e9e de la s\u00e9v\u00e9rit\u00e9 de l&rsquo;addiction chez des personnes en population g\u00e9n\u00e9rale et en cours de soins<\/li>\n\n\n\n<li>Recherches en vie quotidienne, protocoles de recherche d\u2019\u00e9valuations ambulatoires (ex&nbsp;: EMA &#8211; \u00c9valuation momentan\u00e9e \u00e9cologique, mesures \u00e9lectrophysiologiques)<\/li>\n\n\n\n<li>Des m\u00e9thodes de traitement statistique innovantes pour la recherche sur les crit\u00e8res diagnostiques: Item Response Theory (IRT), Network Analysis (NA)<\/li>\n<\/ul>\n\n\n\n<p><strong>Prestations en recherche clinique&nbsp;:<\/strong><\/p>\n\n\n\n<ul class=\"wp-block-list\">\n<li>Conception, mise en place et r\u00e9alisation d&rsquo;\u00e9tudes cliniques chez des patients trait\u00e9s pour addiction (ex. cohorte ADDICTAQUI) ou recrut\u00e9s en population g\u00e9n\u00e9rale<\/li>\n\n\n\n<li>Evaluation des patients trait\u00e9s dans les services de sant\u00e9 en addictologie (ex. CH Charles Perrens, Bordeaux ; Bizia, Bayonne)<\/li>\n\n\n\n<li>Recrutement de patients pour des \u00e9tudes cliniques sur l&rsquo;addiction, optimisation de recrutement<\/li>\n\n\n\n<li>Soutien m\u00e9thodologique, scientifique, technique, logistique et en moyens humains (personnels de recherche)<\/li>\n\n\n\n<li>Analyse des donn\u00e9es, r\u00e9daction d&rsquo;articles et publications dans des revues scientifiques<\/li>\n\n\n\n<li>Essais cliniques statut MR001 \u00e0 MR004<\/li>\n\n\n\n<li>Enqu\u00eates \u00e9pid\u00e9miologiques (ex. enqu\u00eate \u00e9crans \u00e0 Martignas)<\/li>\n\n\n\n<li>Validation de dispositifs technologiques<\/li>\n\n\n\n<li>Formation aux outils d&rsquo;\u00e9valuation des addictions et des comorbidit\u00e9s psychiatriques (ASI- Addiction Severity Index ; MINI- Mini International Neuropsychiatric Interview)<\/li>\n\n\n\n<li>Communication, formation des \u00e9quipes cliniques en addictologie et soutien \u00e0 d&rsquo;autres recherches.<\/li>\n<\/ul>\n\n\n\n<p><strong>Les demandes sont \u00e0 adresser aux responsables techniques et scientifiques de la plate-forme :<\/strong><\/p>\n\n\n\n<p><a href=\"mailto:marc.auriacombe@u-bordeaux.fr\">marc.auriacombe@u-bordeaux.fr<\/a><\/p>\n\n\n\n<p><a href=\"mailto:jean-marc.alexandre@u-bordeaux.fr\">jean-marc.alexandre@u-bordeaux.fr<\/a><\/p>\n\n\n\n<p><strong>T\u00e9l\u00e9phone : 05 56 56 17 38<\/strong><\/p>\n","protected":false},"excerpt":{"rendered":"<p>Soutenue par le laboratoire SANPSY UMR 6033 CNRS \u2013 Universit\u00e9 de Bordeaux, la plate-forme PARCA propose des prestations d\u2019expertises et [&hellip;]<\/p>\n","protected":false},"author":2,"featured_media":0,"parent":167,"menu_order":0,"comment_status":"closed","ping_status":"closed","template":"","meta":{"footnotes":""},"class_list":["post-212","page","type-page","status-publish","hentry"],"_links":{"self":[{"href":"https:\/\/sanpsy.u-bordeaux.fr\/fr\/wp-json\/wp\/v2\/pages\/212","targetHints":{"allow":["GET"]}}],"collection":[{"href":"https:\/\/sanpsy.u-bordeaux.fr\/fr\/wp-json\/wp\/v2\/pages"}],"about":[{"href":"https:\/\/sanpsy.u-bordeaux.fr\/fr\/wp-json\/wp\/v2\/types\/page"}],"author":[{"embeddable":true,"href":"https:\/\/sanpsy.u-bordeaux.fr\/fr\/wp-json\/wp\/v2\/users\/2"}],"replies":[{"embeddable":true,"href":"https:\/\/sanpsy.u-bordeaux.fr\/fr\/wp-json\/wp\/v2\/comments?post=212"}],"version-history":[{"count":10,"href":"https:\/\/sanpsy.u-bordeaux.fr\/fr\/wp-json\/wp\/v2\/pages\/212\/revisions"}],"predecessor-version":[{"id":1158,"href":"https:\/\/sanpsy.u-bordeaux.fr\/fr\/wp-json\/wp\/v2\/pages\/212\/revisions\/1158"}],"up":[{"embeddable":true,"href":"https:\/\/sanpsy.u-bordeaux.fr\/fr\/wp-json\/wp\/v2\/pages\/167"}],"wp:attachment":[{"href":"https:\/\/sanpsy.u-bordeaux.fr\/fr\/wp-json\/wp\/v2\/media?parent=212"}],"curies":[{"name":"wp","href":"https:\/\/api.w.org\/{rel}","templated":true}]}}