{"id":210,"date":"2025-04-03T14:39:11","date_gmt":"2025-04-03T14:39:11","guid":{"rendered":"https:\/\/sanpsy-prod.onlinecreation.pro\/?page_id=210"},"modified":"2025-12-22T14:10:47","modified_gmt":"2025-12-22T14:10:47","slug":"prnpp","status":"publish","type":"page","link":"https:\/\/sanpsy.u-bordeaux.fr\/fr\/ressources\/prnpp\/","title":{"rendered":"PRNPP"},"content":{"rendered":"\n<p class=\"has-text-align-left\"><\/p>\n\n\n<div class=\"wp-block-image\">\n<figure class=\"alignright size-full is-resized\"><img loading=\"lazy\" decoding=\"async\" width=\"800\" height=\"564\" src=\"https:\/\/sanpsy-prod.onlinecreation.pro\/wp-content\/uploads\/sites\/28\/2025\/08\/prnpp1.jpg\" alt=\"\" class=\"wp-image-700\" style=\"width:489px;height:auto\" srcset=\"https:\/\/sanpsy.u-bordeaux.fr\/wp-content\/uploads\/sites\/28\/2025\/08\/prnpp1.jpg 800w, https:\/\/sanpsy.u-bordeaux.fr\/wp-content\/uploads\/sites\/28\/2025\/08\/prnpp1-300x212.jpg 300w, https:\/\/sanpsy.u-bordeaux.fr\/wp-content\/uploads\/sites\/28\/2025\/08\/prnpp1-768x541.jpg 768w\" sizes=\"auto, (max-width: 800px) 100vw, 800px\" \/><\/figure><\/div>\n\n\n<div class=\"wp-block-group is-nowrap is-layout-flex wp-container-core-group-is-layout-1 wp-block-group-is-layout-flex\">\n<p>La <strong>plateforme PRNPP ( Plateforme de Recherche Neuropsychopharmacologique)<\/strong> est une plateforme clinique ouverte \u00e0 la communaut\u00e9 scientifique, acad\u00e9mique et industrielle, situ\u00e9e au CHU de Bordeaux. Elle propose des \u00e9quipements de pointe et une expertise multidisciplinaire pour identifier des biomarqueurs innovants et \u00e9valuer les traitements oersonnalis\u00e9s ou des solutions technologiques chez des volontaires sains et des patients.<\/p>\n<\/div>\n\n\n\n<p>Adoss\u00e9e au laboratoire Sanpsy (UMR 6033) et au Centre d&rsquo;Investigation Clinique (CIC 1401), elle dispose d&rsquo;une autorisation ARS et s&rsquo;inscrit dans une d\u00e9marche qualit\u00e9. Son \u00e9quipe qualifi\u00e9e (m\u00e9decins, chercheurs, ing\u00e9nieurs, ARCs, psychologues, infirmiers) est form\u00e9e aux Bonnes Pratiques Cliniques et assure la s\u00e9curit\u00e9 et le bon d\u00e9roulement des \u00e9tudes. En r\u00e9unissant expertise m\u00e9dicale et technologique, la PRNPP offre un environnement unique pour concevoir et conduire des projets de recherche clinique innovants.<\/p>\n\n\n\n<p><a href=\"https:\/\/www.ibisa.net\/plateformes\/plateforme-de-recherche-neuropsycho-pharmacologique-prnpp-451.html\">https:\/\/www.ibisa.net\/plateformes\/plateforme-de-recherche-neuropsycho-pharmacologique-prnpp-451.html<\/a><\/p>\n\n\n<div class=\"wp-block-image\">\n<figure class=\"alignright size-full is-resized\"><img loading=\"lazy\" decoding=\"async\" width=\"800\" height=\"564\" src=\"https:\/\/sanpsy-prod.onlinecreation.pro\/wp-content\/uploads\/sites\/28\/2025\/08\/prnpp2.jpg\" alt=\"\" class=\"wp-image-702\" style=\"width:476px;height:auto\" srcset=\"https:\/\/sanpsy.u-bordeaux.fr\/wp-content\/uploads\/sites\/28\/2025\/08\/prnpp2.jpg 800w, https:\/\/sanpsy.u-bordeaux.fr\/wp-content\/uploads\/sites\/28\/2025\/08\/prnpp2-300x212.jpg 300w, https:\/\/sanpsy.u-bordeaux.fr\/wp-content\/uploads\/sites\/28\/2025\/08\/prnpp2-768x541.jpg 768w\" sizes=\"auto, (max-width: 800px) 100vw, 800px\" \/><\/figure><\/div>\n\n\n<div class=\"wp-block-group is-nowrap is-layout-flex wp-container-core-group-is-layout-2 wp-block-group-is-layout-flex\">\n<h2 class=\"wp-block-heading\">Expertises et services<\/h2>\n<\/div>\n\n\n\n<div class=\"wp-block-group is-nowrap is-layout-flex wp-container-core-group-is-layout-3 wp-block-group-is-layout-flex\">\n<p><strong>Recherche clinique :<\/strong><\/p>\n<\/div>\n\n\n\n<ul class=\"wp-block-list\">\n<li>\u00c9tudes phase I-IV<\/li>\n\n\n\n<li>Accompagnement m\u00e9thodologique, scientifique, technique et logistique,<\/li>\n<\/ul>\n\n\n\n<p><strong>Sommeil, vigilance et cognition\u00a0:<\/strong><\/p>\n\n\n\n<ul class=\"wp-block-list\">\n<li>Protocoles de privation<\/li>\n\n\n\n<li>tests de somnolence<\/li>\n\n\n\n<li>EEG<\/li>\n\n\n\n<li>fonctions cognitives<\/li>\n<\/ul>\n\n\n\n<p><strong>Chronobiologie, rythmes circadiens<\/strong><\/p>\n\n\n\n<p><strong>Contremesures et technologiques :<\/strong><\/p>\n\n\n\n<ul class=\"wp-block-list\">\n<li>Simulateurs de conduite<\/li>\n\n\n\n<li>\u00c9valuation des \u00e9motions<\/li>\n\n\n\n<li>Dispositifs am\u00e9liorant la vigilance<\/li>\n<\/ul>\n\n\n\n<p><strong>R\u00e9alit\u00e9 virtuelle et outils num\u00e9riques de sant\u00e9\u00a0:<\/strong><\/p>\n\n\n\n<ul class=\"wp-block-list\">\n<li>Environnements virtuels<\/li>\n\n\n\n<li>Applications<\/li>\n\n\n\n<li>Tests utilisateurs<\/li>\n<\/ul>\n\n\n\n<h2 class=\"wp-block-heading\">Moyens et \u00e9quipements<\/h2>\n\n\n\n<ul class=\"wp-block-list\">\n<li>Locaux d\u00e9di\u00e9s (chambres, salle de soins)<\/li>\n\n\n\n<li>Casques EEG actifs et syst\u00e8mes sans fil<\/li>\n\n\n\n<li>Oculom\u00e9trie<\/li>\n\n\n\n<li>Simulateurs de conduite<\/li>\n\n\n\n<li>Syst\u00e8me de capture de mouvements (24 cam\u00e9ras infrarouge)<\/li>\n\n\n\n<li>Outils de traitement et stockage d&rsquo;\u00e9chantillons biologiques<\/li>\n\n\n\n<li><\/li>\n<\/ul>\n\n\n\n<h2 class=\"wp-block-heading\">Comment soumettre un projet ?<\/h2>\n\n\n\n<p>Adressez votre demande par mail aux responsables techniques de la plateforme \u00e0 l\u2019adresse <a href=\"mailto:arc.sanpsy@chu-bordeaux.fr\">arc.sanpsy@chu-bordeaux.fr<\/a>. Un accord de confidentialit\u00e9 sera sign\u00e9 entre le demandeur et l\u2019institution gestionnaire de la plateforme avant l\u2019envoi d\u2019informations confidentielles. La demande sera ensuite \u00e9tudi\u00e9e par l\u2019\u00e9quipe en interne : \u00e9valuation scientifique, \u00e9tude de faisabilit\u00e9, \u00e9valuation budg\u00e9taire, aspects \u00e9thiques et r\u00e9glementaires&#8230;<\/p>\n\n\n\n<p>Si l\u2019intervention du Centre d&rsquo;investigation clinique pluridisciplinaire (CIC-P) est demand\u00e9e, des formalit\u00e9s compl\u00e9mentaires \u00e0 destination de cette \u00e9quipe devront \u00eatre r\u00e9alis\u00e9es sur indication des r\u00e9f\u00e9rents techniques de la plateforme. En cas de validation de la faisabilit\u00e9 du projet, une proposition d\u00e9taill\u00e9e sera adress\u00e9e au demandeur, int\u00e9grant un planning et une \u00e9valuation financi\u00e8re. Un contrat entre le demandeur et l\u2019institution gestionnaire financi\u00e8re permettra de valider l\u2019accord de proposition.<\/p>\n\n\n\n<h2 class=\"wp-block-heading\">Exemple d&rsquo;utilisation<\/h2>\n\n\n\n<p><strong>Evaluation d\u2019un compl\u00e9ment alimentaire<\/strong><\/p>\n\n\n\n<p>La plateforme PRNPP a \u00e9t\u00e9 contact\u00e9e par une entreprise bordelaise sp\u00e9cialis\u00e9e dans le d\u00e9veloppement d\u2019extraits botaniques et actifs innovants, afin de r\u00e9aliser une \u00e9tude clinique. L\u2019objectif \u00e9tait d\u2019\u00e9valuer chez des \u00e9tudiants l\u2019efficacit\u00e9 d\u2019un compl\u00e9ment alimentaire sur la m\u00e9moire de travail. La plateforme est intervenue dans la conception du protocole de recherche et la r\u00e9daction des documents scientifiques (soutien m\u00e9thodologique), le recrutement des volontaires, les \u00e9valuations, la constitution de la base de donn\u00e9es (data management) et l\u2019analyse statistique. Les r\u00e9sultats ont abouti \u00e0 une publication.<\/p>\n\n\n\n<p><strong>Pour en savoir plus&nbsp;: <\/strong>Philip P. <em>et al.<\/em> (2019). <a href=\"https:\/\/www.ncbi.nlm.nih.gov\/pubmed\/31861125\" target=\"_blank\" rel=\"noreferrer noopener\">Acute intake of a grape and blueberry polyphenol-rich extract ameliorates cognitive performance in healthy young adults during a sustained cognitive effort.<\/a> <em>Antioxydants,<\/em> 8(12).<\/p>\n\n\n\n<h2 class=\"wp-block-heading\">Contact<\/h2>\n\n\n\n<p>PRNPP<br>H\u00f4pital Pellegrin<br>Place Am\u00e9lie Raba L\u00e9on<br>33070 Bordeaux<br>+33 (0)5 57 82 01 73<br><a href=\"mailto:arc.sanpsy@chu-bordeaux.fr\">arc.sanpsy@chu-bordeaux.fr<\/a><br><\/p>\n\n\n\n<p><\/p>\n","protected":false},"excerpt":{"rendered":"<p>La plateforme PRNPP ( Plateforme de Recherche Neuropsychopharmacologique) est une plateforme clinique ouverte \u00e0 la communaut\u00e9 scientifique, acad\u00e9mique et industrielle, [&hellip;]<\/p>\n","protected":false},"author":2,"featured_media":0,"parent":167,"menu_order":0,"comment_status":"closed","ping_status":"closed","template":"","meta":{"footnotes":""},"class_list":["post-210","page","type-page","status-publish","hentry"],"_links":{"self":[{"href":"https:\/\/sanpsy.u-bordeaux.fr\/fr\/wp-json\/wp\/v2\/pages\/210","targetHints":{"allow":["GET"]}}],"collection":[{"href":"https:\/\/sanpsy.u-bordeaux.fr\/fr\/wp-json\/wp\/v2\/pages"}],"about":[{"href":"https:\/\/sanpsy.u-bordeaux.fr\/fr\/wp-json\/wp\/v2\/types\/page"}],"author":[{"embeddable":true,"href":"https:\/\/sanpsy.u-bordeaux.fr\/fr\/wp-json\/wp\/v2\/users\/2"}],"replies":[{"embeddable":true,"href":"https:\/\/sanpsy.u-bordeaux.fr\/fr\/wp-json\/wp\/v2\/comments?post=210"}],"version-history":[{"count":14,"href":"https:\/\/sanpsy.u-bordeaux.fr\/fr\/wp-json\/wp\/v2\/pages\/210\/revisions"}],"predecessor-version":[{"id":1140,"href":"https:\/\/sanpsy.u-bordeaux.fr\/fr\/wp-json\/wp\/v2\/pages\/210\/revisions\/1140"}],"up":[{"embeddable":true,"href":"https:\/\/sanpsy.u-bordeaux.fr\/fr\/wp-json\/wp\/v2\/pages\/167"}],"wp:attachment":[{"href":"https:\/\/sanpsy.u-bordeaux.fr\/fr\/wp-json\/wp\/v2\/media?parent=210"}],"curies":[{"name":"wp","href":"https:\/\/api.w.org\/{rel}","templated":true}]}}