{"id":154,"date":"2025-04-02T17:02:58","date_gmt":"2025-04-02T17:02:58","guid":{"rendered":"https:\/\/sanpsy-prod.onlinecreation.pro\/?page_id=154"},"modified":"2026-01-29T12:13:21","modified_gmt":"2026-01-29T12:13:21","slug":"participez-a-une-etude","status":"publish","type":"page","link":"https:\/\/sanpsy.u-bordeaux.fr\/fr\/a-propos-de-sanpsy\/participez-a-une-etude\/","title":{"rendered":"Participez \u00e0 une \u00e9tude"},"content":{"rendered":"\n<p>Vous souhaitez aider la science et la m\u00e9decine ? Participer \u00e0 des essais cliniques ou des tests scientifiques ? Toute l&rsquo;ann\u00e9e notre laboratoire propose \u00e0 des patients ou \u00e0 des sujets sains des essais b\u00e9n\u00e9voles ou r\u00e9mun\u00e9r\u00e9s.<\/p>\n\n\n\n<p><strong><a href=\"https:\/\/sanpsy.u-bordeaux.fr\/fr\/a-propos-de-sanpsy\/participez-a-une-etude\/etudes-ema-criba-bioema-protect\/\" data-type=\"page\" data-id=\"222\">\u00c9tudes sur l&rsquo;addiction<\/a><\/strong><\/p>\n\n\n\n<p><strong><a href=\"https:\/\/sanpsy.u-bordeaux.fr\/fr\/a-propos-de-sanpsy\/participez-a-une-etude\/etude-sur-le-sommeil\/\" data-type=\"page\" data-id=\"227\">\u00c9tudes sur le sommeil<\/a><\/strong><\/p>\n","protected":false},"excerpt":{"rendered":"<p>Vous souhaitez aider la science et la m\u00e9decine ? Participer \u00e0 des essais cliniques ou des tests scientifiques ? Toute [&hellip;]<\/p>\n","protected":false},"author":2,"featured_media":0,"parent":89,"menu_order":0,"comment_status":"closed","ping_status":"closed","template":"","meta":{"footnotes":""},"class_list":["post-154","page","type-page","status-publish","hentry"],"_links":{"self":[{"href":"https:\/\/sanpsy.u-bordeaux.fr\/fr\/wp-json\/wp\/v2\/pages\/154","targetHints":{"allow":["GET"]}}],"collection":[{"href":"https:\/\/sanpsy.u-bordeaux.fr\/fr\/wp-json\/wp\/v2\/pages"}],"about":[{"href":"https:\/\/sanpsy.u-bordeaux.fr\/fr\/wp-json\/wp\/v2\/types\/page"}],"author":[{"embeddable":true,"href":"https:\/\/sanpsy.u-bordeaux.fr\/fr\/wp-json\/wp\/v2\/users\/2"}],"replies":[{"embeddable":true,"href":"https:\/\/sanpsy.u-bordeaux.fr\/fr\/wp-json\/wp\/v2\/comments?post=154"}],"version-history":[{"count":9,"href":"https:\/\/sanpsy.u-bordeaux.fr\/fr\/wp-json\/wp\/v2\/pages\/154\/revisions"}],"predecessor-version":[{"id":1168,"href":"https:\/\/sanpsy.u-bordeaux.fr\/fr\/wp-json\/wp\/v2\/pages\/154\/revisions\/1168"}],"up":[{"embeddable":true,"href":"https:\/\/sanpsy.u-bordeaux.fr\/fr\/wp-json\/wp\/v2\/pages\/89"}],"wp:attachment":[{"href":"https:\/\/sanpsy.u-bordeaux.fr\/fr\/wp-json\/wp\/v2\/media?parent=154"}],"curies":[{"name":"wp","href":"https:\/\/api.w.org\/{rel}","templated":true}]}}