{"id":1327,"date":"2026-04-07T07:21:04","date_gmt":"2026-04-07T07:21:04","guid":{"rendered":"https:\/\/sanpsy.u-bordeaux.fr\/?page_id=1327"},"modified":"2026-04-07T08:35:42","modified_gmt":"2026-04-07T08:35:42","slug":"rida-programme-2026","status":"publish","type":"page","link":"https:\/\/sanpsy.u-bordeaux.fr\/fr\/formation\/addictologie\/rida\/rida-programme-2026\/","title":{"rendered":"RIDA \u2013 Programme 2026"},"content":{"rendered":"\n<p><strong>Mardi 5 mai 12h30<\/strong><br>Le protocole Bathysmed(R)<br>Intervenant : Samuel Bloch<br>Patient Expert en Addictions, Moniteur Bathysmed(R)<\/p>\n\n\n\n<p><strong>Mardi 30 juin 12h30<\/strong><br>MDPH et addiction<br>Intervenante : Dr B\u00e9reng\u00e8re Gelot<br>M\u00e9decin \u00e9valuatrice, Service Coordination m\u00e9dico-sociale, MDPH 33<\/p>\n","protected":false},"excerpt":{"rendered":"<p>Mardi 5 mai 12h30Le protocole Bathysmed(R)Intervenant : Samuel BlochPatient Expert en Addictions, Moniteur Bathysmed(R) Mardi 30 juin 12h30MDPH et addictionIntervenante [&hellip;]<\/p>\n","protected":false},"author":7,"featured_media":0,"parent":511,"menu_order":0,"comment_status":"closed","ping_status":"closed","template":"","meta":{"footnotes":""},"class_list":["post-1327","page","type-page","status-publish","hentry"],"_links":{"self":[{"href":"https:\/\/sanpsy.u-bordeaux.fr\/fr\/wp-json\/wp\/v2\/pages\/1327","targetHints":{"allow":["GET"]}}],"collection":[{"href":"https:\/\/sanpsy.u-bordeaux.fr\/fr\/wp-json\/wp\/v2\/pages"}],"about":[{"href":"https:\/\/sanpsy.u-bordeaux.fr\/fr\/wp-json\/wp\/v2\/types\/page"}],"author":[{"embeddable":true,"href":"https:\/\/sanpsy.u-bordeaux.fr\/fr\/wp-json\/wp\/v2\/users\/7"}],"replies":[{"embeddable":true,"href":"https:\/\/sanpsy.u-bordeaux.fr\/fr\/wp-json\/wp\/v2\/comments?post=1327"}],"version-history":[{"count":4,"href":"https:\/\/sanpsy.u-bordeaux.fr\/fr\/wp-json\/wp\/v2\/pages\/1327\/revisions"}],"predecessor-version":[{"id":1336,"href":"https:\/\/sanpsy.u-bordeaux.fr\/fr\/wp-json\/wp\/v2\/pages\/1327\/revisions\/1336"}],"up":[{"embeddable":true,"href":"https:\/\/sanpsy.u-bordeaux.fr\/fr\/wp-json\/wp\/v2\/pages\/511"}],"wp:attachment":[{"href":"https:\/\/sanpsy.u-bordeaux.fr\/fr\/wp-json\/wp\/v2\/media?parent=1327"}],"curies":[{"name":"wp","href":"https:\/\/api.w.org\/{rel}","templated":true}]}}