{"id":1188,"date":"2026-01-30T13:20:57","date_gmt":"2026-01-30T13:20:57","guid":{"rendered":"https:\/\/sanpsy-prod.onlinecreation.pro\/?page_id=1188"},"modified":"2026-01-30T13:29:47","modified_gmt":"2026-01-30T13:29:47","slug":"diu-philosophie-et-epistemologie-de-la-psychiatrie","status":"publish","type":"page","link":"https:\/\/sanpsy.u-bordeaux.fr\/fr\/formation\/psychiatrie-enseignements-et-formations\/diu-philosophie-et-epistemologie-de-la-psychiatrie\/","title":{"rendered":"DIU Philosophie et Epistemologie de la psychiatrie"},"content":{"rendered":"\n<p><strong><a href=\"https:\/\/sante.u-bordeaux.fr\/application\/files\/7517\/3997\/7716\/DIU_PHILOSOPHIE_ET_EPISTEMOLOGIE_DE_LA_PSYCHIATRIE.pdf\" data-type=\"link\" data-id=\"https:\/\/sante.u-bordeaux.fr\/application\/files\/7517\/3997\/7716\/DIU_PHILOSOPHIE_ET_EPISTEMOLOGIE_DE_LA_PSYCHIATRIE.pdf\">Informations<\/a><\/strong><\/p>\n\n\n\n<p><a href=\"https:\/\/ecandidat-diplome-universitaire.u-bordeaux.fr\/#!accueilView\" target=\"_blank\" rel=\"noreferrer noopener\"><strong>D\u00e9poser sa candidature aupr\u00e8s de l\u2019Universit\u00e9 de Bordeaux<\/strong><\/a><\/p>\n\n\n\n<p><em>Attention eCandidat est un outil de d\u00e9p\u00f4t de voeux, il ne s\u2019agit en aucun cas de votre inscription administrative d\u00e9finitive \u00e0 l\u2019Universit\u00e9 de Bordeaux<\/em><\/p>\n\n\n\n<h2 class=\"wp-block-heading\"><strong>Renseignements administratifs :<\/strong><\/h2>\n\n\n\n<p><strong>Bordeaux<\/strong>: <strong><mark>Madame Elsa Sergent <\/mark><\/strong>; <strong><a href=\"mailto:elsa.sergent@u-bordeaux.fr\">elsa.sergent@u-bordeaux.fr<\/a><\/strong><\/p>\n\n\n\n<h2 class=\"wp-block-heading\"><strong>Renseignements p\u00e9dagogiques :<\/strong><\/h2>\n\n\n\n<p><strong>Bordeaux<\/strong> : Pr Jean-Arthur Micoulaud Franchi, <strong>05 57 82 13 3<\/strong>7<\/p>\n","protected":false},"excerpt":{"rendered":"<p>Informations D\u00e9poser sa candidature aupr\u00e8s de l\u2019Universit\u00e9 de Bordeaux Attention eCandidat est un outil de d\u00e9p\u00f4t de voeux, il ne [&hellip;]<\/p>\n","protected":false},"author":7,"featured_media":0,"parent":454,"menu_order":0,"comment_status":"closed","ping_status":"closed","template":"","meta":{"footnotes":""},"class_list":["post-1188","page","type-page","status-publish","hentry"],"_links":{"self":[{"href":"https:\/\/sanpsy.u-bordeaux.fr\/fr\/wp-json\/wp\/v2\/pages\/1188","targetHints":{"allow":["GET"]}}],"collection":[{"href":"https:\/\/sanpsy.u-bordeaux.fr\/fr\/wp-json\/wp\/v2\/pages"}],"about":[{"href":"https:\/\/sanpsy.u-bordeaux.fr\/fr\/wp-json\/wp\/v2\/types\/page"}],"author":[{"embeddable":true,"href":"https:\/\/sanpsy.u-bordeaux.fr\/fr\/wp-json\/wp\/v2\/users\/7"}],"replies":[{"embeddable":true,"href":"https:\/\/sanpsy.u-bordeaux.fr\/fr\/wp-json\/wp\/v2\/comments?post=1188"}],"version-history":[{"count":2,"href":"https:\/\/sanpsy.u-bordeaux.fr\/fr\/wp-json\/wp\/v2\/pages\/1188\/revisions"}],"predecessor-version":[{"id":1195,"href":"https:\/\/sanpsy.u-bordeaux.fr\/fr\/wp-json\/wp\/v2\/pages\/1188\/revisions\/1195"}],"up":[{"embeddable":true,"href":"https:\/\/sanpsy.u-bordeaux.fr\/fr\/wp-json\/wp\/v2\/pages\/454"}],"wp:attachment":[{"href":"https:\/\/sanpsy.u-bordeaux.fr\/fr\/wp-json\/wp\/v2\/media?parent=1188"}],"curies":[{"name":"wp","href":"https:\/\/api.w.org\/{rel}","templated":true}]}}