{"id":1173,"date":"2026-01-29T13:50:45","date_gmt":"2026-01-29T13:50:45","guid":{"rendered":"https:\/\/sanpsy-prod.onlinecreation.pro\/?page_id=1173"},"modified":"2026-01-29T13:51:26","modified_gmt":"2026-01-29T13:51:26","slug":"addictaqui","status":"publish","type":"page","link":"https:\/\/sanpsy.u-bordeaux.fr\/fr\/addictaqui\/","title":{"rendered":"ADDICTAQUI"},"content":{"rendered":"\n<p><strong>Cohorte Addiction Aquitaine : Trajectoires de personnes pr\u00e9sentant une addiction aux substances ou une addiction comportementale, en contact avec le dispositif de soins. Caract\u00e9ristiques m\u00e9dicales, neurobiologiques, sociologiques et psychologiques. \u00c9tude prospective multicentrique, multidisciplinaire.<\/strong><\/p>\n\n\n\n<p>Acronyme&nbsp;: ADDICTAQUI<\/p>\n\n\n\n<p>Responsable(s) : Marc Auriacombe, Addiction team, SANPSY CNRS UMR 6033, Universit\u00e9 de Bordeaux<\/p>\n\n\n\n<p>Promoteurs&nbsp;: Universit\u00e9 de Bordeaux, CH Charles Perrens, CHU de Bordeaux<\/p>\n\n\n\n<p>L&rsquo;objectif principal de cette \u00e9tude est d&rsquo;\u00e9valuer l&rsquo;impact \u00e0 moyen et long terme des prises en charge chez des personnes pr\u00e9sentant une addiction aux substances et\/ou comportementale. Il s&rsquo;agit d&rsquo;une \u00e9tude d&rsquo;impact \u00e0 moyen et long terme, en conditions naturalistes. Le sch\u00e9ma d&rsquo;\u00e9tude est une \u00e9tude prospective et multicentrique incluant des sujets pr\u00e9sentant une addiction aux substances et\/ou une addiction comportementale \u00e0 l&rsquo;occasion de leur demande de prise en charge. Cet impact est \u00e9valu\u00e9 sur diff\u00e9rents param\u00e8tres de fa\u00e7on multidimensionnelle, qu&rsquo;ils d\u00e9pendent des sujets (caract\u00e9ristiques bio-m\u00e9dico-psycho- sociales), des cadres th\u00e9rapeutiques et de leur organisation, ou du contexte g\u00e9n\u00e9ral, afin de d\u00e9terminer des trajectoires. On cherche \u00e0 comprendre ces trajectoires et \u00e0 les pr\u00e9dire \u00e0 partir de multiples caract\u00e9ristiques (m\u00e9dicales, neurobiologiques, sociologiques, psychologiques). Un objectif secondaire est d&rsquo;\u00e9tudier les profils socioculturels et psychopathologiques des sujets en fonction du type d&rsquo;addiction qu&rsquo;ils pr\u00e9sentent \u00e0 l&rsquo;inclusion. Nous essaierons notamment de mettre en \u00e9vidence des similitudes et des diff\u00e9rences selon le type d&rsquo;addiction. \u00c0 terme, il s&rsquo;agit de pouvoir mieux intervenir pour la pr\u00e9vention et la th\u00e9rapeutique mais \u00e9galement de mieux comprendre le d\u00e9veloppement du comportement addictif et le choix d&rsquo;une substance ou d&rsquo;un comportement pr\u00e9f\u00e9rentiels.<\/p>\n\n\n\n<p>Les centres d&rsquo;inclusion de cette \u00e9tude de cohorte sont le P\u00f4le Inter\u00e9tablissement d&rsquo;Addictologie CH Charles Perrens Bordeaux &#8211; CHU de Bordeaux (Pr. M. Auriacombe) et le Centre de Soins en Addictologie Bizia, CH de la C\u00f4te Basque (Dr J.P. Daulou\u00e8de)<\/p>\n\n\n\n<p><a href=\"https:\/\/epidemiologie-france.aviesan.fr\/epidemiologie-france\/fiches\/cohorte-addiction-aquitaine-trajectoires-de-personnes-presentant-une-addiction-aux-substances-ou-une-addiction-comportementale-en-contact-avec-le-dispositif-de-soins.-caracteristiques-medicales-neurobiologiques-sociologiques-et-psychologiques.-e\/fre-fr\" data-type=\"link\" data-id=\"https:\/\/epidemiologie-france.aviesan.fr\/epidemiologie-france\/fiches\/cohorte-addiction-aquitaine-trajectoires-de-personnes-presentant-une-addiction-aux-substances-ou-une-addiction-comportementale-en-contact-avec-le-dispositif-de-soins.-caracteristiques-medicales-neurobiologiques-sociologiques-et-psychologiques.-e\/fre-fr\">Plus d&rsquo;information sur ce lien<\/a><\/p>\n","protected":false},"excerpt":{"rendered":"<p>Cohorte Addiction Aquitaine : Trajectoires de personnes pr\u00e9sentant une addiction aux substances ou une addiction comportementale, en contact avec le [&hellip;]<\/p>\n","protected":false},"author":7,"featured_media":0,"parent":0,"menu_order":0,"comment_status":"closed","ping_status":"closed","template":"","meta":{"footnotes":""},"class_list":["post-1173","page","type-page","status-publish","hentry"],"_links":{"self":[{"href":"https:\/\/sanpsy.u-bordeaux.fr\/fr\/wp-json\/wp\/v2\/pages\/1173","targetHints":{"allow":["GET"]}}],"collection":[{"href":"https:\/\/sanpsy.u-bordeaux.fr\/fr\/wp-json\/wp\/v2\/pages"}],"about":[{"href":"https:\/\/sanpsy.u-bordeaux.fr\/fr\/wp-json\/wp\/v2\/types\/page"}],"author":[{"embeddable":true,"href":"https:\/\/sanpsy.u-bordeaux.fr\/fr\/wp-json\/wp\/v2\/users\/7"}],"replies":[{"embeddable":true,"href":"https:\/\/sanpsy.u-bordeaux.fr\/fr\/wp-json\/wp\/v2\/comments?post=1173"}],"version-history":[{"count":2,"href":"https:\/\/sanpsy.u-bordeaux.fr\/fr\/wp-json\/wp\/v2\/pages\/1173\/revisions"}],"predecessor-version":[{"id":1175,"href":"https:\/\/sanpsy.u-bordeaux.fr\/fr\/wp-json\/wp\/v2\/pages\/1173\/revisions\/1175"}],"wp:attachment":[{"href":"https:\/\/sanpsy.u-bordeaux.fr\/fr\/wp-json\/wp\/v2\/media?parent=1173"}],"curies":[{"name":"wp","href":"https:\/\/api.w.org\/{rel}","templated":true}]}}