{"id":1050,"date":"2025-12-04T10:48:20","date_gmt":"2025-12-04T10:48:20","guid":{"rendered":"https:\/\/sanpsy-prod.onlinecreation.pro\/?page_id=1050"},"modified":"2026-03-05T11:03:28","modified_gmt":"2026-03-05T11:03:28","slug":"axe-numerique","status":"publish","type":"page","link":"https:\/\/sanpsy.u-bordeaux.fr\/fr\/equipe\/axe-numerique\/","title":{"rendered":"Axe Num\u00e9rique"},"content":{"rendered":"\n<p><strong>Responsables d&rsquo;Axe<\/strong><br><strong><a href=\"https:\/\/sanpsy-prod.onlinecreation.pro\/fr\/person\/80312-pierre-philip\/\">Pierre Philip<\/a><\/strong><br><a href=\"https:\/\/sanpsy-prod.onlinecreation.pro\/fr\/person\/153203-florian-pecune\/\"><strong>Florian Pecune<\/strong><\/a><\/p>\n\n\n\n<p><strong>Pr\u00e9sentation<\/strong><br>Depuis l\u2019obtention en 2010 de l\u2019Equipex PHENOVIRT, l\u2019Axe num\u00e9rique de l\u2019unit\u00e9 SANPSY a d\u00e9velopp\u00e9 une expertise solide dans la conception d\u2019agents conversationnels d\u00e9di\u00e9s au d\u00e9pistage automatis\u00e9 des troubles mentaux. Nos travaux ont montr\u00e9 que ces agents pouvaient contribuer efficacement au d\u00e9pistage de l&rsquo;insomnie, des troubles de l\u2019humeur et des conduites addictives.<\/p>\n\n\n\n<p>Nous avons \u00e9galement d\u00e9montr\u00e9 une forte acceptabilit\u00e9 de ces outils num\u00e9riques, en particulier avec l\u2019application Kanop\u00e9e destin\u00e9e au grand public [liens de t\u00e9l\u00e9chargement <a href=\"https:\/\/play.google.com\/store\/apps\/details?id=com.sanpsy.kanopee&amp;hl=fr\">Android<\/a> \/ <a href=\"https:\/\/apps.apple.com\/fr\/app\/kanopee\/id1515306550\" data-type=\"link\" data-id=\"https:\/\/apps.apple.com\/fr\/app\/kanopee\/id1515306550\">Apple<\/a>] et impliqu\u00e9e dans le cadre du projet national PEPR Sant\u00e9 Num\u00e9rique.<\/p>\n\n\n\n<p>Parall\u00e8lement, nous d\u00e9veloppons des solutions num\u00e9riques innovantes pour le suivi longitudinal de cohortes de patients, notamment dans des programmes de grande ampleur tels que le PEPR Sant\u00e9 Mentale (troubles du spectre autistique, bipolarit\u00e9, schizophr\u00e9nie, troubles d\u00e9pressifs majeurs) et le RHU e-CAN (an\u00e9vrismes intracr\u00e2niens non rompus).<\/p>\n\n\n\n<p>Les travaux en cours visent \u00e0 int\u00e9grer des outils d\u2019intelligence artificielle g\u00e9n\u00e9rative afin de proposer des entretiens cliniques plus engageants, personnalis\u00e9s et performants. Enfin, l\u2019axe num\u00e9rique collabore \u00e9troitement avec l\u2019axe \u00c9veil-Sommeil sur des probl\u00e9matiques de somnolence au volant, en s\u2019appuyant sur des \u00e9tudes avec des simulateurs de conduite.<\/p>\n\n\n\n<div class=\"wp-block-group is-nowrap is-layout-flex wp-container-core-group-is-layout-1 wp-block-group-is-layout-flex\">\n<figure class=\"wp-block-image size-large\"><img loading=\"lazy\" decoding=\"async\" width=\"1024\" height=\"683\" src=\"https:\/\/sanpsy.u-bordeaux.fr\/wp-content\/uploads\/sites\/28\/2026\/03\/sanpsy-2026-axe-numerique-1024x683.jpg\" alt=\"\" class=\"wp-image-1247\" srcset=\"https:\/\/sanpsy.u-bordeaux.fr\/wp-content\/uploads\/sites\/28\/2026\/03\/sanpsy-2026-axe-numerique-1024x683.jpg 1024w, https:\/\/sanpsy.u-bordeaux.fr\/wp-content\/uploads\/sites\/28\/2026\/03\/sanpsy-2026-axe-numerique-300x200.jpg 300w, https:\/\/sanpsy.u-bordeaux.fr\/wp-content\/uploads\/sites\/28\/2026\/03\/sanpsy-2026-axe-numerique-768x512.jpg 768w, https:\/\/sanpsy.u-bordeaux.fr\/wp-content\/uploads\/sites\/28\/2026\/03\/sanpsy-2026-axe-numerique-1536x1024.jpg 1536w, https:\/\/sanpsy.u-bordeaux.fr\/wp-content\/uploads\/sites\/28\/2026\/03\/sanpsy-2026-axe-numerique-2048x1365.jpg 2048w\" sizes=\"auto, (max-width: 1024px) 100vw, 1024px\" \/><\/figure>\n\n\n\n<p>Axe Num\u00e9rique Mars 2026<\/p>\n<\/div>\n\n\n\n<p><strong>Projets<\/strong><br>&#8211;<br>&#8211;<br>&#8211;<\/p>\n","protected":false},"excerpt":{"rendered":"<p>Responsables d&rsquo;AxePierre PhilipFlorian Pecune Pr\u00e9sentationDepuis l\u2019obtention en 2010 de l\u2019Equipex PHENOVIRT, l\u2019Axe num\u00e9rique de l\u2019unit\u00e9 SANPSY a d\u00e9velopp\u00e9 une expertise [&hellip;]<\/p>\n","protected":false},"author":2,"featured_media":0,"parent":161,"menu_order":0,"comment_status":"closed","ping_status":"closed","template":"","meta":{"footnotes":""},"class_list":["post-1050","page","type-page","status-publish","hentry"],"_links":{"self":[{"href":"https:\/\/sanpsy.u-bordeaux.fr\/fr\/wp-json\/wp\/v2\/pages\/1050","targetHints":{"allow":["GET"]}}],"collection":[{"href":"https:\/\/sanpsy.u-bordeaux.fr\/fr\/wp-json\/wp\/v2\/pages"}],"about":[{"href":"https:\/\/sanpsy.u-bordeaux.fr\/fr\/wp-json\/wp\/v2\/types\/page"}],"author":[{"embeddable":true,"href":"https:\/\/sanpsy.u-bordeaux.fr\/fr\/wp-json\/wp\/v2\/users\/2"}],"replies":[{"embeddable":true,"href":"https:\/\/sanpsy.u-bordeaux.fr\/fr\/wp-json\/wp\/v2\/comments?post=1050"}],"version-history":[{"count":8,"href":"https:\/\/sanpsy.u-bordeaux.fr\/fr\/wp-json\/wp\/v2\/pages\/1050\/revisions"}],"predecessor-version":[{"id":1249,"href":"https:\/\/sanpsy.u-bordeaux.fr\/fr\/wp-json\/wp\/v2\/pages\/1050\/revisions\/1249"}],"up":[{"embeddable":true,"href":"https:\/\/sanpsy.u-bordeaux.fr\/fr\/wp-json\/wp\/v2\/pages\/161"}],"wp:attachment":[{"href":"https:\/\/sanpsy.u-bordeaux.fr\/fr\/wp-json\/wp\/v2\/media?parent=1050"}],"curies":[{"name":"wp","href":"https:\/\/api.w.org\/{rel}","templated":true}]}}