{"id":1049,"date":"2025-12-04T10:47:04","date_gmt":"2025-12-04T10:47:04","guid":{"rendered":"https:\/\/sanpsy-prod.onlinecreation.pro\/?page_id=1049"},"modified":"2026-03-05T11:02:55","modified_gmt":"2026-03-05T11:02:55","slug":"axe-addiction","status":"publish","type":"page","link":"https:\/\/sanpsy.u-bordeaux.fr\/fr\/equipe\/axe-addiction\/","title":{"rendered":"Axe Addiction"},"content":{"rendered":"\n<p><strong>Responsables d&rsquo;Axe<\/strong><br><a href=\"https:\/\/sanpsy-prod.onlinecreation.pro\/fr\/person\/80030-fuschia-serre\/\"><strong>Fuschia Serre<\/strong><\/a><br><a href=\"https:\/\/sanpsy-prod.onlinecreation.pro\/fr\/person\/80174-marc-auriacombe\/\"><strong>Marc Auriacombe<\/strong><\/a><\/p>\n\n\n\n<div class=\"wp-block-columns is-layout-flex wp-container-core-columns-is-layout-1 wp-block-columns-is-layout-flex\">\n<div class=\"wp-block-column is-layout-flow wp-block-column-is-layout-flow\" style=\"flex-basis:40%\">\n<div class=\"wp-block-group is-nowrap is-layout-flex wp-container-core-group-is-layout-1 wp-block-group-is-layout-flex\">\n<p><strong>Pr\u00e9sentation<\/strong><br>L&rsquo;Axe Addiction est localis\u00e9 sur le site du CH Charles Perrens \u00e0 Bordeaux (Service Addictologie, 1er \u00e9tage), et est co-dirig\u00e9 par le Pr. Marc Auriacombe (PU-PH) et Fuschia Serre (HDR). Son personnel est compos\u00e9 d&rsquo;ITA de l&rsquo;Universit\u00e9 de Bordeaux et du Centre Hospitalier Charles Perrens, de doctorant.e.s de l&rsquo;Universit\u00e9 de Bordeaux, et de personnels du P\u00f4le InterEtablissement d&rsquo;Addictologie CHCP-CHU de Bordeaux.<\/p>\n<\/div>\n<\/div>\n\n\n\n<div class=\"wp-block-column is-layout-flow wp-block-column-is-layout-flow\" style=\"flex-basis:60%\">\n<figure class=\"wp-block-embed is-type-video is-provider-youtube wp-block-embed-youtube wp-embed-aspect-16-9 wp-has-aspect-ratio\"><div class=\"wp-block-embed__wrapper\">\n<iframe loading=\"lazy\" title=\"Pr\u00e9sentation de l&#039;axe Addiction du laboratoire SANPSY UMR 6033 CNRS-Universit\u00e9 de Bordeaux\" width=\"500\" height=\"281\" src=\"https:\/\/www.youtube.com\/embed\/wxZhCVHXuns?feature=oembed\" frameborder=\"0\" allow=\"accelerometer; autoplay; clipboard-write; encrypted-media; gyroscope; picture-in-picture; web-share\" referrerpolicy=\"strict-origin-when-cross-origin\" allowfullscreen><\/iframe>\n<\/div><\/figure>\n<\/div>\n<\/div>\n\n\n\n<p>Les recherches de l&rsquo;Axe Addiction sont centr\u00e9es sur la ph\u00e9nom\u00e9nologie et les d\u00e9terminants de l&rsquo;addiction chez l&rsquo;humain, en particulier le mod\u00e8le Cues &#8211; Craving &#8211; Usage. A ce titre, l&rsquo;Axe Addiction porte depuis 1994 la cohorte Addiction Aquitaine (ADDICTAQUI), propos\u00e9e \u00e0 toute personne d\u00e9butant des soins pour une addiction \u00e0 des substances ou comportementale (sans substance), au Centre Hospitalier Charles Perrens &#8211; CHU de Bordeaux, ou au CSAPA Bizia \u00e0 Bayonne. Ce suivi de cohorte fait intervenir des \u00e9valuations multidimensionnelles et standardis\u00e9es, en particulier l&rsquo;Addiction Severity Index (ASI), \u00e0 intervalles r\u00e9guliers. Les donn\u00e9es de la cohorte ADDICTAQUI permettent, entre autres, d&rsquo;\u00e9tablir des profils de patients selon leurs caract\u00e9ristiques \u00e0 l&rsquo;inclusion, d&rsquo;examiner leurs trajectoires d&rsquo;\u00e9volution dans le soin, et d&rsquo;identifier les facteurs pr\u00e9dictifs du devenir clinique \u00e0 court, moyen et long terme ( 10 ans).<\/p>\n\n\n\n<p>L&rsquo;Axe Addiction de SANPSY est \u00e9galement pionnier dans l&rsquo;utilisation des technologies mobiles (EMA (Ecological Momentary Assessment), capteurs physiologiques portables) pour l&rsquo;\u00e9tude des facteurs de risques de rechute en vie quotidienne, et continue d&rsquo;initier des projets innovants dans ce domaine.<\/p>\n\n\n\n<div class=\"wp-block-group is-nowrap is-layout-flex wp-container-core-group-is-layout-2 wp-block-group-is-layout-flex\">\n<figure class=\"wp-block-image size-large\"><img loading=\"lazy\" decoding=\"async\" width=\"1024\" height=\"683\" src=\"https:\/\/sanpsy.u-bordeaux.fr\/wp-content\/uploads\/sites\/28\/2026\/03\/sanpsy-2026-axe-addiction-1024x683.jpg\" alt=\"\" class=\"wp-image-1244\" srcset=\"https:\/\/sanpsy.u-bordeaux.fr\/wp-content\/uploads\/sites\/28\/2026\/03\/sanpsy-2026-axe-addiction-1024x683.jpg 1024w, https:\/\/sanpsy.u-bordeaux.fr\/wp-content\/uploads\/sites\/28\/2026\/03\/sanpsy-2026-axe-addiction-300x200.jpg 300w, https:\/\/sanpsy.u-bordeaux.fr\/wp-content\/uploads\/sites\/28\/2026\/03\/sanpsy-2026-axe-addiction-768x512.jpg 768w, https:\/\/sanpsy.u-bordeaux.fr\/wp-content\/uploads\/sites\/28\/2026\/03\/sanpsy-2026-axe-addiction-1536x1024.jpg 1536w, https:\/\/sanpsy.u-bordeaux.fr\/wp-content\/uploads\/sites\/28\/2026\/03\/sanpsy-2026-axe-addiction-2048x1365.jpg 2048w\" sizes=\"auto, (max-width: 1024px) 100vw, 1024px\" \/><\/figure>\n\n\n\n<p><br>Axe Addiction<br>mars 2026<\/p>\n<\/div>\n\n\n\n<p><strong>Projets<\/strong><br>&#8211;<br>&#8211;<br>&#8211;<\/p>\n","protected":false},"excerpt":{"rendered":"<p>Responsables d&rsquo;AxeFuschia SerreMarc Auriacombe Pr\u00e9sentationL&rsquo;Axe Addiction est localis\u00e9 sur le site du CH Charles Perrens \u00e0 Bordeaux (Service Addictologie, 1er [&hellip;]<\/p>\n","protected":false},"author":2,"featured_media":0,"parent":161,"menu_order":0,"comment_status":"closed","ping_status":"closed","template":"","meta":{"footnotes":""},"class_list":["post-1049","page","type-page","status-publish","hentry"],"_links":{"self":[{"href":"https:\/\/sanpsy.u-bordeaux.fr\/fr\/wp-json\/wp\/v2\/pages\/1049","targetHints":{"allow":["GET"]}}],"collection":[{"href":"https:\/\/sanpsy.u-bordeaux.fr\/fr\/wp-json\/wp\/v2\/pages"}],"about":[{"href":"https:\/\/sanpsy.u-bordeaux.fr\/fr\/wp-json\/wp\/v2\/types\/page"}],"author":[{"embeddable":true,"href":"https:\/\/sanpsy.u-bordeaux.fr\/fr\/wp-json\/wp\/v2\/users\/2"}],"replies":[{"embeddable":true,"href":"https:\/\/sanpsy.u-bordeaux.fr\/fr\/wp-json\/wp\/v2\/comments?post=1049"}],"version-history":[{"count":25,"href":"https:\/\/sanpsy.u-bordeaux.fr\/fr\/wp-json\/wp\/v2\/pages\/1049\/revisions"}],"predecessor-version":[{"id":1246,"href":"https:\/\/sanpsy.u-bordeaux.fr\/fr\/wp-json\/wp\/v2\/pages\/1049\/revisions\/1246"}],"up":[{"embeddable":true,"href":"https:\/\/sanpsy.u-bordeaux.fr\/fr\/wp-json\/wp\/v2\/pages\/161"}],"wp:attachment":[{"href":"https:\/\/sanpsy.u-bordeaux.fr\/fr\/wp-json\/wp\/v2\/media?parent=1049"}],"curies":[{"name":"wp","href":"https:\/\/api.w.org\/{rel}","templated":true}]}}