{"id":1048,"date":"2025-12-04T10:46:46","date_gmt":"2025-12-04T10:46:46","guid":{"rendered":"https:\/\/sanpsy-prod.onlinecreation.pro\/?page_id=1048"},"modified":"2026-03-05T11:06:24","modified_gmt":"2026-03-05T11:06:24","slug":"axe-sommeil","status":"publish","type":"page","link":"https:\/\/sanpsy.u-bordeaux.fr\/fr\/equipe\/axe-sommeil\/","title":{"rendered":"Axe \u00c9veil\/Sommeil"},"content":{"rendered":"\n<p><strong>Responsables d&rsquo;Axe<\/strong><br><a href=\"https:\/\/sanpsy-prod.onlinecreation.pro\/fr\/person\/80077-jacques-taillard\/\"><strong>Jacques Taillard<\/strong><\/a><br><a href=\"https:\/\/sanpsy-prod.onlinecreation.pro\/fr\/person\/80080-jean-arthur-micoulaud-franchi\/\"><strong>Jean-Arthur Micoulaud Franchi<\/strong><\/a><\/p>\n\n\n\n<p><strong>Pr\u00e9sentation<\/strong><\/p>\n\n\n\n<p>L\u2019axe veille-sommeil de l&rsquo;Unit\u00e9 SANPSY UMR CNRS 6033 (anciennement USR CNRS 3413) regroupe une \u00e9quipe multidisciplinaire d\u00e9di\u00e9e \u00e0 l&rsquo;\u00e9tude des m\u00e9canismes neurophysiologiques et comportementaux du sommeil et de la veille, ainsi que de leurs impacts sur la sant\u00e9 mentale, les performances cognitives et le fonctionnement dans la vie quotidienne (en particulier la conduite automobile). Les travaux de recherche de cet axe se concentrent sur l\u2019interaction complexe entre les rythmes physiologiques, les alt\u00e9rations du sommeil et les troubles psychiatriques. Ces recherches portent sur les effets des dysfonctionnements du sommeil dans des conditions vari\u00e9es, comme le trouble insomnie, les troubles hypersomnolences et les troubles du rythme circadien, ainsi que les liens entre sommeil et cognition (vigilance, processus attentionnels, fonctions ex\u00e9cutives, m\u00e9moire, etc.), notamment dans les populations \u00e0 risque comme les patients avec des troubles psychiatriques ou des troubles cognitifs (vieillissement, TDAH, etc.) ou soumis \u00e0 des contraintes environnementales de rythmes impos\u00e9s. Gr\u00e2ce \u00e0 une approche \u00e0 la fois fondamentale et clinique, l\u2019\u00e9quipe explore l&rsquo;efficacit\u00e9 d&rsquo;interventions th\u00e9rapeutiques visant \u00e0 am\u00e9liorer la qualit\u00e9 du sommeil et des rythmes, et ainsi, le fonctionnement et la qualit\u00e9 de vie des personnes.<\/p>\n\n\n\n<div class=\"wp-block-group is-nowrap is-layout-flex wp-container-core-group-is-layout-1 wp-block-group-is-layout-flex\">\n<figure class=\"wp-block-image size-large\"><img loading=\"lazy\" decoding=\"async\" width=\"1024\" height=\"683\" src=\"https:\/\/sanpsy.u-bordeaux.fr\/wp-content\/uploads\/sites\/28\/2026\/03\/sanpsy-2026-axe-eveilsommeil-1024x683.jpg\" alt=\"\" class=\"wp-image-1241\" srcset=\"https:\/\/sanpsy.u-bordeaux.fr\/wp-content\/uploads\/sites\/28\/2026\/03\/sanpsy-2026-axe-eveilsommeil-1024x683.jpg 1024w, https:\/\/sanpsy.u-bordeaux.fr\/wp-content\/uploads\/sites\/28\/2026\/03\/sanpsy-2026-axe-eveilsommeil-300x200.jpg 300w, https:\/\/sanpsy.u-bordeaux.fr\/wp-content\/uploads\/sites\/28\/2026\/03\/sanpsy-2026-axe-eveilsommeil-768x512.jpg 768w, https:\/\/sanpsy.u-bordeaux.fr\/wp-content\/uploads\/sites\/28\/2026\/03\/sanpsy-2026-axe-eveilsommeil-1536x1024.jpg 1536w, https:\/\/sanpsy.u-bordeaux.fr\/wp-content\/uploads\/sites\/28\/2026\/03\/sanpsy-2026-axe-eveilsommeil-2048x1365.jpg 2048w\" sizes=\"auto, (max-width: 1024px) 100vw, 1024px\" \/><\/figure>\n\n\n\n<p>Axe Eveil\/Sommeil mars 2026<\/p>\n<\/div>\n\n\n\n<p><strong>Projets<\/strong><br>&#8211;<br>&#8211;<br>&#8211;<br><\/p>\n\n\n\n<p><\/p>\n","protected":false},"excerpt":{"rendered":"<p>Responsables d&rsquo;AxeJacques TaillardJean-Arthur Micoulaud Franchi Pr\u00e9sentation L\u2019axe veille-sommeil de l&rsquo;Unit\u00e9 SANPSY UMR CNRS 6033 (anciennement USR CNRS 3413) regroupe une [&hellip;]<\/p>\n","protected":false},"author":2,"featured_media":0,"parent":161,"menu_order":0,"comment_status":"closed","ping_status":"closed","template":"","meta":{"footnotes":""},"class_list":["post-1048","page","type-page","status-publish","hentry"],"_links":{"self":[{"href":"https:\/\/sanpsy.u-bordeaux.fr\/fr\/wp-json\/wp\/v2\/pages\/1048","targetHints":{"allow":["GET"]}}],"collection":[{"href":"https:\/\/sanpsy.u-bordeaux.fr\/fr\/wp-json\/wp\/v2\/pages"}],"about":[{"href":"https:\/\/sanpsy.u-bordeaux.fr\/fr\/wp-json\/wp\/v2\/types\/page"}],"author":[{"embeddable":true,"href":"https:\/\/sanpsy.u-bordeaux.fr\/fr\/wp-json\/wp\/v2\/users\/2"}],"replies":[{"embeddable":true,"href":"https:\/\/sanpsy.u-bordeaux.fr\/fr\/wp-json\/wp\/v2\/comments?post=1048"}],"version-history":[{"count":13,"href":"https:\/\/sanpsy.u-bordeaux.fr\/fr\/wp-json\/wp\/v2\/pages\/1048\/revisions"}],"predecessor-version":[{"id":1243,"href":"https:\/\/sanpsy.u-bordeaux.fr\/fr\/wp-json\/wp\/v2\/pages\/1048\/revisions\/1243"}],"up":[{"embeddable":true,"href":"https:\/\/sanpsy.u-bordeaux.fr\/fr\/wp-json\/wp\/v2\/pages\/161"}],"wp:attachment":[{"href":"https:\/\/sanpsy.u-bordeaux.fr\/fr\/wp-json\/wp\/v2\/media?parent=1048"}],"curies":[{"name":"wp","href":"https:\/\/api.w.org\/{rel}","templated":true}]}}