{"id":3,"date":"2025-02-26T13:15:24","date_gmt":"2025-02-26T13:15:24","guid":{"rendered":"https:\/\/sanpsy-prod.onlinecreation.pro\/en\/home\/"},"modified":"2025-02-27T15:41:48","modified_gmt":"2025-02-27T15:41:48","slug":"home","status":"publish","type":"page","link":"https:\/\/sanpsy.u-bordeaux.fr\/en\/","title":{"rendered":"Home"},"content":{"rendered":"<div class=\"n2_clear\"><ss3-force-full-width data-overflow-x=\"body\" data-horizontal-selector=\"body\"><div class=\"n2-section-smartslider fitvidsignore  n2_clear\" data-ssid=\"2\" tabindex=\"0\" role=\"region\" aria-label=\"Slider\"><div id=\"n2-ss-2-align\" class=\"n2-ss-align\"><div class=\"n2-padding\"><div id=\"n2-ss-2\" data-creator=\"Smart Slider 3\" data-responsive=\"fullwidth\" class=\"n2-ss-slider n2-ow n2-has-hover n2notransition  \"><div class=\"n2-ss-slider-wrapper-inside\">\n        <div class=\"n2-ss-slider-1 n2_ss__touch_element n2-ow\">\n            <div class=\"n2-ss-slider-2 n2-ow\">\n                                                <div class=\"n2-ss-slider-3 n2-ow\">\n\n                    <div class=\"n2-ss-slide-backgrounds n2-ow-all\"><div class=\"n2-ss-slide-background\" data-public-id=\"1\" data-mode=\"fill\"><div class=\"n2-ss-slide-background-image\" data-blur=\"0\" data-opacity=\"100\" data-x=\"50\" data-y=\"50\" data-alt=\"\" data-title=\"\"><picture class=\"skip-lazy\" data-skip-lazy=\"1\"><img decoding=\"async\" src=\"https:\/\/cdn-buni.onlc.eu\/wp-content\/uploads\/sites\/28\/2026\/01\/kanopee-bandeau2.jpg\" alt=\"\" title=\"\" loading=\"lazy\" class=\"skip-lazy\" data-skip-lazy=\"1\"><\/picture><\/div><div data-color=\"RGBA(255,255,255,0)\" style=\"background-color: RGBA(255,255,255,0);\" class=\"n2-ss-slide-background-color\"><\/div><\/div><div class=\"n2-ss-slide-background\" data-public-id=\"2\" data-mode=\"fill\" aria-hidden=\"true\"><div class=\"n2-ss-slide-background-image\" data-blur=\"0\" data-opacity=\"100\" data-x=\"50\" data-y=\"50\" data-alt=\"\" data-title=\"\"><picture class=\"skip-lazy\" data-skip-lazy=\"1\"><img decoding=\"async\" src=\"\/\/sanpsy.u-bordeaux.fr\/wp-content\/uploads\/sites\/28\/2025\/07\/bandeau-sanpsy-etude.jpg\" alt=\"\" title=\"\" loading=\"lazy\" class=\"skip-lazy\" data-skip-lazy=\"1\"><\/picture><\/div><div data-color=\"RGBA(255,255,255,0)\" style=\"background-color: RGBA(255,255,255,0);\" class=\"n2-ss-slide-background-color\"><\/div><\/div><\/div>                    <div class=\"n2-ss-slider-4 n2-ow\">\n                        <svg xmlns=\"http:\/\/www.w3.org\/2000\/svg\" viewBox=\"0 0 1920 480\" data-related-device=\"desktopPortrait\" class=\"n2-ow n2-ss-preserve-size n2-ss-preserve-size--slider n2-ss-slide-limiter\"><\/svg><div data-first=\"1\" data-slide-duration=\"0\" data-id=\"5\" data-slide-public-id=\"1\" data-title=\"sanpsy-bandeau-kanopee\" data-haslink=\"1\" data-href=\"..\/fr\/ressources\/kanopee\/\" tabindex=\"0\" role=\"button\" data-n2click=\"url\" data-force-pointer=\"\" class=\"n2-ss-slide n2-ow  n2-ss-slide-5\"><div role=\"note\" class=\"n2-ss-slide--focus\">sanpsy-bandeau-kanopee<\/div><div class=\"n2-ss-layers-container n2-ss-slide-limiter n2-ow\"><div class=\"n2-ss-layer n2-ow n-uc-tbB6KpBdJp9Z\" data-sstype=\"slide\" data-pm=\"default\"><\/div><\/div><\/div><div data-slide-duration=\"0\" data-id=\"6\" data-slide-public-id=\"2\" aria-hidden=\"true\" data-title=\"bandeau-sanpsy-etude\" data-haslink=\"1\" data-href=\"https:\/\/sanpsy-prod.onlinecreation.pro\/fr\/a-propos-de-sanpsy\/participez-a-une-etude\/\" tabindex=\"0\" role=\"button\" data-n2click=\"url\" data-force-pointer=\"\" class=\"n2-ss-slide n2-ow  n2-ss-slide-6\"><div role=\"note\" class=\"n2-ss-slide--focus\">bandeau-sanpsy-etude<\/div><div class=\"n2-ss-layers-container n2-ss-slide-limiter n2-ow\"><div class=\"n2-ss-layer n2-ow n-uc-f8Ctss6So88V\" data-sstype=\"slide\" data-pm=\"default\"><\/div><\/div><\/div>                    <\/div>\n\n                                    <\/div>\n            <\/div>\n        <\/div>\n        <div class=\"n2-ss-slider-controls n2-ss-slider-controls-absolute-left-center\"><div style=\"--widget-offset:15px;\" class=\"n2-ss-widget nextend-arrow n2-ow-all nextend-arrow-previous  nextend-arrow-animated-fade\" data-hide-mobileportrait=\"1\" id=\"n2-ss-2-arrow-previous\" role=\"button\" aria-label=\"previous arrow\" tabindex=\"0\"><img loading=\"lazy\" decoding=\"async\" width=\"32\" height=\"32\" class=\"skip-lazy\" data-skip-lazy=\"1\" src=\"data:image\/svg+xml;base64,PHN2ZyB3aWR0aD0iMzIiIGhlaWdodD0iMzIiIHZpZXdCb3g9IjAgMCAzMiAzMiIgeG1sbnM9Imh0dHA6Ly93d3cudzMub3JnLzIwMDAvc3ZnIj4KICAgIDxwYXRoIGQ9Ik0xMS40MzMgMTUuOTkyTDIyLjY5IDUuNzEyYy4zOTMtLjM5LjM5My0xLjAzIDAtMS40Mi0uMzkzLS4zOS0xLjAzLS4zOS0xLjQyMyAwbC0xMS45OCAxMC45NGMtLjIxLjIxLS4zLjQ5LS4yODUuNzYtLjAxNS4yOC4wNzUuNTYuMjg0Ljc3bDExLjk4IDEwLjk0Yy4zOTMuMzkgMS4wMy4zOSAxLjQyNCAwIC4zOTMtLjQuMzkzLTEuMDMgMC0xLjQybC0xMS4yNTctMTAuMjkiCiAgICAgICAgICBmaWxsPSIjZmZmZmZmIiBvcGFjaXR5PSIwLjgiIGZpbGwtcnVsZT0iZXZlbm9kZCIvPgo8L3N2Zz4=\" alt=\"previous arrow\"><\/div><\/div><div class=\"n2-ss-slider-controls n2-ss-slider-controls-absolute-right-center\"><div style=\"--widget-offset:15px;\" class=\"n2-ss-widget nextend-arrow n2-ow-all nextend-arrow-next  nextend-arrow-animated-fade\" data-hide-mobileportrait=\"1\" id=\"n2-ss-2-arrow-next\" role=\"button\" aria-label=\"next arrow\" tabindex=\"0\"><img loading=\"lazy\" decoding=\"async\" width=\"32\" height=\"32\" class=\"skip-lazy\" data-skip-lazy=\"1\" src=\"data:image\/svg+xml;base64,PHN2ZyB3aWR0aD0iMzIiIGhlaWdodD0iMzIiIHZpZXdCb3g9IjAgMCAzMiAzMiIgeG1sbnM9Imh0dHA6Ly93d3cudzMub3JnLzIwMDAvc3ZnIj4KICAgIDxwYXRoIGQ9Ik0xMC43MjIgNC4yOTNjLS4zOTQtLjM5LTEuMDMyLS4zOS0xLjQyNyAwLS4zOTMuMzktLjM5MyAxLjAzIDAgMS40MmwxMS4yODMgMTAuMjgtMTEuMjgzIDEwLjI5Yy0uMzkzLjM5LS4zOTMgMS4wMiAwIDEuNDIuMzk1LjM5IDEuMDMzLjM5IDEuNDI3IDBsMTIuMDA3LTEwLjk0Yy4yMS0uMjEuMy0uNDkuMjg0LS43Ny4wMTQtLjI3LS4wNzYtLjU1LS4yODYtLjc2TDEwLjcyIDQuMjkzeiIKICAgICAgICAgIGZpbGw9IiNmZmZmZmYiIG9wYWNpdHk9IjAuOCIgZmlsbC1ydWxlPSJldmVub2RkIi8+Cjwvc3ZnPg==\" alt=\"next arrow\"><\/div><\/div><\/div><\/div><ss3-loader><\/ss3-loader><\/div><\/div><div class=\"n2_clear\"><\/div><\/div><\/ss3-force-full-width><\/div>\n\n\n<div style=\"height:60px\" aria-hidden=\"true\" class=\"wp-block-spacer\"><\/div>\n\n\n\n<div class=\"wp-block-group soft-separator\"><div class=\"wp-block-group__inner-container is-layout-constrained wp-block-group-is-layout-constrained\">\n<div class=\"wp-block-group container-xxl\"><div class=\"wp-block-group__inner-container is-layout-constrained wp-block-group-is-layout-constrained\">\n<div class=\"wp-block-columns is-layout-flex wp-container-core-columns-is-layout-1 wp-block-columns-is-layout-flex\">\n<div class=\"wp-block-column px-3 is-layout-flow wp-block-column-is-layout-flow\" style=\"flex-basis:100%\">\n<h3 class=\"wp-block-heading text-primary\">Our project<\/h3>\n\n\n\n<p>The SANPSY unit, established in 2011 at CHU Pellegrin, focuses on sleep, addiction, and neuropsychiatric disorders. Led by Marc Auriacombe, it has 27 members and advanced facilities, including a sleep lab and virtual reality equipment, to study the effects of sleep deprivation and fatigue on cognition and accident risks. <\/p>\n\n\n\n<p>The unit collaborates with CHS Charles Perrens and recently integrated the CHU Bordeaux sleep clinic, enhancing its research capabilities. Its primary goals are to understand the determinants of somnolence and attention disorders, and the links between sleep issues and psychiatric conditions like addiction and depression.<\/p>\n<\/div>\n\n\n\n<div class=\"wp-block-column px-3 is-layout-flow wp-block-column-is-layout-flow\" style=\"flex-basis:100%\">\n<h3 class=\"wp-block-heading text-primary\">News<\/h3>\n\n\n<div class=\"buni-news\"><div class=\"row mb-3\"><div class=\"col-12 pe-0\"><a href=\"https:\/\/sanpsy.u-bordeaux.fr\/en\/2026\/04\/09\/ingenieur-de-recherche-en-analyse-de-donnees-f-h\/\"><div class=\"ratio ratio-3x2 news-img\"><img loading=\"lazy\" decoding=\"async\" width=\"180\" height=\"120\" src=\"https:\/\/sanpsy.u-bordeaux.fr\/wp-content\/plugins\/buni-news\/empty.svg\" data-src=\"aHR0cHM6Ly9jZG4tbmV1cm9jYW1wdXMub25sYy5ldS93cC1jb250ZW50L3VwbG9hZHMvMjAyMi8xMi9lbXBsb2ktdmlnbmV0dGUtc2FucHN5LmpwZw==\" onload=\"this.src=atob(this.dataset.src);this.dataset.src='';this.onload='';\" class=\"img-fluid wp-post-image\" alt=\"\" \/><\/div><a href=\"https:\/\/sanpsy.u-bordeaux.fr\/en\/2026\/04\/09\/ingenieur-de-recherche-en-analyse-de-donnees-f-h\/\" class=\"text-body\"><strong>Ing\u00e9nieur de recherche en analyse de donn\u00e9es F\/H<\/strong><br>Equipe Addiction du laboratoire Sanpsy<\/a><\/div><\/div><div class=\"row mb-3\"><div class=\"col-12 pe-0\"><a href=\"https:\/\/sanpsy.u-bordeaux.fr\/en\/2025\/07\/25\/interview-florian-pecune\/\"><div class=\"ratio ratio-3x2 news-img\"><img loading=\"lazy\" decoding=\"async\" width=\"180\" height=\"120\" src=\"https:\/\/sanpsy.u-bordeaux.fr\/wp-content\/plugins\/buni-news\/empty.svg\" data-src=\"aHR0cHM6Ly93d3cuYm9yZGVhdXgtbmV1cm9jYW1wdXMuZnIvd3AtY29udGVudC91cGxvYWRzLzIwMjMvMDcvRmxvcmlhbl9QZWN1bmVfdGh1bWJuYWlsLmpwZw==\" onload=\"this.src=atob(this.dataset.src);this.dataset.src='';this.onload='';\" class=\"img-fluid wp-post-image\" alt=\"\" \/><\/div><a href=\"https:\/\/sanpsy.u-bordeaux.fr\/en\/2025\/07\/25\/interview-florian-pecune\/\" class=\"text-body\"><strong>Interview: Florian P\u00e9cune<\/strong><br>Specializing in human-machine interactions and conversational agents, his work lies at the intersection of computer science and healthcare.<\/a><\/div><\/div><div class=\"row mb-3\"><div class=\"col-12 pe-0\"><a href=\"https:\/\/sanpsy.u-bordeaux.fr\/en\/2025\/07\/25\/interview-fuschia-serre\/\"><div class=\"ratio ratio-3x2 news-img\"><img loading=\"lazy\" decoding=\"async\" width=\"180\" height=\"120\" src=\"https:\/\/sanpsy.u-bordeaux.fr\/wp-content\/plugins\/buni-news\/empty.svg\" data-src=\"aHR0cHM6Ly93d3cuYm9yZGVhdXgtbmV1cm9jYW1wdXMuZnIvd3AtY29udGVudC91cGxvYWRzLzIwMjMvMTIvc2VycmUtZnVzY2hpYS1EU0NfMjg2OC12aWduLmpwZw==\" onload=\"this.src=atob(this.dataset.src);this.dataset.src='';this.onload='';\" class=\"img-fluid wp-post-image\" alt=\"\" \/><\/div><a href=\"https:\/\/sanpsy.u-bordeaux.fr\/en\/2025\/07\/25\/interview-fuschia-serre\/\" class=\"text-body\"><strong>Interview: Fuschia Serre<\/strong><br>Researcher at SANPSY. She has been studying addiction in humans since 2008.<\/a><\/div><\/div><div class=\"row mb-3\"><div class=\"col-12 pe-0\"><a href=\"https:\/\/sanpsy.u-bordeaux.fr\/en\/2025\/02\/27\/herve-alia-ingenieur-de-traitement-du-signal\/\"><div class=\"ratio ratio-3x2 news-img\"><img loading=\"lazy\" decoding=\"async\" width=\"180\" height=\"120\" src=\"https:\/\/sanpsy.u-bordeaux.fr\/wp-content\/uploads\/sites\/28\/2025\/02\/alia-herve-vign-300x200.jpg\" class=\"img-fluid wp-post-image\" alt=\"\" srcset=\"https:\/\/sanpsy.u-bordeaux.fr\/wp-content\/uploads\/sites\/28\/2025\/02\/alia-herve-vign-300x200.jpg 300w, https:\/\/sanpsy.u-bordeaux.fr\/wp-content\/uploads\/sites\/28\/2025\/02\/alia-herve-vign.jpg 720w\" sizes=\"auto, (max-width: 180px) 100vw, 180px\" \/><\/div><a href=\"https:\/\/sanpsy.u-bordeaux.fr\/en\/category\/whats-new\/\" class=\"text-primary\">What&#039;s new?<\/a><br><a href=\"https:\/\/sanpsy.u-bordeaux.fr\/en\/2025\/02\/27\/herve-alia-ingenieur-de-traitement-du-signal\/\" class=\"text-body\"><strong>Herv\u00e9 Alia, ing\u00e9nieur de traitement du signal<\/strong><br>L\u2019ensemble des \u00e9quipes de Bordeaux Neurocampus peut b\u00e9n\u00e9ficier de son expertise.<\/a><\/div><\/div><\/div>\n\n\n<div class=\"wp-block-buttons is-content-justification-right is-layout-flex wp-container-core-buttons-is-layout-1 wp-block-buttons-is-layout-flex\">\n<div class=\"wp-block-button\"><a class=\"wp-block-button__link wp-element-button\" href=\"https:\/\/sanpsy.u-bordeaux.fr\/en\/news\/\">All our news<\/a><\/div>\n<\/div>\n<\/div>\n\n\n\n<div class=\"wp-block-column px-3 is-layout-flow wp-block-column-is-layout-flow\" style=\"flex-basis:100%\">\n<h3 class=\"wp-block-heading text-primary\">Events<\/h3>\n\n\n<div class=\"buni-news\"><div class=\"row mb-3\"><div class=\"col-12\"><a href=\"https:\/\/sanpsy.u-bordeaux.fr\/en\/events\/friday-seminar-francesca-conte\/\" class=\"text-body\"><div class=\"ratio ratio-3x2 event-svg\">\n            <svg xmlns=\"http:\/\/www.w3.org\/2000\/svg\" version=\"1.1\" viewBox=\"0 0 720 480\">\n                <rect x=\"0\" y=\"0\" width=\"720\" height=\"480\" style=\"fill:#f5f5f5;\"><\/rect>\n                <text x=\"360\" y=\"100\" style=\"text-anchor: middle; font-family: 'Titillium Web', Lato, sans-serif; font-size: 80px; fill: #7A7A7A; font-weight: 300;\">Friday<\/text>\n                <text x=\"360\" y=\"269\" style=\"text-anchor: middle; font-family: 'Titillium Web', Lato, sans-serif; font-size: 95px; fill: #a66517; font-weight: 700;\">29th May<\/text>\n                <text x=\"360\" y=\"436\" style=\"text-anchor: middle; font-family: 'Titillium Web', Lato, sans-serif; font-size: 95px; fill: #a66517; font-weight: 300;\">11:30<\/text>\n            <\/svg>\n            <\/div><strong>Friday seminar &#8211; Francesca Conte<\/strong><br>Relationships between sleep and daytime activities: cognition, napping and videogames \/\/ Venue: Centre Broca<\/a><\/div><\/div><\/div>\n\n\n<div class=\"wp-block-buttons is-content-justification-right is-layout-flex wp-container-core-buttons-is-layout-2 wp-block-buttons-is-layout-flex\">\n<div class=\"wp-block-button\"><a class=\"wp-block-button__link wp-element-button\" href=\"https:\/\/sanpsy.u-bordeaux.fr\/en\/events\/\">All our events<\/a><\/div>\n<\/div>\n<\/div>\n<\/div>\n<\/div><\/div>\n\n\n\n<div style=\"height:60px\" aria-hidden=\"true\" class=\"wp-block-spacer\"><\/div>\n<\/div><\/div>\n\n\n\n<div class=\"wp-block-group container-xxl\"><div class=\"wp-block-group__inner-container is-layout-constrained wp-block-group-is-layout-constrained\">\n<div style=\"height:60px\" aria-hidden=\"true\" class=\"wp-block-spacer\"><\/div>\n\n\n\n<div class=\"wp-block-columns is-layout-flex wp-container-core-columns-is-layout-4 wp-block-columns-is-layout-flex\">\n<div class=\"wp-block-column px-3 is-layout-flow wp-block-column-is-layout-flow\">\n<h3 class=\"wp-block-heading text-primary\">Latest scientific publications<\/h3>\n\n\n<p data-date=\"01775001600\"><p>\n                <a class=\"text-body\" href=\"https:\/\/doi.org\/10.1016\/j.gerinurse.2026.103855\" title=\"Transcultural adaptation of a French version the quality of life in late-stage dementia (QUALID) scale for older adults with severe cognitive impairment: A preliminary study and research perspectives.\" target=\"_blank\">\n                    <strong><em>Transcultural adaptation of a French version the quality of life in late-stage dementia (QUALID) scale for older adults with severe cognitive impairment: A preliminary study and research perspectives.<\/em><\/strong><br\/>\n                    <span class=\"infosPub\">\n                        <strong class=\"author-sanpsy\">Alex Chanteclair<\/strong>, Claire Corbineau, Chlo\u00e9 Etchegoyen, Romain Fossaert, <strong class=\"author-sanpsy\">Julien Coelho<\/strong>, Claire Roubaud-Baudron, Sophie Lloyd<br\/>\n                        <em>Geriatric Nursing<\/em>. \n                        2026-04-01\n                    <\/span>\n                    <br\/>10.1016\/j.gerinurse.2026.103855\n                <\/a>\n            <\/p><\/p><p data-date=\"01775001600\"><p>\n                <a class=\"text-body\" href=\"https:\/\/doi.org\/10.1016\/j.encep.2026.03.001\" title=\"Screening tools for sleep disorders in patients with psychiatric disorders\" target=\"_blank\">\n                    <strong><em>Screening tools for sleep disorders in patients with psychiatric disorders<\/em><\/strong><br\/>\n                    <span class=\"infosPub\">\n                        <strong class=\"author-sanpsy\">Julien Coelho, Vincent P. Martin<\/strong>, Alexandre Richaud, Cl\u00e9lia Quiles, <strong class=\"author-sanpsy\">Pierre Philip, Jean-Arthur Micoulaud-Franchi<\/strong><br\/>\n                        <em>L&#8217;Enc\u00e9phale<\/em>. \n                        2026-04-01\n                    <\/span>\n                    <br\/>10.1016\/j.encep.2026.03.001\n                <\/a>\n            <\/p><\/p><p data-date=\"01775001600\"><p>\n                <a class=\"text-body\" href=\"https:\/\/doi.org\/10.1016\/j.encep.2026.02.005\" title=\"Sleep and schizophrenia spectrum\" target=\"_blank\">\n                    <strong><em>Sleep and schizophrenia spectrum<\/em><\/strong><br\/>\n                    <span class=\"infosPub\">\n                        <strong class=\"author-sanpsy\">Christophe Gauld<\/strong>, Cyril Hanin<br\/>\n                        <em>L&#8217;Enc\u00e9phale<\/em>. \n                        2026-04-01\n                    <\/span>\n                    <br\/>10.1016\/j.encep.2026.02.005\n                <\/a>\n            <\/p><\/p>\n\n\n<div class=\"wp-block-buttons is-content-justification-right is-layout-flex wp-container-core-buttons-is-layout-3 wp-block-buttons-is-layout-flex\">\n<div class=\"wp-block-button\"><a class=\"wp-block-button__link wp-element-button\" href=\"https:\/\/sanpsy.u-bordeaux.fr\/en\/articles\/\"><bdo lang=\"en\" dir=\"ltr\">All our scientific publications<\/bdo><\/a><\/div>\n<\/div>\n<\/div>\n\n\n\n<div class=\"wp-block-column px-3 is-layout-flow wp-block-column-is-layout-flow\">\n<h3 class=\"wp-block-heading text-primary\">Go further<\/h3>\n\n\n\n<div class=\"wp-block-columns row-tablet is-layout-flex wp-container-core-columns-is-layout-2 wp-block-columns-is-layout-flex\">\n<div class=\"wp-block-column is-layout-flow wp-block-column-is-layout-flow\">\n<p class=\"has-text-align-center\"><a class=\"go-further-button\" href=\"https:\/\/sanpsy.u-bordeaux.fr\/en\/what-is-it\/\"><i class=\"fat fa-brain fa-3x py-xl-3\"><\/i><strong>About<br>Sanpsy<\/strong><\/a><\/p>\n<\/div>\n\n\n\n<div class=\"wp-block-column is-layout-flow wp-block-column-is-layout-flow\">\n<p class=\"has-text-align-center\"><a class=\"go-further-button\" href=\"https:\/\/sanpsy.u-bordeaux.fr\/en\/contact\/\"><i class=\"fat fa-envelope fa-3x py-xl-3\"><\/i><strong>Contact <br>us<\/strong><\/a><\/p>\n<\/div>\n\n\n\n<div class=\"wp-block-column is-layout-flow wp-block-column-is-layout-flow\">\n<p class=\"has-text-align-center\"><a class=\"go-further-button\" href=\"https:\/\/sanpsy.u-bordeaux.fr\/en\/troubleshooting\/\"><i class=\"fat fa-bug fa-3x py-xl-3\"><\/i><strong>Report an<br> anomaly<\/strong><\/a><\/p>\n<\/div>\n<\/div>\n\n\n\n<div class=\"wp-block-columns row-tablet is-layout-flex wp-container-core-columns-is-layout-3 wp-block-columns-is-layout-flex\">\n<div class=\"wp-block-column is-layout-flow wp-block-column-is-layout-flow\">\n<p class=\"has-text-align-center\"><a class=\"go-further-button\" href=\"https:\/\/www.bordeaux-neurocampus.fr\"><i class=\"fat fa-newspaper fa-3x py-xl-3\"><\/i><strong>Neurosciences <br>in Bordeaux<\/strong><\/a><\/p>\n<\/div>\n\n\n\n<div class=\"wp-block-column is-layout-flow wp-block-column-is-layout-flow\">\n<p class=\"has-text-align-center\"><a class=\"go-further-button\" href=\"https:\/\/webmel.u-bordeaux.fr\" target=\"_blank\" rel=\"noopener\"><i class=\"fat fa-mailbox-flag-up fa-3x py-xl-3\"><\/i><strong>Webmel <br>UB<\/strong><\/a><\/p>\n<\/div>\n\n\n\n<div class=\"wp-block-column is-layout-flow wp-block-column-is-layout-flow\">\n<p class=\"has-text-align-center\"><a class=\"go-further-button\" href=\"https:\/\/ubcloud.u-bordeaux.fr\/\" target=\"_blank\" rel=\"nofollow noopener\"><i class=\"fat fa-cloud fa-3x py-xl-3\"><\/i><strong>ENT<br>UBCloud<\/strong><\/a><\/p>\n<\/div>\n<\/div>\n<\/div>\n<\/div>\n<\/div><\/div>\n\n\n\n<div style=\"height:60px\" aria-hidden=\"true\" class=\"wp-block-spacer\"><\/div>\n\n\n\n<p><\/p>\n","protected":false},"excerpt":{"rendered":"<p>Our project The SANPSY unit, established in 2011 at CHU Pellegrin, focuses on sleep, addiction, and neuropsychiatric disorders. Led by [&hellip;]<\/p>\n","protected":false},"author":1,"featured_media":0,"parent":0,"menu_order":0,"comment_status":"closed","ping_status":"closed","template":"template-fullwidth.php","meta":{"footnotes":""},"class_list":["post-3","page","type-page","status-publish","hentry"],"_links":{"self":[{"href":"https:\/\/sanpsy.u-bordeaux.fr\/en\/wp-json\/wp\/v2\/pages\/3","targetHints":{"allow":["GET"]}}],"collection":[{"href":"https:\/\/sanpsy.u-bordeaux.fr\/en\/wp-json\/wp\/v2\/pages"}],"about":[{"href":"https:\/\/sanpsy.u-bordeaux.fr\/en\/wp-json\/wp\/v2\/types\/page"}],"author":[{"embeddable":true,"href":"https:\/\/sanpsy.u-bordeaux.fr\/en\/wp-json\/wp\/v2\/users\/1"}],"replies":[{"embeddable":true,"href":"https:\/\/sanpsy.u-bordeaux.fr\/en\/wp-json\/wp\/v2\/comments?post=3"}],"version-history":[{"count":6,"href":"https:\/\/sanpsy.u-bordeaux.fr\/en\/wp-json\/wp\/v2\/pages\/3\/revisions"}],"predecessor-version":[{"id":72,"href":"https:\/\/sanpsy.u-bordeaux.fr\/en\/wp-json\/wp\/v2\/pages\/3\/revisions\/72"}],"wp:attachment":[{"href":"https:\/\/sanpsy.u-bordeaux.fr\/en\/wp-json\/wp\/v2\/media?parent=3"}],"curies":[{"name":"wp","href":"https:\/\/api.w.org\/{rel}","templated":true}]}}